{"id":114,"date":"2022-01-07T15:26:18","date_gmt":"2022-01-07T14:26:18","guid":{"rendered":"http:\/\/hautesalpes-athletisme.fr\/?page_id=114"},"modified":"2025-09-18T10:14:25","modified_gmt":"2025-09-18T08:14:25","slug":"records","status":"publish","type":"page","link":"https:\/\/hautesalpes-athletisme.fr\/?page_id=114","title":{"rendered":"RECORDS"},"content":{"rendered":"\n<h2 class=\"wp-block-heading\"><strong>Tous les records d\u00e9partementaux<\/strong> :<\/h2>\n\n\n\n<p>Ils sont mis \u00e0 jour sur le site de la FFA : <a href=\"https:\/\/bases.athle.fr\/asp.net\/liste.aspx?frmpostback=true&amp;frmbase=records&amp;frmmode=1&amp;frmespace=0&amp;frmexploitation=actuel&amp;frmtype=&amp;frmsoustype=&amp;frmfamille=&amp;frmepreuve=&amp;frmannee=&amp;frmcategorie=&amp;frmsouscategorie=&amp;frmsexe=&amp;frmniveau=&amp;frmligue=&amp;frmdepartement=005&amp;frmclub=&amp;frmposition=0\"><strong>Records<\/strong><\/a><\/p>\n\n\n\n<p>Le tableau r\u00e9capitulatif de tous les records d\u00e9partementaux, pour toutes les cat\u00e9gories seront accessibles sur cette page.<\/p>\n\n\n\n<p>Pour l&rsquo;exemple : <strong>2001<\/strong><\/p>\n\n\n\n<div data-wp-interactive=\"core\/file\" class=\"wp-block-file\"><object data-wp-bind--hidden=\"!state.hasPdfPreview\" hidden class=\"wp-block-file__embed\" data=\"https:\/\/hautesalpes-athletisme.fr\/wp-content\/uploads\/2022\/01\/Records_departementaux_2001.pdf\" type=\"application\/pdf\" style=\"width:100%;height:200px\" aria-label=\"Contenu embarqu\u00e9 Records d\u00e9partementaux 2001.\"><\/object><a id=\"wp-block-file--media-65a95c5d-6394-4600-b7e8-baf9dc00c10b\" href=\"https:\/\/hautesalpes-athletisme.fr\/wp-content\/uploads\/2022\/01\/Records_departementaux_2001.pdf\">Records d\u00e9partementaux 2001<\/a><a href=\"https:\/\/hautesalpes-athletisme.fr\/wp-content\/uploads\/2022\/01\/Records_departementaux_2001.pdf\" class=\"wp-block-file__button wp-element-button\" download aria-describedby=\"wp-block-file--media-65a95c5d-6394-4600-b7e8-baf9dc00c10b\">T\u00e9l\u00e9charger<\/a><\/div>\n\n\n\n<h2 class=\"wp-block-heading\"><strong>MERCI Liliane<\/strong> !<\/h2>\n\n\n\n<p>&#8230; <strong>2022<\/strong> :<\/p>\n\n\n\n<div data-wp-interactive=\"core\/file\" class=\"wp-block-file\"><object data-wp-bind--hidden=\"!state.hasPdfPreview\" hidden class=\"wp-block-file__embed\" data=\"https:\/\/hautesalpes-athletisme.fr\/wp-content\/uploads\/2022\/03\/Records-Depart_2022.pdf\" type=\"application\/pdf\" style=\"width:100%;height:200px\" aria-label=\"Contenu embarqu\u00e9 Records d\u00e9partementaux 2022.\"><\/object><a id=\"wp-block-file--media-b4d671a1-35df-4586-abc2-b0884b08856b\" href=\"https:\/\/hautesalpes-athletisme.fr\/wp-content\/uploads\/2022\/03\/Records-Depart_2022.pdf\">Records d\u00e9partementaux 2022<\/a><a href=\"https:\/\/hautesalpes-athletisme.fr\/wp-content\/uploads\/2022\/03\/Records-Depart_2022.pdf\" class=\"wp-block-file__button wp-element-button\" download aria-describedby=\"wp-block-file--media-b4d671a1-35df-4586-abc2-b0884b08856b\">T\u00e9l\u00e9charger<\/a><\/div>\n\n\n\n<p>Seront compl\u00e9t\u00e9s et corrig\u00e9s au fur et \u00e0 mesure de l&rsquo;historique des performances.<\/p>\n\n\n\n<p>En<strong> 2025<\/strong>, une nouvelle version s&rsquo;affichera ici avec les corrections apport\u00e9es par <strong>Laurence MONDON<\/strong>, charg\u00e9e de suivre l&rsquo;\u00e9volution de ces records :<\/p>\n\n\n\n<p><strong>Marathon<\/strong>-2h21&rsquo;28\u00a0\u00bb- <strong>BLANC J\u00e9rome<\/strong>-GH2A- 1\/12\/24 \u00e0 Valence (Espagne)<\/p>\n\n\n\n<p>en espoirs, mais a battu le record senior<\/p>\n\n\n\n<p><strong>5000m<\/strong>-17&rsquo;01\u00a0\u00bb31-<strong>CLEMENT N\u00e9lie<\/strong>-GH2A-19\/7\/24 \u00e0 Albi<\/p>\n\n\n\n<p><strong>10km route<\/strong>-34&rsquo;57\u00a0\u00bb-<strong>CLEMENT N\u00e9lie<\/strong>-GH2A-17\/3\/24 \u00e0 Villeurbanne<\/p>\n\n\n\n<p><strong>&nbsp;3000m marche femme <\/strong>:<\/p>\n\n\n\n<p>juniors : 20&rsquo;15\u00a0\u00bb77-<strong>POURTHIE Chlo\u00e9<\/strong>-GH2A-12\/5\/24 \u00e0 Avignon<\/p>\n\n\n\n<p>espoirs et senior : 16&rsquo;51\u00a0\u00bb64-<strong>FINET Floriane<\/strong>-GH2A-le 22\/5\/05 \u00e0 Miramas<\/p>\n\n\n\n<p>minimes :21&rsquo;54\u00a0\u00bb4- <strong>LUNEL-SAIZANDE Lou<\/strong>-GH2A-le 16\/01\/10 \u00e0 salon<\/p>\n\n\n\n<p><strong>ALLAMAN Lalye<\/strong> n&rsquo;est pas cadette mais junior (fiche FFA)<\/p>\n\n\n\n<p>Cadettes : 21&rsquo;14\u00a0\u00bb30-<strong>PELLAT Florence<\/strong>-US gap- le 11\/7\/80 \u00e0 Barcelone<\/p>\n\n\n\n<p><strong>Marteau<\/strong> (2kg)-26m76-<strong>TARANTOLA Nina<\/strong>-GH2A-le 7\/7\/24 \u00e0 mont\u00e9limar<\/p>\n\n\n\n<p><strong>Perche<\/strong> : 5,80 m <strong>EMIG Robin<\/strong> le 16 Ao\u00fbt 2024 \u00e0 Deux-Ponts (Allemagne) : <a href=\"https:\/\/hautesalpes-athletisme.fr\/?p=1607\">Robin EMIG<\/a><\/p>\n\n\n\n<p><strong>1000 m<\/strong> Senior et Espoir f\u00e9minin : <strong>CLEMENT N\u00e9lie<\/strong>, GH2A, &nbsp;2&rsquo;54\u00a0\u00bb02 lors du Meeting Printannier  \u00e0 GAP le 26\/04\/2025<\/p>\n\n\n\n<div data-wp-interactive=\"core\/file\" class=\"wp-block-file\"><object data-wp-bind--hidden=\"!state.hasPdfPreview\" hidden class=\"wp-block-file__embed\" data=\"https:\/\/hautesalpes-athletisme.fr\/wp-content\/uploads\/2025\/09\/records-2025.pdf\" type=\"application\/pdf\" style=\"width:100%;height:600px\" aria-label=\"Contenu embarqu\u00e9 records 2025.\"><\/object><a id=\"wp-block-file--media-dafadd43-8e51-4b9a-ab26-9f80b9f09c7b\" href=\"https:\/\/hautesalpes-athletisme.fr\/wp-content\/uploads\/2025\/09\/records-2025.pdf\">records 2025<\/a><a href=\"https:\/\/hautesalpes-athletisme.fr\/wp-content\/uploads\/2025\/09\/records-2025.pdf\" class=\"wp-block-file__button wp-element-button\" download aria-describedby=\"wp-block-file--media-dafadd43-8e51-4b9a-ab26-9f80b9f09c7b\">T\u00e9l\u00e9charger<\/a><\/div>\n\n\n\n<p>En attendant la version 2025, tous ces records sont consultable sur le site de la FFA :<\/p>\n","protected":false},"excerpt":{"rendered":"<p>Tous les records d\u00e9partementaux : Ils sont mis \u00e0 jour sur le site de la FFA : Records Le tableau r\u00e9capitulatif de tous les records d\u00e9partementaux, pour toutes les cat\u00e9gories seront accessibles sur cette page. Pour l&rsquo;exemple : 2001 MERCI Liliane ! &#8230; 2022 : Seront compl\u00e9t\u00e9s et corrig\u00e9s au fur et \u00e0 mesure de &hellip; <\/p>\n<p class=\"link-more\"><a href=\"https:\/\/hautesalpes-athletisme.fr\/?page_id=114\" class=\"more-link\">Continuer la lecture<span class=\"screen-reader-text\"> de &laquo;&nbsp;RECORDS&nbsp;&raquo;<\/span><\/a><\/p>\n","protected":false},"author":1,"featured_media":0,"parent":0,"menu_order":0,"comment_status":"open","ping_status":"closed","template":"","meta":{"footnotes":""},"class_list":["post-114","page","type-page","status-publish","hentry"],"_links":{"self":[{"href":"https:\/\/hautesalpes-athletisme.fr\/index.php?rest_route=\/wp\/v2\/pages\/114","targetHints":{"allow":["GET"]}}],"collection":[{"href":"https:\/\/hautesalpes-athletisme.fr\/index.php?rest_route=\/wp\/v2\/pages"}],"about":[{"href":"https:\/\/hautesalpes-athletisme.fr\/index.php?rest_route=\/wp\/v2\/types\/page"}],"author":[{"embeddable":true,"href":"https:\/\/hautesalpes-athletisme.fr\/index.php?rest_route=\/wp\/v2\/users\/1"}],"replies":[{"embeddable":true,"href":"https:\/\/hautesalpes-athletisme.fr\/index.php?rest_route=%2Fwp%2Fv2%2Fcomments&post=114"}],"version-history":[{"count":22,"href":"https:\/\/hautesalpes-athletisme.fr\/index.php?rest_route=\/wp\/v2\/pages\/114\/revisions"}],"predecessor-version":[{"id":2247,"href":"https:\/\/hautesalpes-athletisme.fr\/index.php?rest_route=\/wp\/v2\/pages\/114\/revisions\/2247"}],"wp:attachment":[{"href":"https:\/\/hautesalpes-athletisme.fr\/index.php?rest_route=%2Fwp%2Fv2%2Fmedia&parent=114"}],"curies":[{"name":"wp","href":"https:\/\/api.w.org\/{rel}","templated":true}]}}