{"id":123,"date":"2022-01-07T15:39:43","date_gmt":"2022-01-07T14:39:43","guid":{"rendered":"http:\/\/hautesalpes-athletisme.fr\/?page_id=123"},"modified":"2025-01-10T18:10:11","modified_gmt":"2025-01-10T17:10:11","slug":"guil-trail-club","status":"publish","type":"page","link":"https:\/\/hautesalpes-athletisme.fr\/?page_id=123","title":{"rendered":"GUIL TRAIL CLUB"},"content":{"rendered":"<div class=\"wp-block-image\">\n<figure class=\"aligncenter is-resized\"><img decoding=\"async\" src=\"https:\/\/site.assoconnect.com\/services\/storage?id=1520443&amp;type=picture&amp;secret=OrVye3TA9kBKwQbTeZ4J0EVCiGJkRd6lVHCWh2aj&amp;timestamp=1618223824\" alt=\"\" style=\"width:402px;height:286px\"\/><\/figure>\n<\/div>\n\n\n<h2 class=\"wp-block-heading\"><\/h2>\n\n\n\n<p>&nbsp; &nbsp; <strong>Pr\u00e9sident<\/strong> :&nbsp; Herv\u00e9 MASSE 06 20 53 86 06<\/p>\n\n\n\n<p>&nbsp; &nbsp; <strong>Vice pr\u00e9sident<\/strong> : Pierre LEPAUL<\/p>\n\n\n\n<p>&nbsp; &nbsp; <strong>Secr\u00e9taire<\/strong> : Christian MOULINS<\/p>\n\n\n\n<p>&nbsp; &nbsp; <strong>Tr\u00e9sorier<\/strong> : Corinne MASSE<\/p>\n\n\n\n<p>&nbsp; &nbsp; Contact :<\/p>\n\n\n\n<p><strong>Herv\u00e9 MASSE<\/strong> t\u00e9l. : <strong>06 20 53 86 06<\/strong>, <\/p>\n\n\n\n<p>email : <strong><em><a href=\"mailto:hervemasse05@gmail.com\">hervemasse05@gmail.com<\/a><\/em><\/strong><\/p>\n\n\n\n<p><\/p>\n\n\n\n<p><\/p>\n\n\n\n<p><strong> <\/strong><\/p>\n\n\n\n<p><\/p>\n","protected":false},"excerpt":{"rendered":"<p>&nbsp; &nbsp; Pr\u00e9sident :&nbsp; Herv\u00e9 MASSE 06 20 53 86 06 &nbsp; &nbsp; Vice pr\u00e9sident : Pierre LEPAUL &nbsp; &nbsp; Secr\u00e9taire : Christian MOULINS &nbsp; &nbsp; Tr\u00e9sorier : Corinne MASSE &nbsp; &nbsp; Contact : Herv\u00e9 MASSE t\u00e9l. : 06 20 53 86 06, email : hervemasse05@gmail.com<\/p>\n","protected":false},"author":3,"featured_media":0,"parent":0,"menu_order":0,"comment_status":"closed","ping_status":"closed","template":"","meta":{"footnotes":""},"class_list":["post-123","page","type-page","status-publish","hentry"],"_links":{"self":[{"href":"https:\/\/hautesalpes-athletisme.fr\/index.php?rest_route=\/wp\/v2\/pages\/123","targetHints":{"allow":["GET"]}}],"collection":[{"href":"https:\/\/hautesalpes-athletisme.fr\/index.php?rest_route=\/wp\/v2\/pages"}],"about":[{"href":"https:\/\/hautesalpes-athletisme.fr\/index.php?rest_route=\/wp\/v2\/types\/page"}],"author":[{"embeddable":true,"href":"https:\/\/hautesalpes-athletisme.fr\/index.php?rest_route=\/wp\/v2\/users\/3"}],"replies":[{"embeddable":true,"href":"https:\/\/hautesalpes-athletisme.fr\/index.php?rest_route=%2Fwp%2Fv2%2Fcomments&post=123"}],"version-history":[{"count":12,"href":"https:\/\/hautesalpes-athletisme.fr\/index.php?rest_route=\/wp\/v2\/pages\/123\/revisions"}],"predecessor-version":[{"id":1857,"href":"https:\/\/hautesalpes-athletisme.fr\/index.php?rest_route=\/wp\/v2\/pages\/123\/revisions\/1857"}],"wp:attachment":[{"href":"https:\/\/hautesalpes-athletisme.fr\/index.php?rest_route=%2Fwp%2Fv2%2Fmedia&parent=123"}],"curies":[{"name":"wp","href":"https:\/\/api.w.org\/{rel}","templated":true}]}}