{"id":135,"date":"2022-01-07T16:12:55","date_gmt":"2022-01-07T15:12:55","guid":{"rendered":"http:\/\/hautesalpes-athletisme.fr\/?page_id=135"},"modified":"2025-02-02T17:19:44","modified_gmt":"2025-02-02T16:19:44","slug":"calendriers","status":"publish","type":"page","link":"https:\/\/hautesalpes-athletisme.fr\/?page_id=135","title":{"rendered":"CALENDRIER RUNNING"},"content":{"rendered":"<div class=\"wp-block-image\">\n<figure class=\"aligncenter size-full is-resized\"><img loading=\"lazy\" decoding=\"async\" width=\"599\" height=\"250\" src=\"https:\/\/hautesalpes-athletisme.fr\/wp-content\/uploads\/2022\/01\/cropped-Logo-2.jpg\" alt=\"\" class=\"wp-image-241\" style=\"width:309px;height:129px\" srcset=\"https:\/\/hautesalpes-athletisme.fr\/wp-content\/uploads\/2022\/01\/cropped-Logo-2.jpg 599w, https:\/\/hautesalpes-athletisme.fr\/wp-content\/uploads\/2022\/01\/cropped-Logo-2-300x125.jpg 300w\" sizes=\"auto, (max-width: 599px) 100vw, 599px\" \/><\/figure>\n<\/div>\n\n\n<p>Quelques dates en<strong> 2025<\/strong> :<\/p>\n\n\n\n<p><strong>18 et 19 janvier<\/strong> : Serre Chevalier Snow Trail <\/p>\n\n\n\n<p><strong>26 et 27 avril<\/strong> : Mont\u00e9e d&rsquo;Oule et Bombarde<\/p>\n\n\n\n<p><strong>25 mai <\/strong>: 10Km d&rsquo;Embrun<\/p>\n\n\n\n<p><strong>21 juin<\/strong> : Grand Trail des Ecrins<\/p>\n\n\n\n<p><strong>22 juin<\/strong> : Semi Marathon N\u00e9vache-Brian\u00e7on<\/p>\n\n\n\n<p><strong>19 et 20 juillet :<\/strong> Vauban Mountain Trail<\/p>\n\n\n\n<p><strong>17 ao\u00fbt<\/strong> : Trail des \u00e9toiles Queyras<\/p>\n\n\n\n<p><strong>6 et 7 septembre<\/strong> : Serre Che Trail <\/p>\n\n\n\n<p><strong>Toutes les dates<\/strong> :<\/p>\n\n\n\n<div data-wp-interactive=\"core\/file\" class=\"wp-block-file\"><object data-wp-bind--hidden=\"!state.hasPdfPreview\" hidden class=\"wp-block-file__embed\" data=\"https:\/\/hautesalpes-athletisme.fr\/wp-content\/uploads\/2025\/02\/Calendrier-05-2025.pdf\" type=\"application\/pdf\" style=\"width:100%;height:200px\" aria-label=\"Contenu embarqu\u00e9 Calendrier 05 2025.\"><\/object><a id=\"wp-block-file--media-8880e316-d698-4723-a1bf-ed21ec104296\" href=\"https:\/\/hautesalpes-athletisme.fr\/wp-content\/uploads\/2025\/02\/Calendrier-05-2025.pdf\">Calendrier 05 2025<\/a><a href=\"https:\/\/hautesalpes-athletisme.fr\/wp-content\/uploads\/2025\/02\/Calendrier-05-2025.pdf\" class=\"wp-block-file__button wp-element-button\" download aria-describedby=\"wp-block-file--media-8880e316-d698-4723-a1bf-ed21ec104296\">T\u00e9l\u00e9charger<\/a><\/div>\n","protected":false},"excerpt":{"rendered":"<p>Quelques dates en 2025 : 18 et 19 janvier : Serre Chevalier Snow Trail 26 et 27 avril : Mont\u00e9e d&rsquo;Oule et Bombarde 25 mai : 10Km d&rsquo;Embrun 21 juin : Grand Trail des Ecrins 22 juin : Semi Marathon N\u00e9vache-Brian\u00e7on 19 et 20 juillet : Vauban Mountain Trail 17 ao\u00fbt : Trail des \u00e9toiles &hellip; <\/p>\n<p class=\"link-more\"><a href=\"https:\/\/hautesalpes-athletisme.fr\/?page_id=135\" class=\"more-link\">Continuer la lecture<span class=\"screen-reader-text\"> de &laquo;&nbsp;CALENDRIER RUNNING&nbsp;&raquo;<\/span><\/a><\/p>\n","protected":false},"author":1,"featured_media":0,"parent":0,"menu_order":0,"comment_status":"closed","ping_status":"closed","template":"","meta":{"footnotes":""},"class_list":["post-135","page","type-page","status-publish","hentry"],"_links":{"self":[{"href":"https:\/\/hautesalpes-athletisme.fr\/index.php?rest_route=\/wp\/v2\/pages\/135","targetHints":{"allow":["GET"]}}],"collection":[{"href":"https:\/\/hautesalpes-athletisme.fr\/index.php?rest_route=\/wp\/v2\/pages"}],"about":[{"href":"https:\/\/hautesalpes-athletisme.fr\/index.php?rest_route=\/wp\/v2\/types\/page"}],"author":[{"embeddable":true,"href":"https:\/\/hautesalpes-athletisme.fr\/index.php?rest_route=\/wp\/v2\/users\/1"}],"replies":[{"embeddable":true,"href":"https:\/\/hautesalpes-athletisme.fr\/index.php?rest_route=%2Fwp%2Fv2%2Fcomments&post=135"}],"version-history":[{"count":11,"href":"https:\/\/hautesalpes-athletisme.fr\/index.php?rest_route=\/wp\/v2\/pages\/135\/revisions"}],"predecessor-version":[{"id":1965,"href":"https:\/\/hautesalpes-athletisme.fr\/index.php?rest_route=\/wp\/v2\/pages\/135\/revisions\/1965"}],"wp:attachment":[{"href":"https:\/\/hautesalpes-athletisme.fr\/index.php?rest_route=%2Fwp%2Fv2%2Fmedia&parent=135"}],"curies":[{"name":"wp","href":"https:\/\/api.w.org\/{rel}","templated":true}]}}