{"id":140,"date":"2022-01-08T16:02:01","date_gmt":"2022-01-08T15:02:01","guid":{"rendered":"http:\/\/hautesalpes-athletisme.fr\/?page_id=140"},"modified":"2026-03-17T11:01:43","modified_gmt":"2026-03-17T10:01:43","slug":"calendrier-general","status":"publish","type":"page","link":"https:\/\/hautesalpes-athletisme.fr\/?page_id=140","title":{"rendered":"CALENDRIER G\u00e9n\u00e9ral"},"content":{"rendered":"<div class=\"wp-block-image is-resized\">\n<figure class=\"aligncenter size-full\"><img loading=\"lazy\" decoding=\"async\" width=\"599\" height=\"250\" src=\"https:\/\/hautesalpes-athletisme.fr\/wp-content\/uploads\/2022\/01\/cropped-Logo-1.jpg\" alt=\"\" class=\"wp-image-238\" style=\"width:297px;height:auto\" srcset=\"https:\/\/hautesalpes-athletisme.fr\/wp-content\/uploads\/2022\/01\/cropped-Logo-1.jpg 599w, https:\/\/hautesalpes-athletisme.fr\/wp-content\/uploads\/2022\/01\/cropped-Logo-1-300x125.jpg 300w\" sizes=\"auto, (max-width: 599px) 100vw, 599px\" \/><\/figure>\n<\/div>\n\n\n<p><strong>15 f\u00e9vrier<\/strong> : 1\/2 finale de Cross \u00e0 <strong>Serres<\/strong><\/p>\n\n\n\n<p><strong>14 mars<\/strong> : Inter-comit\u00e9s \u00e0<strong> Miramas<\/strong><\/p>\n\n\n\n<p><strong>28 mars<\/strong> : Tour de Points \u00e0 <strong>Forcalquier<\/strong><\/p>\n\n\n\n<p><strong>11 avril<\/strong> : Tour de pointe \u00e0 <strong>Manosque<\/strong><\/p>\n\n\n\n<p><strong>2 mai<\/strong> : D\u00e9partementaux et Challenge R\u00e9gional de Marche Nordique aux <strong>Mees<\/strong><\/p>\n\n\n\n<p><strong>3 mai <\/strong>: Championnats de France de Course en Montagne \u00e0<strong> Gap<\/strong><\/p>\n\n\n\n<p><strong>9 et 10 mai <\/strong>: D\u00e9partementaux Epreuves Combin\u00e9es \u00e0 <strong>Gap<\/strong><\/p>\n\n\n\n<p><strong>23 mai<\/strong> : Meeting \u00e0 <strong>Manosque<\/strong><\/p>\n\n\n\n<p><strong>30 mai<\/strong> : D\u00e9partementaux Benj. et Min. \u00e0 <strong>Digne<\/strong><\/p>\n\n\n\n<p><strong>31 mai<\/strong> : D\u00e9partementaux Cad. \u00e0 Master \u00e0<strong> Digne<\/strong><\/p>\n\n\n\n<p><strong>17 juin<\/strong> : Meeting \u00e0 <strong>Digne<\/strong><\/p>\n\n\n\n<p><strong>19 juin<\/strong> : meeting \u00e0<strong> Gap<\/strong><\/p>\n\n\n\n<p><strong>12 juillet<\/strong> : Inter-comit\u00e9s Benj. Min. \u00e0 <strong>Avignon<\/strong><\/p>\n\n\n\n<p><\/p>\n","protected":false},"excerpt":{"rendered":"<p>15 f\u00e9vrier : 1\/2 finale de Cross \u00e0 Serres 14 mars : Inter-comit\u00e9s \u00e0 Miramas 28 mars : Tour de Points \u00e0 Forcalquier 11 avril : Tour de pointe \u00e0 Manosque 2 mai : D\u00e9partementaux et Challenge R\u00e9gional de Marche Nordique aux Mees 3 mai : Championnats de France de Course en Montagne \u00e0 Gap &hellip; <\/p>\n<p class=\"link-more\"><a href=\"https:\/\/hautesalpes-athletisme.fr\/?page_id=140\" class=\"more-link\">Continuer la lecture<span class=\"screen-reader-text\"> de &laquo;&nbsp;CALENDRIER G\u00e9n\u00e9ral&nbsp;&raquo;<\/span><\/a><\/p>\n","protected":false},"author":1,"featured_media":0,"parent":0,"menu_order":0,"comment_status":"closed","ping_status":"closed","template":"","meta":{"footnotes":""},"class_list":["post-140","page","type-page","status-publish","hentry"],"_links":{"self":[{"href":"https:\/\/hautesalpes-athletisme.fr\/index.php?rest_route=\/wp\/v2\/pages\/140","targetHints":{"allow":["GET"]}}],"collection":[{"href":"https:\/\/hautesalpes-athletisme.fr\/index.php?rest_route=\/wp\/v2\/pages"}],"about":[{"href":"https:\/\/hautesalpes-athletisme.fr\/index.php?rest_route=\/wp\/v2\/types\/page"}],"author":[{"embeddable":true,"href":"https:\/\/hautesalpes-athletisme.fr\/index.php?rest_route=\/wp\/v2\/users\/1"}],"replies":[{"embeddable":true,"href":"https:\/\/hautesalpes-athletisme.fr\/index.php?rest_route=%2Fwp%2Fv2%2Fcomments&post=140"}],"version-history":[{"count":37,"href":"https:\/\/hautesalpes-athletisme.fr\/index.php?rest_route=\/wp\/v2\/pages\/140\/revisions"}],"predecessor-version":[{"id":2430,"href":"https:\/\/hautesalpes-athletisme.fr\/index.php?rest_route=\/wp\/v2\/pages\/140\/revisions\/2430"}],"wp:attachment":[{"href":"https:\/\/hautesalpes-athletisme.fr\/index.php?rest_route=%2Fwp%2Fv2%2Fmedia&parent=140"}],"curies":[{"name":"wp","href":"https:\/\/api.w.org\/{rel}","templated":true}]}}