{"id":152,"date":"2022-01-08T16:22:54","date_gmt":"2022-01-08T15:22:54","guid":{"rendered":"http:\/\/hautesalpes-athletisme.fr\/?page_id=152"},"modified":"2022-02-01T17:10:08","modified_gmt":"2022-02-01T16:10:08","slug":"1991-a-2000","status":"publish","type":"page","link":"https:\/\/hautesalpes-athletisme.fr\/?page_id=152","title":{"rendered":"1991 \u00e0 2000"},"content":{"rendered":"\n<h2 class=\"wp-block-heading\" id=\"1991\"><strong>1991<\/strong> <\/h2>\n\n\n\n<p><strong>29 septembre<\/strong> : organisation des \u00ab\u00a0Interclubs Interr\u00e9gionaux Jeunes\u00a0\u00bb \u00e0 Gap<\/p>\n\n\n\n<p><strong>22 novembre<\/strong> : Assembl\u00e9e G\u00e9n\u00e9rale \u00e0 Gap (Chabanas) pr\u00e9sid\u00e9e par <strong>Didier LAMBERT<\/strong>. Cr\u00e9e officiellement la \u00ab\u00a0Commission D\u00e9partementale des Courses Hors Stade\u00a0\u00bb. R\u00e9compense les meilleurs athl\u00e8tes d\u00e9partementaux : L&rsquo;\u00e9quipe de Serre Chevalier, 2\u00e8me des Championnats de France de Course de Montagne. <strong>Paul DA ROCHA<\/strong> et<strong> Laurence MONDON<\/strong>, Champions de France. <strong>V\u00e9ronique ROCA<\/strong>, 3\u00e8me des Championnats de France. <strong>Jacques MICHALINOFF<\/strong> aux 100 Km de Millau.<\/p>\n\n\n\n<div data-wp-interactive=\"core\/file\" class=\"wp-block-file\"><object data-wp-bind--hidden=\"!state.hasPdfPreview\" hidden class=\"wp-block-file__embed\" data=\"https:\/\/hautesalpes-athletisme.fr\/wp-content\/uploads\/2022\/01\/AG-1991.pdf\" type=\"application\/pdf\" style=\"width:100%;height:310px\" aria-label=\"Contenu embarqu\u00e9 Contenu embarqu\u00e9 AG du 22 novembre 1991..\"><\/object><a id=\"wp-block-file--media-58e89ef6-ec0d-4659-814e-37ba29c11998\" href=\"https:\/\/hautesalpes-athletisme.fr\/wp-content\/uploads\/2022\/01\/AG-1991.pdf\">AG du 22 novembre 1991<\/a><a href=\"https:\/\/hautesalpes-athletisme.fr\/wp-content\/uploads\/2022\/01\/AG-1991.pdf\" class=\"wp-block-file__button\" download aria-describedby=\"wp-block-file--media-58e89ef6-ec0d-4659-814e-37ba29c11998\">T\u00e9l\u00e9charger<\/a><\/div>\n\n\n\n<div data-wp-interactive=\"core\/file\" class=\"wp-block-file\"><object data-wp-bind--hidden=\"!state.hasPdfPreview\" hidden class=\"wp-block-file__embed\" data=\"https:\/\/hautesalpes-athletisme.fr\/wp-content\/uploads\/2022\/01\/CODIR_91.pdf\" type=\"application\/pdf\" style=\"width:100%;height:310px\" aria-label=\"Contenu embarqu\u00e9 Contenu embarqu\u00e9 Comit\u00e9 Directeur 1991..\"><\/object><a id=\"wp-block-file--media-eeb5ecb2-b6f1-4804-bd0c-1ebd7c0531a1\" href=\"https:\/\/hautesalpes-athletisme.fr\/wp-content\/uploads\/2022\/01\/CODIR_91.pdf\">Comit\u00e9 Directeur 1991<\/a><a href=\"https:\/\/hautesalpes-athletisme.fr\/wp-content\/uploads\/2022\/01\/CODIR_91.pdf\" class=\"wp-block-file__button\" download aria-describedby=\"wp-block-file--media-eeb5ecb2-b6f1-4804-bd0c-1ebd7c0531a1\">T\u00e9l\u00e9charger<\/a><\/div>\n\n\n\n<h2 class=\"wp-block-heading\" id=\"1992\"><strong>1992<\/strong><\/h2>\n\n\n\n<p><strong>2 mars<\/strong> : Assembl\u00e9e G\u00e9n\u00e9rale extraordinaire (financi\u00e8re)<\/p>\n\n\n\n<div data-wp-interactive=\"core\/file\" class=\"wp-block-file\"><object data-wp-bind--hidden=\"!state.hasPdfPreview\" hidden class=\"wp-block-file__embed\" data=\"https:\/\/hautesalpes-athletisme.fr\/wp-content\/uploads\/2022\/01\/AG_CD05_1992_1.pdf\" type=\"application\/pdf\" style=\"width:100%;height:210px\" aria-label=\"Contenu embarqu\u00e9 Contenu embarqu\u00e9 Assembl\u00e9e G\u00e9n\u00e9rale extraordinaire 1992..\"><\/object><a id=\"wp-block-file--media-ceb98308-454a-4d94-a1ca-2819836c663f\" href=\"https:\/\/hautesalpes-athletisme.fr\/wp-content\/uploads\/2022\/01\/AG_CD05_1992_1.pdf\">Assembl\u00e9e G\u00e9n\u00e9rale extraordinaire 1992<\/a><a href=\"https:\/\/hautesalpes-athletisme.fr\/wp-content\/uploads\/2022\/01\/AG_CD05_1992_1.pdf\" class=\"wp-block-file__button\" download aria-describedby=\"wp-block-file--media-ceb98308-454a-4d94-a1ca-2819836c663f\">T\u00e9l\u00e9charger<\/a><\/div>\n\n\n\n<p><strong>27 novembre<\/strong> : Assembl\u00e9e g\u00e9n\u00e9rale<\/p>\n\n\n\n<div data-wp-interactive=\"core\/file\" class=\"wp-block-file\"><object data-wp-bind--hidden=\"!state.hasPdfPreview\" hidden class=\"wp-block-file__embed\" data=\"https:\/\/hautesalpes-athletisme.fr\/wp-content\/uploads\/2022\/01\/AG_CD05_1992.pdf\" type=\"application\/pdf\" style=\"width:100%;height:380px\" aria-label=\"Contenu embarqu\u00e9 Contenu embarqu\u00e9 Assembl\u00e9e G\u00e9n\u00e9rale 1992..\"><\/object><a id=\"wp-block-file--media-e8f8e4d3-b957-4f4b-b81b-b4ea59186e8c\" href=\"https:\/\/hautesalpes-athletisme.fr\/wp-content\/uploads\/2022\/01\/AG_CD05_1992.pdf\">Assembl\u00e9e G\u00e9n\u00e9rale 1992<\/a><a href=\"https:\/\/hautesalpes-athletisme.fr\/wp-content\/uploads\/2022\/01\/AG_CD05_1992.pdf\" class=\"wp-block-file__button\" download aria-describedby=\"wp-block-file--media-e8f8e4d3-b957-4f4b-b81b-b4ea59186e8c\">T\u00e9l\u00e9charger<\/a><\/div>\n\n\n\n<div data-wp-interactive=\"core\/file\" class=\"wp-block-file\"><object data-wp-bind--hidden=\"!state.hasPdfPreview\" hidden class=\"wp-block-file__embed\" data=\"https:\/\/hautesalpes-athletisme.fr\/wp-content\/uploads\/2022\/01\/AG_CD05_1992_2.pdf\" type=\"application\/pdf\" style=\"width:100%;height:200px\" aria-label=\"Contenu embarqu\u00e9 Contenu embarqu\u00e9 l&apos;A.G. en image..\"><\/object><a id=\"wp-block-file--media-ea0d202a-23c7-4b76-b964-99912555393f\" href=\"https:\/\/hautesalpes-athletisme.fr\/wp-content\/uploads\/2022\/01\/AG_CD05_1992_2.pdf\">l&rsquo;A.G. en image<\/a><a href=\"https:\/\/hautesalpes-athletisme.fr\/wp-content\/uploads\/2022\/01\/AG_CD05_1992_2.pdf\" class=\"wp-block-file__button\" download aria-describedby=\"wp-block-file--media-ea0d202a-23c7-4b76-b964-99912555393f\">T\u00e9l\u00e9charger<\/a><\/div>\n\n\n\n<h2 class=\"wp-block-heading\" id=\"1993\"><strong>1993<\/strong> <\/h2>\n\n\n\n<p><strong>5 septembre<\/strong> : organisation du \u00ab\u00a0Troph\u00e9e Mondial de Course en Montragne\u00a0\u00bb \u00e0 Charance.<\/p>\n\n\n\n<p><strong>26 novembre<\/strong> : Assembl\u00e9e G\u00e9n\u00e9rale <\/p>\n\n\n\n<div data-wp-interactive=\"core\/file\" class=\"wp-block-file\"><object data-wp-bind--hidden=\"!state.hasPdfPreview\" hidden class=\"wp-block-file__embed\" data=\"https:\/\/hautesalpes-athletisme.fr\/wp-content\/uploads\/2022\/01\/AG_CD05_1993.pdf\" type=\"application\/pdf\" style=\"width:100%;height:360px\" aria-label=\"Contenu embarqu\u00e9 Contenu embarqu\u00e9 Assembl\u00e9e G\u00e9n\u00e9rale 1993..\"><\/object><a id=\"wp-block-file--media-19a16a70-3465-4bfa-ad69-3a0fffe855e3\" href=\"https:\/\/hautesalpes-athletisme.fr\/wp-content\/uploads\/2022\/01\/AG_CD05_1993.pdf\">Assembl\u00e9e G\u00e9n\u00e9rale 1993<\/a><a href=\"https:\/\/hautesalpes-athletisme.fr\/wp-content\/uploads\/2022\/01\/AG_CD05_1993.pdf\" class=\"wp-block-file__button\" download aria-describedby=\"wp-block-file--media-19a16a70-3465-4bfa-ad69-3a0fffe855e3\">T\u00e9l\u00e9charger<\/a><\/div>\n\n\n\n<div data-wp-interactive=\"core\/file\" class=\"wp-block-file\"><object data-wp-bind--hidden=\"!state.hasPdfPreview\" hidden class=\"wp-block-file__embed\" data=\"https:\/\/hautesalpes-athletisme.fr\/wp-content\/uploads\/2022\/01\/AG_CD05_1993_2.pdf\" type=\"application\/pdf\" style=\"width:100%;height:240px\" aria-label=\"Contenu embarqu\u00e9 Contenu embarqu\u00e9 l&apos;A.G.1993 en image..\"><\/object><a id=\"wp-block-file--media-21e70782-b03e-415f-8e47-1a2600ecf3f2\" href=\"https:\/\/hautesalpes-athletisme.fr\/wp-content\/uploads\/2022\/01\/AG_CD05_1993_2.pdf\">l&rsquo;A.G.1993 en image<\/a><a href=\"https:\/\/hautesalpes-athletisme.fr\/wp-content\/uploads\/2022\/01\/AG_CD05_1993_2.pdf\" class=\"wp-block-file__button\" download aria-describedby=\"wp-block-file--media-21e70782-b03e-415f-8e47-1a2600ecf3f2\">T\u00e9l\u00e9charger<\/a><\/div>\n\n\n\n<h2 class=\"wp-block-heading\" id=\"1994\"><strong>1994<\/strong> <\/h2>\n\n\n\n<p><strong>25 novembre <\/strong>: Assembl\u00e9e G\u00e9n\u00e9rale<\/p>\n\n\n\n<div data-wp-interactive=\"core\/file\" class=\"wp-block-file\"><object data-wp-bind--hidden=\"!state.hasPdfPreview\" hidden class=\"wp-block-file__embed\" data=\"https:\/\/hautesalpes-athletisme.fr\/wp-content\/uploads\/2022\/01\/AG_CD05_1994.pdf\" type=\"application\/pdf\" style=\"width:100%;height:200px\" aria-label=\"Contenu embarqu\u00e9 Contenu embarqu\u00e9 Assembl\u00e9e G\u00e9n\u00e9rale 1994..\"><\/object><a id=\"wp-block-file--media-40ff8463-087c-445d-bf16-bc291f1f917c\" href=\"https:\/\/hautesalpes-athletisme.fr\/wp-content\/uploads\/2022\/01\/AG_CD05_1994.pdf\">Assembl\u00e9e G\u00e9n\u00e9rale 1994<\/a><a href=\"https:\/\/hautesalpes-athletisme.fr\/wp-content\/uploads\/2022\/01\/AG_CD05_1994.pdf\" class=\"wp-block-file__button\" download aria-describedby=\"wp-block-file--media-40ff8463-087c-445d-bf16-bc291f1f917c\">T\u00e9l\u00e9charger<\/a><\/div>\n\n\n\n<h2 class=\"wp-block-heading\" id=\"1995\"><strong>1995<\/strong><\/h2>\n\n\n\n<p><strong>24 novembre<\/strong> : Assembl\u00e9e G\u00e9n\u00e9rale <\/p>\n\n\n\n<div data-wp-interactive=\"core\/file\" class=\"wp-block-file\"><object data-wp-bind--hidden=\"!state.hasPdfPreview\" hidden class=\"wp-block-file__embed\" data=\"https:\/\/hautesalpes-athletisme.fr\/wp-content\/uploads\/2022\/01\/AG_CD05_1995.pdf\" type=\"application\/pdf\" style=\"width:100%;height:200px\" aria-label=\"Contenu embarqu\u00e9 Contenu embarqu\u00e9 Assembl\u00e9e G\u00e9n\u00e9rale 1995..\"><\/object><a id=\"wp-block-file--media-c75eec72-a677-475e-ac5d-cdb716a26e39\" href=\"https:\/\/hautesalpes-athletisme.fr\/wp-content\/uploads\/2022\/01\/AG_CD05_1995.pdf\">Assembl\u00e9e G\u00e9n\u00e9rale 1995<\/a><a href=\"https:\/\/hautesalpes-athletisme.fr\/wp-content\/uploads\/2022\/01\/AG_CD05_1995.pdf\" class=\"wp-block-file__button\" download aria-describedby=\"wp-block-file--media-c75eec72-a677-475e-ac5d-cdb716a26e39\">T\u00e9l\u00e9charger<\/a><\/div>\n\n\n\n<h2 class=\"wp-block-heading\" id=\"1996\"><strong>1996<\/strong><\/h2>\n\n\n\n<p><strong>22 novembre<\/strong> : l&rsquo;Assembl\u00e9e G\u00e9n\u00e9rale voit le retour de<strong> Marcel LARD<\/strong> \u00e0 la pr\u00e9sidence et annonce celle de la <strong>Ligue de Provence \u00e0 Gap<\/strong>. Ann\u00e9e faste pour les athl\u00e8tes haut alpins : <strong>Camille TRAUB<\/strong>, <strong>Michel ROSTAIN<\/strong>, <strong>Sylvain LEIGNIER<\/strong>, <strong>Aim\u00e9 ARNAUD<\/strong>, <strong>Emmanuel JOSSELIN<\/strong>, <strong>Hamid SELLAMI<\/strong>, <strong>Thierry ICART<\/strong>, <strong>Tarek EL FEDALI<\/strong>, <strong>Corinne MASSE<\/strong>, <strong>St\u00e9phane BRENIER<\/strong>  et les \u00e9quipes de CROSS, de Course en Montagne et de Relais.<\/p>\n\n\n\n<div data-wp-interactive=\"core\/file\" class=\"wp-block-file\"><object data-wp-bind--hidden=\"!state.hasPdfPreview\" hidden class=\"wp-block-file__embed\" data=\"https:\/\/hautesalpes-athletisme.fr\/wp-content\/uploads\/2022\/01\/AG_CD05_1996.pdf\" type=\"application\/pdf\" style=\"width:100%;height:370px\" aria-label=\"Contenu embarqu\u00e9 Contenu embarqu\u00e9 Assembl\u00e9e G\u00e9n\u00e9rale 1996..\"><\/object><a id=\"wp-block-file--media-f8687872-c63d-4d99-a0de-cb055ffc299a\" href=\"https:\/\/hautesalpes-athletisme.fr\/wp-content\/uploads\/2022\/01\/AG_CD05_1996.pdf\">Assembl\u00e9e G\u00e9n\u00e9rale 1996<\/a><a href=\"https:\/\/hautesalpes-athletisme.fr\/wp-content\/uploads\/2022\/01\/AG_CD05_1996.pdf\" class=\"wp-block-file__button\" download aria-describedby=\"wp-block-file--media-f8687872-c63d-4d99-a0de-cb055ffc299a\">T\u00e9l\u00e9charger<\/a><\/div>\n\n\n\n<h2 class=\"wp-block-heading\" id=\"1997\"><strong>1997<\/strong><\/h2>\n\n\n\n<p><strong>29 novembre<\/strong> : l&rsquo;Assembl\u00e9e G\u00e9n\u00e9rale voit <strong>Didier JOUAN<\/strong> remplacer Marcel LARD d\u00e9missionnaire.<\/p>\n\n\n\n<div data-wp-interactive=\"core\/file\" class=\"wp-block-file\"><object data-wp-bind--hidden=\"!state.hasPdfPreview\" hidden class=\"wp-block-file__embed\" data=\"https:\/\/hautesalpes-athletisme.fr\/wp-content\/uploads\/2022\/01\/AG_CD05_1997.pdf\" type=\"application\/pdf\" style=\"width:100%;height:200px\" aria-label=\"Contenu embarqu\u00e9 Contenu embarqu\u00e9 Assembl\u00e9e G\u00e9n\u00e9rale 1997..\"><\/object><a id=\"wp-block-file--media-684cd8cf-c3ed-496e-946f-09d1a62d571c\" href=\"https:\/\/hautesalpes-athletisme.fr\/wp-content\/uploads\/2022\/01\/AG_CD05_1997.pdf\">Assembl\u00e9e G\u00e9n\u00e9rale 1997<\/a><a href=\"https:\/\/hautesalpes-athletisme.fr\/wp-content\/uploads\/2022\/01\/AG_CD05_1997.pdf\" class=\"wp-block-file__button\" download aria-describedby=\"wp-block-file--media-684cd8cf-c3ed-496e-946f-09d1a62d571c\">T\u00e9l\u00e9charger<\/a><\/div>\n\n\n\n<h2 class=\"wp-block-heading\" id=\"1998\"><strong>1998<\/strong> <\/h2>\n\n\n\n<p><strong>27 novembre<\/strong> : L&rsquo;Assembl\u00e9e G\u00e9n\u00e9rale voit <strong>Gilles BROCHIER<\/strong> prendre les commandes et <strong>J\u00e9r\u00f4me NICAULT<\/strong> \u00eatre son adjoint . Elle relate le titre national de <strong>Camille TRAUB<\/strong> sur 800 m.<\/p>\n\n\n\n<div data-wp-interactive=\"core\/file\" class=\"wp-block-file\"><object data-wp-bind--hidden=\"!state.hasPdfPreview\" hidden class=\"wp-block-file__embed\" data=\"https:\/\/hautesalpes-athletisme.fr\/wp-content\/uploads\/2022\/01\/AG_CD05_1998.pdf\" type=\"application\/pdf\" style=\"width:100%;height:200px\" aria-label=\"Contenu embarqu\u00e9 Contenu embarqu\u00e9 Assembl\u00e9e G\u00e9n\u00e9rale 1998..\"><\/object><a id=\"wp-block-file--media-cbe35cfa-62d9-456a-889a-c5a1eb8be349\" href=\"https:\/\/hautesalpes-athletisme.fr\/wp-content\/uploads\/2022\/01\/AG_CD05_1998.pdf\">Assembl\u00e9e G\u00e9n\u00e9rale 1998<\/a><a href=\"https:\/\/hautesalpes-athletisme.fr\/wp-content\/uploads\/2022\/01\/AG_CD05_1998.pdf\" class=\"wp-block-file__button\" download aria-describedby=\"wp-block-file--media-cbe35cfa-62d9-456a-889a-c5a1eb8be349\">T\u00e9l\u00e9charger<\/a><\/div>\n\n\n\n<h2 class=\"wp-block-heading\" id=\"1999\"><strong>1999<\/strong><\/h2>\n\n\n\n<p><strong>11 janvier <\/strong>: L&rsquo;assembl\u00e9e G\u00e9n\u00e9rale extraordinaire officialise la pr\u00e9sidence de Gilles BROCHIER.<\/p>\n\n\n\n<div data-wp-interactive=\"core\/file\" class=\"wp-block-file\"><object data-wp-bind--hidden=\"!state.hasPdfPreview\" hidden class=\"wp-block-file__embed\" data=\"https:\/\/hautesalpes-athletisme.fr\/wp-content\/uploads\/2022\/02\/AG_CD05_1999_EX.pdf\" type=\"application\/pdf\" style=\"width:100%;height:310px\" aria-label=\"Contenu embarqu\u00e9 Contenu embarqu\u00e9 Assembl\u00e9e G\u00e9n\u00e9rale extraordinaire 1999..\"><\/object><a id=\"wp-block-file--media-2d486b62-2456-41b1-8693-54ac5154c264\" href=\"https:\/\/hautesalpes-athletisme.fr\/wp-content\/uploads\/2022\/02\/AG_CD05_1999_EX.pdf\">Assembl\u00e9e G\u00e9n\u00e9rale extraordinaire 1999<\/a><a href=\"https:\/\/hautesalpes-athletisme.fr\/wp-content\/uploads\/2022\/02\/AG_CD05_1999_EX.pdf\" class=\"wp-block-file__button\" download aria-describedby=\"wp-block-file--media-2d486b62-2456-41b1-8693-54ac5154c264\">T\u00e9l\u00e9charger<\/a><\/div>\n\n\n\n<p><strong>27 septembre<\/strong> : Le cinqui\u00e8me Comit\u00e9 Directeur de l&rsquo;ann\u00e9e dresse le bilan de la saison sportive estivale.<\/p>\n\n\n\n<div data-wp-interactive=\"core\/file\" class=\"wp-block-file\"><object data-wp-bind--hidden=\"!state.hasPdfPreview\" hidden class=\"wp-block-file__embed\" data=\"https:\/\/hautesalpes-athletisme.fr\/wp-content\/uploads\/2022\/02\/CODIR_FSS_1999.pdf\" type=\"application\/pdf\" style=\"width:100%;height:200px\" aria-label=\"Contenu embarqu\u00e9 Contenu embarqu\u00e9 CODIR Fin de saison estivale 1999..\"><\/object><a id=\"wp-block-file--media-caf4d634-2515-4792-924e-529cd239f66b\" href=\"https:\/\/hautesalpes-athletisme.fr\/wp-content\/uploads\/2022\/02\/CODIR_FSS_1999.pdf\">CODIR Fin de saison estivale 1999<\/a><a href=\"https:\/\/hautesalpes-athletisme.fr\/wp-content\/uploads\/2022\/02\/CODIR_FSS_1999.pdf\" class=\"wp-block-file__button\" download aria-describedby=\"wp-block-file--media-caf4d634-2515-4792-924e-529cd239f66b\">T\u00e9l\u00e9charger<\/a><\/div>\n\n\n\n<p><strong>26 novembre<\/strong> : Assembl\u00e9e G\u00e9n\u00e9rale ordinaire<\/p>\n\n\n\n<div data-wp-interactive=\"core\/file\" class=\"wp-block-file\"><object data-wp-bind--hidden=\"!state.hasPdfPreview\" hidden class=\"wp-block-file__embed\" data=\"https:\/\/hautesalpes-athletisme.fr\/wp-content\/uploads\/2022\/02\/AG_CD05_1999.pdf\" type=\"application\/pdf\" style=\"width:100%;height:200px\" aria-label=\"Contenu embarqu\u00e9 Contenu embarqu\u00e9 Assembl\u00e9e G\u00e9n\u00e9rale 1999..\"><\/object><a id=\"wp-block-file--media-93212675-30a3-4475-b91a-dba8f4cd1802\" href=\"https:\/\/hautesalpes-athletisme.fr\/wp-content\/uploads\/2022\/02\/AG_CD05_1999.pdf\">Assembl\u00e9e G\u00e9n\u00e9rale 1999<\/a><a href=\"https:\/\/hautesalpes-athletisme.fr\/wp-content\/uploads\/2022\/02\/AG_CD05_1999.pdf\" class=\"wp-block-file__button\" download aria-describedby=\"wp-block-file--media-93212675-30a3-4475-b91a-dba8f4cd1802\">T\u00e9l\u00e9charger<\/a><\/div>\n\n\n\n<h2 class=\"wp-block-heading\" id=\"2000\"><strong>2000<\/strong><\/h2>\n\n\n\n<p><strong>21 septembre<\/strong> : Le Comit\u00e9 Directeur dresse le bilan de la saison sportive et la participation aux Jeux Olympiques de <strong>Laurence MANFREDI<\/strong>.<\/p>\n\n\n\n<div data-wp-interactive=\"core\/file\" class=\"wp-block-file\"><object data-wp-bind--hidden=\"!state.hasPdfPreview\" hidden class=\"wp-block-file__embed\" data=\"https:\/\/hautesalpes-athletisme.fr\/wp-content\/uploads\/2022\/02\/CODIR_2000.pdf\" type=\"application\/pdf\" style=\"width:100%;height:240px\" aria-label=\"Contenu embarqu\u00e9 Contenu embarqu\u00e9 Comit\u00e9 Directeur de fin de saison sportive..\"><\/object><a id=\"wp-block-file--media-67e05bf6-cf9b-4ca0-83d2-5e177e3e4bfa\" href=\"https:\/\/hautesalpes-athletisme.fr\/wp-content\/uploads\/2022\/02\/CODIR_2000.pdf\">Comit\u00e9 Directeur de fin de saison sportive<\/a><a href=\"https:\/\/hautesalpes-athletisme.fr\/wp-content\/uploads\/2022\/02\/CODIR_2000.pdf\" class=\"wp-block-file__button\" download aria-describedby=\"wp-block-file--media-67e05bf6-cf9b-4ca0-83d2-5e177e3e4bfa\">T\u00e9l\u00e9charger<\/a><\/div>\n\n\n\n<p><\/p>\n","protected":false},"excerpt":{"rendered":"<p>1991 29 septembre : organisation des \u00ab\u00a0Interclubs Interr\u00e9gionaux Jeunes\u00a0\u00bb \u00e0 Gap 22 novembre : Assembl\u00e9e G\u00e9n\u00e9rale \u00e0 Gap (Chabanas) pr\u00e9sid\u00e9e par Didier LAMBERT. Cr\u00e9e officiellement la \u00ab\u00a0Commission D\u00e9partementale des Courses Hors Stade\u00a0\u00bb. R\u00e9compense les meilleurs athl\u00e8tes d\u00e9partementaux : L&rsquo;\u00e9quipe de Serre Chevalier, 2\u00e8me des Championnats de France de Course de Montagne. Paul DA ROCHA et &hellip; <\/p>\n<p class=\"link-more\"><a href=\"https:\/\/hautesalpes-athletisme.fr\/?page_id=152\" class=\"more-link\">Continuer la lecture<span class=\"screen-reader-text\"> de &laquo;&nbsp;1991 \u00e0 2000&nbsp;&raquo;<\/span><\/a><\/p>\n","protected":false},"author":1,"featured_media":0,"parent":0,"menu_order":0,"comment_status":"open","ping_status":"closed","template":"","meta":{"footnotes":""},"class_list":["post-152","page","type-page","status-publish","hentry"],"_links":{"self":[{"href":"https:\/\/hautesalpes-athletisme.fr\/index.php?rest_route=\/wp\/v2\/pages\/152","targetHints":{"allow":["GET"]}}],"collection":[{"href":"https:\/\/hautesalpes-athletisme.fr\/index.php?rest_route=\/wp\/v2\/pages"}],"about":[{"href":"https:\/\/hautesalpes-athletisme.fr\/index.php?rest_route=\/wp\/v2\/types\/page"}],"author":[{"embeddable":true,"href":"https:\/\/hautesalpes-athletisme.fr\/index.php?rest_route=\/wp\/v2\/users\/1"}],"replies":[{"embeddable":true,"href":"https:\/\/hautesalpes-athletisme.fr\/index.php?rest_route=%2Fwp%2Fv2%2Fcomments&post=152"}],"version-history":[{"count":17,"href":"https:\/\/hautesalpes-athletisme.fr\/index.php?rest_route=\/wp\/v2\/pages\/152\/revisions"}],"predecessor-version":[{"id":371,"href":"https:\/\/hautesalpes-athletisme.fr\/index.php?rest_route=\/wp\/v2\/pages\/152\/revisions\/371"}],"wp:attachment":[{"href":"https:\/\/hautesalpes-athletisme.fr\/index.php?rest_route=%2Fwp%2Fv2%2Fmedia&parent=152"}],"curies":[{"name":"wp","href":"https:\/\/api.w.org\/{rel}","templated":true}]}}