{"id":156,"date":"2022-01-08T16:24:12","date_gmt":"2022-01-08T15:24:12","guid":{"rendered":"http:\/\/hautesalpes-athletisme.fr\/?page_id=156"},"modified":"2022-02-08T15:57:18","modified_gmt":"2022-02-08T14:57:18","slug":"2001-a-2009","status":"publish","type":"page","link":"https:\/\/hautesalpes-athletisme.fr\/?page_id=156","title":{"rendered":"2001 \u00e0 2010"},"content":{"rendered":"\n<h2 class=\"wp-block-heading\" id=\"2001\"><strong>2001<\/strong><\/h2>\n\n\n\n<p><strong>Vendredi 23 novembre<\/strong> : Assembl\u00e9e G\u00e9n\u00e9rale 2001 \u00e0 Pelleautier. Elle relate les performances de <strong>Sophie GAZZOLA<\/strong> et <strong>Laurence MANFREDI <\/strong>titr\u00e9es sur le plan national et les 7 podiums obtenus lors des Championnats de France par les clubs du d\u00e9partement.<\/p>\n\n\n\n<div data-wp-interactive=\"core\/file\" class=\"wp-block-file\"><object data-wp-bind--hidden=\"!state.hasPdfPreview\" hidden class=\"wp-block-file__embed\" data=\"https:\/\/hautesalpes-athletisme.fr\/wp-content\/uploads\/2022\/01\/AG_2001.pdf\" type=\"application\/pdf\" style=\"width:100%;height:290px\" aria-label=\"Contenu embarqu\u00e9 Contenu embarqu\u00e9 Assembl\u00e9e G\u00e9n\u00e9rale 2001..\"><\/object><a id=\"wp-block-file--media-8040e579-3306-49a6-8a6c-c4c8d130294b\" href=\"https:\/\/hautesalpes-athletisme.fr\/wp-content\/uploads\/2022\/01\/AG_2001.pdf\">Assembl\u00e9e G\u00e9n\u00e9rale 2001<\/a><a href=\"https:\/\/hautesalpes-athletisme.fr\/wp-content\/uploads\/2022\/01\/AG_2001.pdf\" class=\"wp-block-file__button\" download aria-describedby=\"wp-block-file--media-8040e579-3306-49a6-8a6c-c4c8d130294b\">T\u00e9l\u00e9charger<\/a><\/div>\n\n\n\n<div data-wp-interactive=\"core\/file\" class=\"wp-block-file\"><object data-wp-bind--hidden=\"!state.hasPdfPreview\" hidden class=\"wp-block-file__embed\" data=\"https:\/\/hautesalpes-athletisme.fr\/wp-content\/uploads\/2022\/01\/CODIR_2001.pdf\" type=\"application\/pdf\" style=\"width:100%;height:230px\" aria-label=\"Contenu embarqu\u00e9 Contenu embarqu\u00e9 Comit\u00e9 Directeur 2001..\"><\/object><a id=\"wp-block-file--media-62d0be1b-f91a-49f9-b2f0-5c785b6c766c\" href=\"https:\/\/hautesalpes-athletisme.fr\/wp-content\/uploads\/2022\/01\/CODIR_2001.pdf\">Comit\u00e9 Directeur 2001<\/a><a href=\"https:\/\/hautesalpes-athletisme.fr\/wp-content\/uploads\/2022\/01\/CODIR_2001.pdf\" class=\"wp-block-file__button\" download aria-describedby=\"wp-block-file--media-62d0be1b-f91a-49f9-b2f0-5c785b6c766c\">T\u00e9l\u00e9charger<\/a><\/div>\n\n\n\n<h2 class=\"wp-block-heading\" id=\"2002\"><strong>2002<\/strong><\/h2>\n\n\n\n<p><strong>21 novembre<\/strong> : l&rsquo;Assembl\u00e9e G\u00e9n\u00e9rale annonce la cr\u00e9ation du <strong>GAP HAUTES ALPES ATHLETISME<\/strong>, r\u00e9sultat de la fusion entre les deux clubs gapen\u00e7ais.<\/p>\n\n\n\n<div data-wp-interactive=\"core\/file\" class=\"wp-block-file\"><object data-wp-bind--hidden=\"!state.hasPdfPreview\" hidden class=\"wp-block-file__embed\" data=\"https:\/\/hautesalpes-athletisme.fr\/wp-content\/uploads\/2022\/02\/AG_CD05_2002.pdf\" type=\"application\/pdf\" style=\"width:100%;height:250px\" aria-label=\"Contenu embarqu\u00e9 Contenu embarqu\u00e9 Assembl\u00e9e G\u00e9n\u00e9rale 2002..\"><\/object><a id=\"wp-block-file--media-31fa503d-2b0a-4dd1-88d3-6a631e38adee\" href=\"https:\/\/hautesalpes-athletisme.fr\/wp-content\/uploads\/2022\/02\/AG_CD05_2002.pdf\">Assembl\u00e9e G\u00e9n\u00e9rale 2002<\/a><a href=\"https:\/\/hautesalpes-athletisme.fr\/wp-content\/uploads\/2022\/02\/AG_CD05_2002.pdf\" class=\"wp-block-file__button\" download aria-describedby=\"wp-block-file--media-31fa503d-2b0a-4dd1-88d3-6a631e38adee\">T\u00e9l\u00e9charger<\/a><\/div>\n\n\n\n<h2 class=\"wp-block-heading\" id=\"2003\"><strong>2003<\/strong><\/h2>\n\n\n\n<p><strong>7 novembre<\/strong> : Assembl\u00e9e G\u00e9n\u00e9rale avant celle de la Ligue de Provence \u00e0 La Saulce.<\/p>\n\n\n\n<div data-wp-interactive=\"core\/file\" class=\"wp-block-file\"><object data-wp-bind--hidden=\"!state.hasPdfPreview\" hidden class=\"wp-block-file__embed\" data=\"https:\/\/hautesalpes-athletisme.fr\/wp-content\/uploads\/2022\/02\/AG_CD05_2003.pdf\" type=\"application\/pdf\" style=\"width:100%;height:220px\" aria-label=\"Contenu embarqu\u00e9 Contenu embarqu\u00e9 Assembl\u00e9e G\u00e9n\u00e9rale 2003..\"><\/object><a id=\"wp-block-file--media-eddf7001-9216-4efd-ae9d-a02e31e9b686\" href=\"https:\/\/hautesalpes-athletisme.fr\/wp-content\/uploads\/2022\/02\/AG_CD05_2003.pdf\">Assembl\u00e9e G\u00e9n\u00e9rale 2003<\/a><a href=\"https:\/\/hautesalpes-athletisme.fr\/wp-content\/uploads\/2022\/02\/AG_CD05_2003.pdf\" class=\"wp-block-file__button\" download aria-describedby=\"wp-block-file--media-eddf7001-9216-4efd-ae9d-a02e31e9b686\">T\u00e9l\u00e9charger<\/a><\/div>\n\n\n\n<p><strong>15 d\u00e9cembre<\/strong> : le dernier Comit\u00e9 Directeur de l&rsquo;ann\u00e9e envisage l&rsquo;achat du chronom\u00e8tre \u00e9lectrique : 24 000 \u20ac<\/p>\n\n\n\n<h2 class=\"wp-block-heading\" id=\"2004\"><strong>2004<\/strong><\/h2>\n\n\n\n<p><strong>22 octobre<\/strong> : l&rsquo;Assembl\u00e9e G\u00e9n\u00e9rale relate les performances de <strong>Sandrine GABRY<\/strong>, <strong>M\u00e9lanie LEBORGNE<\/strong>,  <strong>Pascaline MELINON<\/strong>, <strong>Peggy DEMAISON<\/strong>, <strong>Florian BERSAN<\/strong>, <strong>Pascal HAUDICOT<\/strong> et les v\u00e9t\u00e9rans du GH2A en Cross et Ekiden.<\/p>\n\n\n\n<div data-wp-interactive=\"core\/file\" class=\"wp-block-file\"><object data-wp-bind--hidden=\"!state.hasPdfPreview\" hidden class=\"wp-block-file__embed\" data=\"https:\/\/hautesalpes-athletisme.fr\/wp-content\/uploads\/2022\/02\/AG_CD05_2004.pdf\" type=\"application\/pdf\" style=\"width:100%;height:200px\" aria-label=\"Contenu embarqu\u00e9 Contenu embarqu\u00e9 Assembl\u00e9e G\u00e9n\u00e9rale 2004..\"><\/object><a id=\"wp-block-file--media-43c776cf-1bd9-4e91-9509-fb2b17998011\" href=\"https:\/\/hautesalpes-athletisme.fr\/wp-content\/uploads\/2022\/02\/AG_CD05_2004.pdf\">Assembl\u00e9e G\u00e9n\u00e9rale 2004<\/a><a href=\"https:\/\/hautesalpes-athletisme.fr\/wp-content\/uploads\/2022\/02\/AG_CD05_2004.pdf\" class=\"wp-block-file__button\" download aria-describedby=\"wp-block-file--media-43c776cf-1bd9-4e91-9509-fb2b17998011\">T\u00e9l\u00e9charger<\/a><\/div>\n\n\n\n<h2 class=\"wp-block-heading\" id=\"2005\"><strong>2005<\/strong><\/h2>\n\n\n\n<p><strong>21 octobre<\/strong> : Assembl\u00e9e G\u00e9n\u00e9rale<\/p>\n\n\n\n<div data-wp-interactive=\"core\/file\" class=\"wp-block-file\"><object data-wp-bind--hidden=\"!state.hasPdfPreview\" hidden class=\"wp-block-file__embed\" data=\"https:\/\/hautesalpes-athletisme.fr\/wp-content\/uploads\/2022\/02\/AG_CD05_2005.pdf\" type=\"application\/pdf\" style=\"width:100%;height:230px\" aria-label=\"Contenu embarqu\u00e9 Contenu embarqu\u00e9 Assembl\u00e9e G\u00e9n\u00e9rale 2005..\"><\/object><a id=\"wp-block-file--media-c5e55a5b-8024-4f8b-80fd-a421725e1622\" href=\"https:\/\/hautesalpes-athletisme.fr\/wp-content\/uploads\/2022\/02\/AG_CD05_2005.pdf\">Assembl\u00e9e G\u00e9n\u00e9rale 2005<\/a><a href=\"https:\/\/hautesalpes-athletisme.fr\/wp-content\/uploads\/2022\/02\/AG_CD05_2005.pdf\" class=\"wp-block-file__button\" download aria-describedby=\"wp-block-file--media-c5e55a5b-8024-4f8b-80fd-a421725e1622\">T\u00e9l\u00e9charger<\/a><\/div>\n\n\n\n<h2 class=\"wp-block-heading\" id=\"2006\"><strong>2006<\/strong><\/h2>\n\n\n\n<p><strong>20 octobre<\/strong> : l&rsquo;Assembl\u00e9e G\u00e9n\u00e9rale relate la mise en place du <strong>chrono \u00e9lectrique<\/strong> et l&rsquo;exp\u00e9rience douloureuse du club d\u00e9partemental en <strong>nationale 1<\/strong>.<\/p>\n\n\n\n<div data-wp-interactive=\"core\/file\" class=\"wp-block-file\"><object data-wp-bind--hidden=\"!state.hasPdfPreview\" hidden class=\"wp-block-file__embed\" data=\"https:\/\/hautesalpes-athletisme.fr\/wp-content\/uploads\/2022\/02\/AG_CD05_2006.pdf\" type=\"application\/pdf\" style=\"width:100%;height:200px\" aria-label=\"Contenu embarqu\u00e9 Contenu embarqu\u00e9 Assembl\u00e9e G\u00e9n\u00e9rale 2006..\"><\/object><a id=\"wp-block-file--media-96d8fe03-4e97-4fd3-8eed-b2d6c1590574\" href=\"https:\/\/hautesalpes-athletisme.fr\/wp-content\/uploads\/2022\/02\/AG_CD05_2006.pdf\">Assembl\u00e9e G\u00e9n\u00e9rale 2006<\/a><a href=\"https:\/\/hautesalpes-athletisme.fr\/wp-content\/uploads\/2022\/02\/AG_CD05_2006.pdf\" class=\"wp-block-file__button\" download aria-describedby=\"wp-block-file--media-96d8fe03-4e97-4fd3-8eed-b2d6c1590574\">T\u00e9l\u00e9charger<\/a><\/div>\n\n\n\n<h2 class=\"wp-block-heading\" id=\"2007\"><strong>2007<\/strong><\/h2>\n\n\n\n<p>10 octobre : l&rsquo;Assembl\u00e9e G\u00e9n\u00e9rale relate les performances de <strong>Benjamin ROUILLON<\/strong>, <strong>Marine<\/strong> <strong>OUVRIER-BUFFET<\/strong>, <strong>Sandrine GABRY,<\/strong> <strong>M\u00e9lanie LEBORGNE<\/strong>, <strong>Pascal BERTRAND<\/strong> et les d\u00e9buts prometteurs de <strong>Angelo GALLO<\/strong> et des s\u0153urs <strong>CHARABOT<\/strong>.<\/p>\n\n\n\n<div data-wp-interactive=\"core\/file\" class=\"wp-block-file\"><object data-wp-bind--hidden=\"!state.hasPdfPreview\" hidden class=\"wp-block-file__embed\" data=\"https:\/\/hautesalpes-athletisme.fr\/wp-content\/uploads\/2022\/02\/AG_CD05_2007.pdf\" type=\"application\/pdf\" style=\"width:100%;height:220px\" aria-label=\"Contenu embarqu\u00e9 Contenu embarqu\u00e9 Assembl\u00e9e G\u00e9n\u00e9rale 2007..\"><\/object><a id=\"wp-block-file--media-1d1dd744-35a8-4ba9-800f-3e20aecee608\" href=\"https:\/\/hautesalpes-athletisme.fr\/wp-content\/uploads\/2022\/02\/AG_CD05_2007.pdf\">Assembl\u00e9e G\u00e9n\u00e9rale 2007<\/a><a href=\"https:\/\/hautesalpes-athletisme.fr\/wp-content\/uploads\/2022\/02\/AG_CD05_2007.pdf\" class=\"wp-block-file__button\" download aria-describedby=\"wp-block-file--media-1d1dd744-35a8-4ba9-800f-3e20aecee608\">T\u00e9l\u00e9charger<\/a><\/div>\n\n\n\n<h2 class=\"wp-block-heading\" id=\"2008\"><strong>2008<\/strong><\/h2>\n\n\n\n<div data-wp-interactive=\"core\/file\" class=\"wp-block-file\"><object data-wp-bind--hidden=\"!state.hasPdfPreview\" hidden class=\"wp-block-file__embed\" data=\"https:\/\/hautesalpes-athletisme.fr\/wp-content\/uploads\/2022\/02\/AG_CD05_2008.pdf\" type=\"application\/pdf\" style=\"width:100%;height:200px\" aria-label=\"Contenu embarqu\u00e9 Contenu embarqu\u00e9 Bilans 2008..\"><\/object><a id=\"wp-block-file--media-133a4bdc-9f05-434e-84d6-4c41255f880a\" href=\"https:\/\/hautesalpes-athletisme.fr\/wp-content\/uploads\/2022\/02\/AG_CD05_2008.pdf\">Bilans 2008<\/a><a href=\"https:\/\/hautesalpes-athletisme.fr\/wp-content\/uploads\/2022\/02\/AG_CD05_2008.pdf\" class=\"wp-block-file__button\" download aria-describedby=\"wp-block-file--media-133a4bdc-9f05-434e-84d6-4c41255f880a\">T\u00e9l\u00e9charger<\/a><\/div>\n\n\n\n<h2 class=\"wp-block-heading\" id=\"2009\"><strong>2009<\/strong><\/h2>\n\n\n\n<p><strong>23 octobre<\/strong> : Assembl\u00e9e G\u00e9n\u00e9rale<\/p>\n\n\n\n<div data-wp-interactive=\"core\/file\" class=\"wp-block-file\"><object data-wp-bind--hidden=\"!state.hasPdfPreview\" hidden class=\"wp-block-file__embed\" data=\"https:\/\/hautesalpes-athletisme.fr\/wp-content\/uploads\/2022\/02\/AG_CD05_2009.pdf\" type=\"application\/pdf\" style=\"width:100%;height:200px\" aria-label=\"Contenu embarqu\u00e9 Contenu embarqu\u00e9 Assembl\u00e9e G\u00e9n\u00e9rale 2009..\"><\/object><a id=\"wp-block-file--media-80a57dd3-d344-4c52-b562-7a2ac3f1166e\" href=\"https:\/\/hautesalpes-athletisme.fr\/wp-content\/uploads\/2022\/02\/AG_CD05_2009.pdf\">Assembl\u00e9e G\u00e9n\u00e9rale 2009<\/a><a href=\"https:\/\/hautesalpes-athletisme.fr\/wp-content\/uploads\/2022\/02\/AG_CD05_2009.pdf\" class=\"wp-block-file__button\" download aria-describedby=\"wp-block-file--media-80a57dd3-d344-4c52-b562-7a2ac3f1166e\">T\u00e9l\u00e9charger<\/a><\/div>\n\n\n\n<h2 class=\"wp-block-heading\" id=\"2010\"><strong>2010<\/strong><\/h2>\n\n\n\n<div data-wp-interactive=\"core\/file\" class=\"wp-block-file\"><object data-wp-bind--hidden=\"!state.hasPdfPreview\" hidden class=\"wp-block-file__embed\" data=\"https:\/\/hautesalpes-athletisme.fr\/wp-content\/uploads\/2022\/02\/AG_CD05_2010.pdf\" type=\"application\/pdf\" style=\"width:100%;height:200px\" aria-label=\"Contenu embarqu\u00e9 Contenu embarqu\u00e9 Assembl\u00e9e G\u00e9n\u00e9rale 2010..\"><\/object><a id=\"wp-block-file--media-ba51737b-af55-4d90-b4f2-6e0c38abafb9\" href=\"https:\/\/hautesalpes-athletisme.fr\/wp-content\/uploads\/2022\/02\/AG_CD05_2010.pdf\">Assembl\u00e9e G\u00e9n\u00e9rale 2010<\/a><a href=\"https:\/\/hautesalpes-athletisme.fr\/wp-content\/uploads\/2022\/02\/AG_CD05_2010.pdf\" class=\"wp-block-file__button\" download aria-describedby=\"wp-block-file--media-ba51737b-af55-4d90-b4f2-6e0c38abafb9\">T\u00e9l\u00e9charger<\/a><\/div>\n","protected":false},"excerpt":{"rendered":"<p>2001 Vendredi 23 novembre : Assembl\u00e9e G\u00e9n\u00e9rale 2001 \u00e0 Pelleautier. Elle relate les performances de Sophie GAZZOLA et Laurence MANFREDI titr\u00e9es sur le plan national et les 7 podiums obtenus lors des Championnats de France par les clubs du d\u00e9partement. 2002 21 novembre : l&rsquo;Assembl\u00e9e G\u00e9n\u00e9rale annonce la cr\u00e9ation du GAP HAUTES ALPES ATHLETISME, r\u00e9sultat &hellip; <\/p>\n<p class=\"link-more\"><a href=\"https:\/\/hautesalpes-athletisme.fr\/?page_id=156\" class=\"more-link\">Continuer la lecture<span class=\"screen-reader-text\"> de &laquo;&nbsp;2001 \u00e0 2010&nbsp;&raquo;<\/span><\/a><\/p>\n","protected":false},"author":1,"featured_media":0,"parent":0,"menu_order":0,"comment_status":"open","ping_status":"closed","template":"","meta":{"footnotes":""},"class_list":["post-156","page","type-page","status-publish","hentry"],"_links":{"self":[{"href":"https:\/\/hautesalpes-athletisme.fr\/index.php?rest_route=\/wp\/v2\/pages\/156","targetHints":{"allow":["GET"]}}],"collection":[{"href":"https:\/\/hautesalpes-athletisme.fr\/index.php?rest_route=\/wp\/v2\/pages"}],"about":[{"href":"https:\/\/hautesalpes-athletisme.fr\/index.php?rest_route=\/wp\/v2\/types\/page"}],"author":[{"embeddable":true,"href":"https:\/\/hautesalpes-athletisme.fr\/index.php?rest_route=\/wp\/v2\/users\/1"}],"replies":[{"embeddable":true,"href":"https:\/\/hautesalpes-athletisme.fr\/index.php?rest_route=%2Fwp%2Fv2%2Fcomments&post=156"}],"version-history":[{"count":18,"href":"https:\/\/hautesalpes-athletisme.fr\/index.php?rest_route=\/wp\/v2\/pages\/156\/revisions"}],"predecessor-version":[{"id":406,"href":"https:\/\/hautesalpes-athletisme.fr\/index.php?rest_route=\/wp\/v2\/pages\/156\/revisions\/406"}],"wp:attachment":[{"href":"https:\/\/hautesalpes-athletisme.fr\/index.php?rest_route=%2Fwp%2Fv2%2Fmedia&parent=156"}],"curies":[{"name":"wp","href":"https:\/\/api.w.org\/{rel}","templated":true}]}}