{"id":160,"date":"2022-01-08T16:25:28","date_gmt":"2022-01-08T15:25:28","guid":{"rendered":"http:\/\/hautesalpes-athletisme.fr\/?page_id=160"},"modified":"2023-01-24T16:37:45","modified_gmt":"2023-01-24T15:37:45","slug":"2010-a-2019","status":"publish","type":"page","link":"https:\/\/hautesalpes-athletisme.fr\/?page_id=160","title":{"rendered":"2011 \u00e0 2020"},"content":{"rendered":"\n<h2 class=\"wp-block-heading\" id=\"2011\"><strong>2011<\/strong><\/h2>\n\n\n\n<div data-wp-interactive=\"core\/file\" class=\"wp-block-file\"><object data-wp-bind--hidden=\"!state.hasPdfPreview\" hidden class=\"wp-block-file__embed\" data=\"https:\/\/hautesalpes-athletisme.fr\/wp-content\/uploads\/2022\/02\/AG_CD05_2011.pdf\" type=\"application\/pdf\" style=\"width:100%;height:200px\" aria-label=\"Contenu embarqu\u00e9 Assembl\u00e9e G\u00e9n\u00e9rale 2011.\"><\/object><a id=\"wp-block-file--media-a509401e-440d-4aa3-bc99-64b5a2c2bb30\" href=\"https:\/\/hautesalpes-athletisme.fr\/wp-content\/uploads\/2022\/02\/AG_CD05_2011.pdf\">Assembl\u00e9e G\u00e9n\u00e9rale 2011<\/a><a href=\"https:\/\/hautesalpes-athletisme.fr\/wp-content\/uploads\/2022\/02\/AG_CD05_2011.pdf\" class=\"wp-block-file__button wp-element-button\" download aria-describedby=\"wp-block-file--media-a509401e-440d-4aa3-bc99-64b5a2c2bb30\">T\u00e9l\u00e9charger<\/a><\/div>\n\n\n\n<h2 class=\"wp-block-heading\" id=\"2012\"><strong>2012<\/strong><\/h2>\n\n\n\n<p><strong>27 mai<\/strong> : Organisation des \u00ab\u00a0Championnats de France de Course en Montagne\u00a0\u00bb \u00e0 Charance<\/p>\n\n\n\n<div data-wp-interactive=\"core\/file\" class=\"wp-block-file\"><object data-wp-bind--hidden=\"!state.hasPdfPreview\" hidden class=\"wp-block-file__embed\" data=\"https:\/\/hautesalpes-athletisme.fr\/wp-content\/uploads\/2022\/02\/AG_CD05_2012.pdf\" type=\"application\/pdf\" style=\"width:100%;height:200px\" aria-label=\"Contenu embarqu\u00e9 Assembl\u00e9e G\u00e9n\u00e9rale 2012.\"><\/object><a id=\"wp-block-file--media-c3ab9ac3-44b8-41a7-8bbd-a0432ed4bb33\" href=\"https:\/\/hautesalpes-athletisme.fr\/wp-content\/uploads\/2022\/02\/AG_CD05_2012.pdf\">Assembl\u00e9e G\u00e9n\u00e9rale 2012<\/a><a href=\"https:\/\/hautesalpes-athletisme.fr\/wp-content\/uploads\/2022\/02\/AG_CD05_2012.pdf\" class=\"wp-block-file__button wp-element-button\" download aria-describedby=\"wp-block-file--media-c3ab9ac3-44b8-41a7-8bbd-a0432ed4bb33\">T\u00e9l\u00e9charger<\/a><\/div>\n\n\n\n<h2 class=\"wp-block-heading\" id=\"2013\"><strong>2013<\/strong><\/h2>\n\n\n\n<p><strong>2 f\u00e9vrier 2013<\/strong> : Assembl\u00e9e G\u00e9n\u00e9rale \u00e0 Embrun elle signale la performance de <strong>Damien<\/strong> <strong>CHAPERON<\/strong> titr\u00e9 national en V\u00e9t\u00e9ran et des jeunes athl\u00e8tes du d\u00e9partement ( 19 qualifications aux France Jeunes). La cr\u00e9ation de \u00ab\u00a0<strong>ECRINS TRAIL CLUB<\/strong>\u00a0\u00bb est annonc\u00e9e.<\/p>\n\n\n\n<div data-wp-interactive=\"core\/file\" class=\"wp-block-file\"><object data-wp-bind--hidden=\"!state.hasPdfPreview\" hidden class=\"wp-block-file__embed\" data=\"https:\/\/hautesalpes-athletisme.fr\/wp-content\/uploads\/2022\/01\/CR_AG_CD05_-2013.pdf\" type=\"application\/pdf\" style=\"width:100%;height:350px\" aria-label=\"Contenu embarqu\u00e9 Assembl\u00e9e G\u00e9n\u00e9rale 2013.\"><\/object><a id=\"wp-block-file--media-19bcb5fa-2a57-4ebb-bf42-4b7b795e1f14\" href=\"https:\/\/hautesalpes-athletisme.fr\/wp-content\/uploads\/2022\/01\/CR_AG_CD05_-2013.pdf\">Assembl\u00e9e G\u00e9n\u00e9rale 2013<\/a><a href=\"https:\/\/hautesalpes-athletisme.fr\/wp-content\/uploads\/2022\/01\/CR_AG_CD05_-2013.pdf\" class=\"wp-block-file__button wp-element-button\" download aria-describedby=\"wp-block-file--media-19bcb5fa-2a57-4ebb-bf42-4b7b795e1f14\">T\u00e9l\u00e9charger<\/a><\/div>\n\n\n\n<p><strong>7 juillet <\/strong>: Organisation de la \u00ab\u00a01\u00e8re Coupe du Monde de Course en Montagne\u00a0\u00bb Cadets<\/p>\n\n\n\n<p><strong>6 octobre<\/strong> : organisation des premiers \u00ab\u00a0Championnats de France de Trail\u00a0\u00bb \u00e0 Gap<\/p>\n\n\n\n<h2 class=\"wp-block-heading\" id=\"2014\"><strong>2014<\/strong><\/h2>\n\n\n\n<p><strong>12 juillet<\/strong> : organisation des \u00ab\u00a0Championnats d&rsquo;Europe de Course en Montagne\u00a0\u00bb \u00e0 Charance<\/p>\n\n\n\n<h2 class=\"wp-block-heading\"><strong>2015<\/strong><\/h2>\n\n\n\n<p><\/p>\n\n\n\n<div data-wp-interactive=\"core\/file\" class=\"wp-block-file\"><object data-wp-bind--hidden=\"!state.hasPdfPreview\" hidden class=\"wp-block-file__embed\" data=\"https:\/\/hautesalpes-athletisme.fr\/wp-content\/uploads\/2022\/05\/AG-2015-FFA-05.pdf\" type=\"application\/pdf\" style=\"width:100%;height:260px\" aria-label=\"Contenu embarqu\u00e9 Assembl\u00e9e G\u00e9n\u00e9rale 2015.\"><\/object><a id=\"wp-block-file--media-543d64c2-09c9-4fce-bc72-40b8a6b0407a\" href=\"https:\/\/hautesalpes-athletisme.fr\/wp-content\/uploads\/2022\/05\/AG-2015-FFA-05.pdf\">Assembl\u00e9e G\u00e9n\u00e9rale 2015<\/a><a href=\"https:\/\/hautesalpes-athletisme.fr\/wp-content\/uploads\/2022\/05\/AG-2015-FFA-05.pdf\" class=\"wp-block-file__button wp-element-button\" download aria-describedby=\"wp-block-file--media-543d64c2-09c9-4fce-bc72-40b8a6b0407a\">T\u00e9l\u00e9charger<\/a><\/div>\n\n\n\n<p>Relate les performances de <strong>Jeffrey DE FREITAS<\/strong> et <strong>St\u00e9phane RICARD<\/strong><\/p>\n\n\n\n<h2 class=\"wp-block-heading\"><strong>2016<\/strong><\/h2>\n\n\n\n<div data-wp-interactive=\"core\/file\" class=\"wp-block-file\"><object data-wp-bind--hidden=\"!state.hasPdfPreview\" hidden class=\"wp-block-file__embed\" data=\"https:\/\/hautesalpes-athletisme.fr\/wp-content\/uploads\/2022\/05\/CR-AG-FFA05-2016.pdf\" type=\"application\/pdf\" style=\"width:100%;height:280px\" aria-label=\"Contenu embarqu\u00e9 Assembl\u00e9e G\u00e9n\u00e9rale 2016.\"><\/object><a id=\"wp-block-file--media-4e5c974b-8557-4df5-8bf8-7d17df3eb50c\" href=\"https:\/\/hautesalpes-athletisme.fr\/wp-content\/uploads\/2022\/05\/CR-AG-FFA05-2016.pdf\">Assembl\u00e9e G\u00e9n\u00e9rale 2016<\/a><a href=\"https:\/\/hautesalpes-athletisme.fr\/wp-content\/uploads\/2022\/05\/CR-AG-FFA05-2016.pdf\" class=\"wp-block-file__button wp-element-button\" download aria-describedby=\"wp-block-file--media-4e5c974b-8557-4df5-8bf8-7d17df3eb50c\">T\u00e9l\u00e9charger<\/a><\/div>\n\n\n\n<h2 class=\"wp-block-heading\"><strong>2017<\/strong><\/h2>\n\n\n\n<div data-wp-interactive=\"core\/file\" class=\"wp-block-file\"><object data-wp-bind--hidden=\"!state.hasPdfPreview\" hidden class=\"wp-block-file__embed\" data=\"https:\/\/hautesalpes-athletisme.fr\/wp-content\/uploads\/2022\/05\/Rapport-AG-2017-comite-FFA-Hautes-Alpes.pdf\" type=\"application\/pdf\" style=\"width:100%;height:220px\" aria-label=\"Contenu embarqu\u00e9 Assembl\u00e9e G\u00e9n\u00e9rale 2017.\"><\/object><a id=\"wp-block-file--media-b171fe8a-fd75-4c72-a0b8-51571c87acef\" href=\"https:\/\/hautesalpes-athletisme.fr\/wp-content\/uploads\/2022\/05\/Rapport-AG-2017-comite-FFA-Hautes-Alpes.pdf\">Assembl\u00e9e G\u00e9n\u00e9rale 2017<\/a><a href=\"https:\/\/hautesalpes-athletisme.fr\/wp-content\/uploads\/2022\/05\/Rapport-AG-2017-comite-FFA-Hautes-Alpes.pdf\" class=\"wp-block-file__button wp-element-button\" download aria-describedby=\"wp-block-file--media-b171fe8a-fd75-4c72-a0b8-51571c87acef\">T\u00e9l\u00e9charger<\/a><\/div>\n\n\n\n<h2 class=\"wp-block-heading\"><strong>2018<\/strong><\/h2>\n\n\n\n<div data-wp-interactive=\"core\/file\" class=\"wp-block-file\"><object data-wp-bind--hidden=\"!state.hasPdfPreview\" hidden class=\"wp-block-file__embed\" data=\"https:\/\/hautesalpes-athletisme.fr\/wp-content\/uploads\/2022\/05\/Rapport-AG-2018-Comite-FFA-05.pdf\" type=\"application\/pdf\" style=\"width:100%;height:290px\" aria-label=\"Contenu embarqu\u00e9 Assembl\u00e9e G\u00e9n\u00e9rale 2018.\"><\/object><a id=\"wp-block-file--media-ff317d66-b4ea-4d7f-ba7d-d8ce4a4737f2\" href=\"https:\/\/hautesalpes-athletisme.fr\/wp-content\/uploads\/2022\/05\/Rapport-AG-2018-Comite-FFA-05.pdf\">Assembl\u00e9e G\u00e9n\u00e9rale 2018<\/a><a href=\"https:\/\/hautesalpes-athletisme.fr\/wp-content\/uploads\/2022\/05\/Rapport-AG-2018-Comite-FFA-05.pdf\" class=\"wp-block-file__button wp-element-button\" download aria-describedby=\"wp-block-file--media-ff317d66-b4ea-4d7f-ba7d-d8ce4a4737f2\">T\u00e9l\u00e9charger<\/a><\/div>\n\n\n\n<h2 class=\"wp-block-heading\"><strong>2019<\/strong><\/h2>\n\n\n\n<div data-wp-interactive=\"core\/file\" class=\"wp-block-file\"><object data-wp-bind--hidden=\"!state.hasPdfPreview\" hidden class=\"wp-block-file__embed\" data=\"https:\/\/hautesalpes-athletisme.fr\/wp-content\/uploads\/2022\/05\/Rapport-AG-2019-FFA-05.pdf\" type=\"application\/pdf\" style=\"width:100%;height:220px\" aria-label=\"Contenu embarqu\u00e9 Assembl\u00e9e G\u00e9n\u00e9rale 2019.\"><\/object><a id=\"wp-block-file--media-4eaf9032-6af4-46df-b08f-e43b77110f7d\" href=\"https:\/\/hautesalpes-athletisme.fr\/wp-content\/uploads\/2022\/05\/Rapport-AG-2019-FFA-05.pdf\">Assembl\u00e9e G\u00e9n\u00e9rale 2019<\/a><a href=\"https:\/\/hautesalpes-athletisme.fr\/wp-content\/uploads\/2022\/05\/Rapport-AG-2019-FFA-05.pdf\" class=\"wp-block-file__button wp-element-button\" download aria-describedby=\"wp-block-file--media-4eaf9032-6af4-46df-b08f-e43b77110f7d\">T\u00e9l\u00e9charger<\/a><\/div>\n\n\n\n<p>Relate les performances de<strong> Julie TOURTET<\/strong>, <strong>Robin EMIG<\/strong>, <strong>Alexandre FINE<\/strong>, <strong>H\u00e9lo\u00efse FERAUD<\/strong> et <strong>Herv\u00e9 GIRAUD-SAUVEUR<\/strong><\/p>\n\n\n\n<h2 class=\"wp-block-heading\" id=\"2020\"><strong>2020<\/strong><\/h2>\n\n\n\n<p><strong>31 janvier<\/strong> : Assembl\u00e9e G\u00e9n\u00e9rale<\/p>\n\n\n\n<div data-wp-interactive=\"core\/file\" class=\"wp-block-file\"><object data-wp-bind--hidden=\"!state.hasPdfPreview\" hidden class=\"wp-block-file__embed\" data=\"https:\/\/hautesalpes-athletisme.fr\/wp-content\/uploads\/2023\/01\/Rapport-AG-2020-Comite-FFA05.pdf\" type=\"application\/pdf\" style=\"width:100%;height:490px\" aria-label=\"Contenu embarqu\u00e9 Rapport-AG-2020-Comite-FFA05.\"><\/object><a id=\"wp-block-file--media-cc5a0767-ba9a-4a1b-9df7-b899529eb17b\" href=\"https:\/\/hautesalpes-athletisme.fr\/wp-content\/uploads\/2023\/01\/Rapport-AG-2020-Comite-FFA05.pdf\">Rapport-AG-2020-Comite-FFA05<\/a><a href=\"https:\/\/hautesalpes-athletisme.fr\/wp-content\/uploads\/2023\/01\/Rapport-AG-2020-Comite-FFA05.pdf\" class=\"wp-block-file__button wp-element-button\" download aria-describedby=\"wp-block-file--media-cc5a0767-ba9a-4a1b-9df7-b899529eb17b\">T\u00e9l\u00e9charger<\/a><\/div>\n\n\n\n<p><strong>27 septembre<\/strong> : organisation des \u00ab\u00a0Championnats de France de Course en Montagne\u00a0\u00bb dans le D\u00e9voluy.<\/p>\n","protected":false},"excerpt":{"rendered":"<p>2011 2012 27 mai : Organisation des \u00ab\u00a0Championnats de France de Course en Montagne\u00a0\u00bb \u00e0 Charance 2013 2 f\u00e9vrier 2013 : Assembl\u00e9e G\u00e9n\u00e9rale \u00e0 Embrun elle signale la performance de Damien CHAPERON titr\u00e9 national en V\u00e9t\u00e9ran et des jeunes athl\u00e8tes du d\u00e9partement ( 19 qualifications aux France Jeunes). La cr\u00e9ation de \u00ab\u00a0ECRINS TRAIL CLUB\u00a0\u00bb est &hellip; <\/p>\n<p class=\"link-more\"><a href=\"https:\/\/hautesalpes-athletisme.fr\/?page_id=160\" class=\"more-link\">Continuer la lecture<span class=\"screen-reader-text\"> de &laquo;&nbsp;2011 \u00e0 2020&nbsp;&raquo;<\/span><\/a><\/p>\n","protected":false},"author":1,"featured_media":0,"parent":0,"menu_order":0,"comment_status":"closed","ping_status":"closed","template":"","meta":{"footnotes":""},"class_list":["post-160","page","type-page","status-publish","hentry"],"_links":{"self":[{"href":"https:\/\/hautesalpes-athletisme.fr\/index.php?rest_route=\/wp\/v2\/pages\/160","targetHints":{"allow":["GET"]}}],"collection":[{"href":"https:\/\/hautesalpes-athletisme.fr\/index.php?rest_route=\/wp\/v2\/pages"}],"about":[{"href":"https:\/\/hautesalpes-athletisme.fr\/index.php?rest_route=\/wp\/v2\/types\/page"}],"author":[{"embeddable":true,"href":"https:\/\/hautesalpes-athletisme.fr\/index.php?rest_route=\/wp\/v2\/users\/1"}],"replies":[{"embeddable":true,"href":"https:\/\/hautesalpes-athletisme.fr\/index.php?rest_route=%2Fwp%2Fv2%2Fcomments&post=160"}],"version-history":[{"count":12,"href":"https:\/\/hautesalpes-athletisme.fr\/index.php?rest_route=\/wp\/v2\/pages\/160\/revisions"}],"predecessor-version":[{"id":957,"href":"https:\/\/hautesalpes-athletisme.fr\/index.php?rest_route=\/wp\/v2\/pages\/160\/revisions\/957"}],"wp:attachment":[{"href":"https:\/\/hautesalpes-athletisme.fr\/index.php?rest_route=%2Fwp%2Fv2%2Fmedia&parent=160"}],"curies":[{"name":"wp","href":"https:\/\/api.w.org\/{rel}","templated":true}]}}