{"id":164,"date":"2022-01-08T16:27:06","date_gmt":"2022-01-08T15:27:06","guid":{"rendered":"http:\/\/hautesalpes-athletisme.fr\/?page_id=164"},"modified":"2026-04-01T16:29:29","modified_gmt":"2026-04-01T14:29:29","slug":"2020-a-2022","status":"publish","type":"page","link":"https:\/\/hautesalpes-athletisme.fr\/?page_id=164","title":{"rendered":"2021 \u00e0 2030"},"content":{"rendered":"\n<h2 class=\"wp-block-heading\" id=\"2021\"><strong>2021<\/strong><\/h2>\n\n\n\n<p><strong>12 septembre<\/strong> : organisation des <a href=\"https:\/\/www.gh2a.fr\/articles\/83792-championnats-de-france-de-course-en-montagne-a-ancelle\">Championnats de France de course en montagne \u00e0 <strong>Ancelle<\/strong><\/a><\/p>\n\n\n\n<h2 class=\"wp-block-heading\" id=\"2022\"><strong>2022<\/strong><\/h2>\n\n\n\n<p><strong>22 janvier 2022<\/strong> : <a href=\"https:\/\/hautesalpes-athletisme.fr\/?p=269\">Assembl\u00e9e G\u00e9n\u00e9rale 2021<\/a><\/p>\n\n\n\n<p><strong>20 f\u00e9vrier<\/strong> : Interr\u00e9gional de Cross-country \u00e0 <strong>Serres <a href=\"https:\/\/hautesalpes-athletisme.fr\/?p=410\">Germanette<\/a><\/strong><\/p>\n\n\n\n<p><strong>4 et 5 juin<\/strong> : <a href=\"https:\/\/hautesalpes-athletisme.fr\/?p=771\">R\u00e9gionaux d\u2019Epreuves Combin\u00e9es \u00e0 Gap<\/a><\/p>\n\n\n\n<h2 class=\"wp-block-heading\"><strong>2023<\/strong><\/h2>\n\n\n\n<p><strong>21 janvier<\/strong> : <a href=\"https:\/\/hautesalpes-athletisme.fr\/?p=947\">Assembl\u00e9e G\u00e9n\u00e9rale 2022<\/a><\/p>\n\n\n\n<p><strong>14 mai <\/strong>:  <a href=\"https:\/\/hautesalpes-athletisme.fr\/?p=1057\">Championnats de France de Course en Montagne <\/a>en <strong>D\u00e9voluy<\/strong><\/p>\n\n\n\n<p><strong>5 ao\u00fbt<\/strong> : <a href=\"https:\/\/hautesalpes-athletisme.fr\/?p=1188\">Championnats de France de Course Verticale \u00e0 <strong>Merlette<\/strong><\/a><\/p>\n\n\n\n<h2 class=\"wp-block-heading\"><strong>2024<\/strong><\/h2>\n\n\n\n<p><strong>13 janvier<\/strong> : <a href=\"https:\/\/hautesalpes-athletisme.fr\/?p=1310\">Perche Elite Tour \u00e0 <strong>Super D\u00e9voluy<\/strong><\/a><\/p>\n\n\n\n<p><strong>20 janvier<\/strong> : <a href=\"https:\/\/hautesalpes-athletisme.fr\/?p=1350\">Assembl\u00e9e G\u00e9n\u00e9rale 2023 <\/a>\u00e0 <strong>L&rsquo;Argenti\u00e8re<\/strong>.<\/p>\n\n\n\n<p><strong>28 janvier<\/strong> : <a href=\"https:\/\/hautesalpes-athletisme.fr\/?p=1363\">1\/4 de Finales des Championnats de France de Cross<\/a> \u00e0 <strong>Serres-Germanette<\/strong><\/p>\n\n\n\n<p><strong>28 avril<\/strong> : <a href=\"https:\/\/hautesalpes-athletisme.fr\/?p=1482\">Championnats de France de Course en montagne <\/a> \u00e0 <strong>Brian\u00e7on<\/strong><\/p>\n\n\n\n<p><strong>3 juillet<\/strong> : <a href=\"https:\/\/hautesalpes-athletisme.fr\/?p=1585\"><strong>Robin EMIG<\/strong> aux jeux\u2026<\/a><\/p>\n\n\n\n<h2 class=\"wp-block-heading\"><strong>2025<\/strong><\/h2>\n\n\n\n<p><strong>11 janvier<\/strong> : <a href=\"https:\/\/hautesalpes-athletisme.fr\/?p=1871\">&nbsp;Perche Elite Tour&nbsp; \u00e0 <strong>Superd\u00e9voluy<\/strong><\/a><\/p>\n\n\n\n<p><strong>1er f\u00e9vrier<\/strong> : <a href=\"https:\/\/hautesalpes-athletisme.fr\/?p=1945\">Assembl\u00e9e G\u00e9n\u00e9rale 2024<\/a> \u00e0 <strong>Mont-Dauphin<\/strong><\/p>\n\n\n\n<p><strong>23 f\u00e9vrier<\/strong> : <a href=\"https:\/\/hautesalpes-athletisme.fr\/?p=2037\">Championnats de France Elite \u00e0 <strong>Miramas<\/strong><\/a><\/p>\n\n\n\n<p><strong>2 mars<\/strong> <a href=\"https:\/\/hautesalpes-athletisme.fr\/?p=2064\">: <strong>N\u00e9lie CLEMENT<\/strong> Championne de France de Cross \u00e0 <strong>Challans<\/strong>. <\/a><\/p>\n\n\n\n<p><strong>20 juillet<\/strong> : Manche de Coupe du Monde WMRA de Course en Montagne \u00e0 <strong>Brian\u00e7on<\/strong>.<\/p>\n\n\n\n<p><strong>7 septembre<\/strong> : <a href=\"https:\/\/hautesalpes-athletisme.fr\/?p=2232\"><strong>Robin EMIG<\/strong>, Sixi\u00e8me fran\u00e7ais de tous les temps avec <strong>5,92 m<\/strong> \u00e0 la perche<\/a>.<\/p>\n\n\n\n<p><strong>14 d\u00e9cembre<\/strong> : <strong>N\u00e9lie CLEMENT<\/strong>, <a href=\"https:\/\/hautesalpes-athletisme.fr\/?p=2359\">Championne d\u2019Europe <\/a><\/p>\n\n\n\n<h2 class=\"wp-block-heading\"><strong>2026<\/strong> <\/h2>\n\n\n\n<p><strong>18 janvier<\/strong> : <a href=\"https:\/\/hautesalpes-athletisme.fr\/?p=2377\">Assembl\u00e9e G\u00e9n\u00e9rale 2025 \u00e0 Serres <\/a> Relate les performances des Athl\u00e8tes en 2025 : <strong>Robin EMIG, N\u00e9lie CLEMENT, J\u00e9r\u00f4me BLANC, Le Relais 4&#215;100 m Cadet, Julien FOUBERT et Gaspard PETIT<\/strong> au niveau International et National.<\/p>\n\n\n\n<p><strong>27 janvier<\/strong> : <a href=\"https:\/\/hautesalpes-athletisme.fr\/?p=2393\">Figure embl\u00e9matique de l\u2019Athl\u00e9tisme Haut Alpin est parti <\/a>: <strong>Rapha\u00ebl DELIMARD<\/strong><\/p>\n\n\n\n<p><strong>8 mars<\/strong> : <a href=\"https:\/\/hautesalpes-athletisme.fr\/?p=2423\">Nouveau titre national \u2026 <\/a><strong>Gaspard PETIT<\/strong>, Champion de France Cadet de \u00e0 <strong>Carhaix<\/strong><\/p>\n\n\n\n<p><\/p>\n","protected":false},"excerpt":{"rendered":"<p>2021 12 septembre : organisation des Championnats de France de course en montagne \u00e0 Ancelle 2022 22 janvier 2022 : Assembl\u00e9e G\u00e9n\u00e9rale 2021 20 f\u00e9vrier : Interr\u00e9gional de Cross-country \u00e0 Serres Germanette 4 et 5 juin : R\u00e9gionaux d\u2019Epreuves Combin\u00e9es \u00e0 Gap 2023 21 janvier : Assembl\u00e9e G\u00e9n\u00e9rale 2022 14 mai : Championnats de France &hellip; <\/p>\n<p class=\"link-more\"><a href=\"https:\/\/hautesalpes-athletisme.fr\/?page_id=164\" class=\"more-link\">Continuer la lecture<span class=\"screen-reader-text\"> de &laquo;&nbsp;2021 \u00e0 2030&nbsp;&raquo;<\/span><\/a><\/p>\n","protected":false},"author":1,"featured_media":0,"parent":0,"menu_order":0,"comment_status":"closed","ping_status":"closed","template":"","meta":{"footnotes":""},"class_list":["post-164","page","type-page","status-publish","hentry"],"_links":{"self":[{"href":"https:\/\/hautesalpes-athletisme.fr\/index.php?rest_route=\/wp\/v2\/pages\/164","targetHints":{"allow":["GET"]}}],"collection":[{"href":"https:\/\/hautesalpes-athletisme.fr\/index.php?rest_route=\/wp\/v2\/pages"}],"about":[{"href":"https:\/\/hautesalpes-athletisme.fr\/index.php?rest_route=\/wp\/v2\/types\/page"}],"author":[{"embeddable":true,"href":"https:\/\/hautesalpes-athletisme.fr\/index.php?rest_route=\/wp\/v2\/users\/1"}],"replies":[{"embeddable":true,"href":"https:\/\/hautesalpes-athletisme.fr\/index.php?rest_route=%2Fwp%2Fv2%2Fcomments&post=164"}],"version-history":[{"count":45,"href":"https:\/\/hautesalpes-athletisme.fr\/index.php?rest_route=\/wp\/v2\/pages\/164\/revisions"}],"predecessor-version":[{"id":2454,"href":"https:\/\/hautesalpes-athletisme.fr\/index.php?rest_route=\/wp\/v2\/pages\/164\/revisions\/2454"}],"wp:attachment":[{"href":"https:\/\/hautesalpes-athletisme.fr\/index.php?rest_route=%2Fwp%2Fv2%2Fmedia&parent=164"}],"curies":[{"name":"wp","href":"https:\/\/api.w.org\/{rel}","templated":true}]}}