{"id":168,"date":"2022-01-08T16:30:27","date_gmt":"2022-01-08T15:30:27","guid":{"rendered":"http:\/\/hautesalpes-athletisme.fr\/?page_id=168"},"modified":"2022-01-08T16:30:27","modified_gmt":"2022-01-08T15:30:27","slug":"histoire-2","status":"publish","type":"page","link":"https:\/\/hautesalpes-athletisme.fr\/?page_id=168","title":{"rendered":"HISTOIRE"},"content":{"rendered":"\n<p>A d\u00e9couvrir au fil du temps, depuis la cr\u00e9ation du Comit\u00e9 D\u00e9partemental d&rsquo;Athl\u00e9tisme de Hautes Alpes en <strong>1978<\/strong>, <\/p>\n","protected":false},"excerpt":{"rendered":"<p>A d\u00e9couvrir au fil du temps, depuis la cr\u00e9ation du Comit\u00e9 D\u00e9partemental d&rsquo;Athl\u00e9tisme de Hautes Alpes en 1978,<\/p>\n","protected":false},"author":1,"featured_media":0,"parent":0,"menu_order":0,"comment_status":"closed","ping_status":"closed","template":"","meta":{"footnotes":""},"class_list":["post-168","page","type-page","status-publish","hentry"],"_links":{"self":[{"href":"https:\/\/hautesalpes-athletisme.fr\/index.php?rest_route=\/wp\/v2\/pages\/168","targetHints":{"allow":["GET"]}}],"collection":[{"href":"https:\/\/hautesalpes-athletisme.fr\/index.php?rest_route=\/wp\/v2\/pages"}],"about":[{"href":"https:\/\/hautesalpes-athletisme.fr\/index.php?rest_route=\/wp\/v2\/types\/page"}],"author":[{"embeddable":true,"href":"https:\/\/hautesalpes-athletisme.fr\/index.php?rest_route=\/wp\/v2\/users\/1"}],"replies":[{"embeddable":true,"href":"https:\/\/hautesalpes-athletisme.fr\/index.php?rest_route=%2Fwp%2Fv2%2Fcomments&post=168"}],"version-history":[{"count":1,"href":"https:\/\/hautesalpes-athletisme.fr\/index.php?rest_route=\/wp\/v2\/pages\/168\/revisions"}],"predecessor-version":[{"id":171,"href":"https:\/\/hautesalpes-athletisme.fr\/index.php?rest_route=\/wp\/v2\/pages\/168\/revisions\/171"}],"wp:attachment":[{"href":"https:\/\/hautesalpes-athletisme.fr\/index.php?rest_route=%2Fwp%2Fv2%2Fmedia&parent=168"}],"curies":[{"name":"wp","href":"https:\/\/api.w.org\/{rel}","templated":true}]}}