{"id":179,"date":"2022-01-09T17:12:51","date_gmt":"2022-01-09T16:12:51","guid":{"rendered":"http:\/\/hautesalpes-athletisme.fr\/?page_id=179"},"modified":"2025-10-20T17:30:48","modified_gmt":"2025-10-20T15:30:48","slug":"formation","status":"publish","type":"page","link":"https:\/\/hautesalpes-athletisme.fr\/?page_id=179","title":{"rendered":"FORMATION"},"content":{"rendered":"\n<p>Le 13 novembre 2017, le stade de Gap accueillait une formation organis\u00e9e en <strong>Colloque<\/strong> ouvert \u00e0 un large public. Deux techniciens de la Ligue de Provence animaient, sous formes jou\u00e9es des situations de course longue et de course d&rsquo;obstacle. Ils revenaient m\u00eame \u00e0 utiliser le Saut \u00e0 la corde comme proc\u00e9d\u00e9 p\u00e9dagogique. <\/p>\n\n\n<div class=\"wp-block-image\">\n<figure class=\"alignleft size-large is-resized\"><img loading=\"lazy\" decoding=\"async\" width=\"1024\" height=\"738\" src=\"https:\/\/hautesalpes-athletisme.fr\/wp-content\/uploads\/2022\/01\/Formation_8-1024x738.jpg\" alt=\"\" class=\"wp-image-181\" style=\"width:458px;height:329px\" srcset=\"https:\/\/hautesalpes-athletisme.fr\/wp-content\/uploads\/2022\/01\/Formation_8-1024x738.jpg 1024w, https:\/\/hautesalpes-athletisme.fr\/wp-content\/uploads\/2022\/01\/Formation_8-300x216.jpg 300w, https:\/\/hautesalpes-athletisme.fr\/wp-content\/uploads\/2022\/01\/Formation_8-768x554.jpg 768w, https:\/\/hautesalpes-athletisme.fr\/wp-content\/uploads\/2022\/01\/Formation_8.jpg 1275w\" sizes=\"auto, (max-width: 767px) 89vw, (max-width: 1000px) 54vw, (max-width: 1071px) 543px, 580px\" \/><figcaption class=\"wp-element-caption\">Saut \u00e0 la corde \u00e0 deux de front<\/figcaption><\/figure>\n<\/div>\n\n<div class=\"wp-block-image\">\n<figure class=\"alignright size-large is-resized\"><img loading=\"lazy\" decoding=\"async\" width=\"1024\" height=\"635\" src=\"https:\/\/hautesalpes-athletisme.fr\/wp-content\/uploads\/2022\/01\/Formation_4-1024x635.jpg\" alt=\"\" class=\"wp-image-182\" style=\"width:458px;height:283px\" srcset=\"https:\/\/hautesalpes-athletisme.fr\/wp-content\/uploads\/2022\/01\/Formation_4-1024x635.jpg 1024w, https:\/\/hautesalpes-athletisme.fr\/wp-content\/uploads\/2022\/01\/Formation_4-300x186.jpg 300w, https:\/\/hautesalpes-athletisme.fr\/wp-content\/uploads\/2022\/01\/Formation_4-768x476.jpg 768w, https:\/\/hautesalpes-athletisme.fr\/wp-content\/uploads\/2022\/01\/Formation_4-1536x952.jpg 1536w, https:\/\/hautesalpes-athletisme.fr\/wp-content\/uploads\/2022\/01\/Formation_4.jpg 1557w\" sizes=\"auto, (max-width: 767px) 89vw, (max-width: 1000px) 54vw, (max-width: 1071px) 543px, 580px\" \/><figcaption class=\"wp-element-caption\">Pour la course longue, il fallait accumuler des bouchons dans des caisses<\/figcaption><\/figure>\n<\/div>\n\n\n<figure class=\"wp-block-image size-large is-resized\"><img loading=\"lazy\" decoding=\"async\" width=\"1024\" height=\"641\" src=\"https:\/\/hautesalpes-athletisme.fr\/wp-content\/uploads\/2022\/01\/Formation_11-1024x641.jpg\" alt=\"\" class=\"wp-image-183\" style=\"width:466px;height:291px\" srcset=\"https:\/\/hautesalpes-athletisme.fr\/wp-content\/uploads\/2022\/01\/Formation_11-1024x641.jpg 1024w, https:\/\/hautesalpes-athletisme.fr\/wp-content\/uploads\/2022\/01\/Formation_11-300x188.jpg 300w, https:\/\/hautesalpes-athletisme.fr\/wp-content\/uploads\/2022\/01\/Formation_11-768x481.jpg 768w, https:\/\/hautesalpes-athletisme.fr\/wp-content\/uploads\/2022\/01\/Formation_11.jpg 1369w\" sizes=\"auto, (max-width: 767px) 89vw, (max-width: 1000px) 54vw, (max-width: 1071px) 543px, 580px\" \/><figcaption class=\"wp-element-caption\">et pour la course de haies, garder les mains sur la t\u00eate<\/figcaption><\/figure>\n\n\n\n<p>En 2022, le comit\u00e9 d\u00e9partemental est devenu <strong>Organisme de Formation<\/strong>. Nous rendrons compte de ces actions d\u00e9centralis\u00e9es.<\/p>\n\n\n\n<p><strong>La suite :<\/strong><\/p>\n\n\n\n<p><strong>2024<\/strong> : <a href=\"https:\/\/hautesalpes-athletisme.fr\/?p=1437\">Trail<\/a>, <\/p>\n\n\n\n<p><strong>2025<\/strong> : <a href=\"https:\/\/hautesalpes-athletisme.fr\/?p=2099\">mars <\/a>, <a href=\"https:\/\/hautesalpes-athletisme.fr\/?p=1925\">officiels<\/a>, <a href=\"https:\/\/hautesalpes-athletisme.fr\/?p=2321\"> 18 octobre <\/a><\/p>\n\n\n<div class=\"wp-block-image\">\n<figure class=\"alignleft size-full is-resized\"><img loading=\"lazy\" decoding=\"async\" width=\"725\" height=\"422\" src=\"https:\/\/hautesalpes-athletisme.fr\/wp-content\/uploads\/2025\/10\/Gap_7_10.jpg\" alt=\"\" class=\"wp-image-2291\" style=\"width:525px;height:auto\" srcset=\"https:\/\/hautesalpes-athletisme.fr\/wp-content\/uploads\/2025\/10\/Gap_7_10.jpg 725w, https:\/\/hautesalpes-athletisme.fr\/wp-content\/uploads\/2025\/10\/Gap_7_10-300x175.jpg 300w\" sizes=\"auto, (max-width: 725px) 100vw, 725px\" \/><figcaption class=\"wp-element-caption\">Le 6 octobre \u00e0 L<strong>&lsquo;Isle sur Sorgue<\/strong><\/figcaption><\/figure>\n<\/div>\n\n\n<figure class=\"wp-block-image size-full is-resized\"><img loading=\"lazy\" decoding=\"async\" width=\"735\" height=\"485\" src=\"https:\/\/hautesalpes-athletisme.fr\/wp-content\/uploads\/2025\/10\/Gap_7_10_25.jpg\" alt=\"\" class=\"wp-image-2292\" style=\"width:546px;height:auto\" srcset=\"https:\/\/hautesalpes-athletisme.fr\/wp-content\/uploads\/2025\/10\/Gap_7_10_25.jpg 735w, https:\/\/hautesalpes-athletisme.fr\/wp-content\/uploads\/2025\/10\/Gap_7_10_25-300x198.jpg 300w\" sizes=\"auto, (max-width: 735px) 100vw, 735px\" \/><\/figure>\n\n\n\n<p><\/p>\n","protected":false},"excerpt":{"rendered":"<p>Le 13 novembre 2017, le stade de Gap accueillait une formation organis\u00e9e en Colloque ouvert \u00e0 un large public. Deux techniciens de la Ligue de Provence animaient, sous formes jou\u00e9es des situations de course longue et de course d&rsquo;obstacle. Ils revenaient m\u00eame \u00e0 utiliser le Saut \u00e0 la corde comme proc\u00e9d\u00e9 p\u00e9dagogique. En 2022, le &hellip; <\/p>\n<p class=\"link-more\"><a href=\"https:\/\/hautesalpes-athletisme.fr\/?page_id=179\" class=\"more-link\">Continuer la lecture<span class=\"screen-reader-text\"> de &laquo;&nbsp;FORMATION&nbsp;&raquo;<\/span><\/a><\/p>\n","protected":false},"author":1,"featured_media":180,"parent":0,"menu_order":0,"comment_status":"closed","ping_status":"closed","template":"","meta":{"footnotes":""},"class_list":["post-179","page","type-page","status-publish","has-post-thumbnail","hentry"],"_links":{"self":[{"href":"https:\/\/hautesalpes-athletisme.fr\/index.php?rest_route=\/wp\/v2\/pages\/179","targetHints":{"allow":["GET"]}}],"collection":[{"href":"https:\/\/hautesalpes-athletisme.fr\/index.php?rest_route=\/wp\/v2\/pages"}],"about":[{"href":"https:\/\/hautesalpes-athletisme.fr\/index.php?rest_route=\/wp\/v2\/types\/page"}],"author":[{"embeddable":true,"href":"https:\/\/hautesalpes-athletisme.fr\/index.php?rest_route=\/wp\/v2\/users\/1"}],"replies":[{"embeddable":true,"href":"https:\/\/hautesalpes-athletisme.fr\/index.php?rest_route=%2Fwp%2Fv2%2Fcomments&post=179"}],"version-history":[{"count":8,"href":"https:\/\/hautesalpes-athletisme.fr\/index.php?rest_route=\/wp\/v2\/pages\/179\/revisions"}],"predecessor-version":[{"id":2330,"href":"https:\/\/hautesalpes-athletisme.fr\/index.php?rest_route=\/wp\/v2\/pages\/179\/revisions\/2330"}],"wp:featuredmedia":[{"embeddable":true,"href":"https:\/\/hautesalpes-athletisme.fr\/index.php?rest_route=\/wp\/v2\/media\/180"}],"wp:attachment":[{"href":"https:\/\/hautesalpes-athletisme.fr\/index.php?rest_route=%2Fwp%2Fv2%2Fmedia&parent=179"}],"curies":[{"name":"wp","href":"https:\/\/api.w.org\/{rel}","templated":true}]}}