{"id":1816,"date":"2025-01-05T16:56:49","date_gmt":"2025-01-05T15:56:49","guid":{"rendered":"https:\/\/hautesalpes-athletisme.fr\/?page_id=1816"},"modified":"2025-01-05T17:06:36","modified_gmt":"2025-01-05T16:06:36","slug":"trail-running-altitude","status":"publish","type":"page","link":"https:\/\/hautesalpes-athletisme.fr\/?page_id=1816","title":{"rendered":"TRAIL RUNNING ALTITUDE"},"content":{"rendered":"\n<figure class=\"wp-block-image size-full is-resized\"><img loading=\"lazy\" decoding=\"async\" width=\"107\" height=\"119\" src=\"https:\/\/hautesalpes-athletisme.fr\/wp-content\/uploads\/2025\/01\/Logo_Serre_Che_Trail_2.jpg\" alt=\"\" class=\"wp-image-1817\" style=\"width:222px;height:auto\"\/><\/figure>\n\n\n\n<p><strong>Club Trail Running Attitude<\/strong>, <\/p>\n\n\n\n<p>13, rue pasteur, 05100 <strong>Brian\u00e7on<\/strong><\/p>\n\n\n\n<p><strong>Pr\u00e9sident<\/strong>: Olivier Gaucher, <strong>06 85 78 02 92<\/strong><\/p>\n\n\n\n<p><strong>Tr\u00e9sorier<\/strong> : Eric Richard<\/p>\n\n\n\n<p><strong>Secr\u00e9taire<\/strong>: Jean Nicolas Louis<\/p>\n\n\n\n<p> \u00e0 retrouver sur : &nbsp;<a href=\"http:\/\/www.trail-serre-chevalier.com\/\" target=\"_blank\" rel=\"noreferrer noopener\">www.trail-serre-chevalier.com<\/a><\/p>\n\n\n\n<p><\/p>\n","protected":false},"excerpt":{"rendered":"<p>Club Trail Running Attitude, 13, rue pasteur, 05100 Brian\u00e7on Pr\u00e9sident: Olivier Gaucher, 06 85 78 02 92 Tr\u00e9sorier : Eric Richard Secr\u00e9taire: Jean Nicolas Louis \u00e0 retrouver sur : &nbsp;www.trail-serre-chevalier.com<\/p>\n","protected":false},"author":1,"featured_media":0,"parent":0,"menu_order":0,"comment_status":"closed","ping_status":"closed","template":"","meta":{"footnotes":""},"class_list":["post-1816","page","type-page","status-publish","hentry"],"_links":{"self":[{"href":"https:\/\/hautesalpes-athletisme.fr\/index.php?rest_route=\/wp\/v2\/pages\/1816","targetHints":{"allow":["GET"]}}],"collection":[{"href":"https:\/\/hautesalpes-athletisme.fr\/index.php?rest_route=\/wp\/v2\/pages"}],"about":[{"href":"https:\/\/hautesalpes-athletisme.fr\/index.php?rest_route=\/wp\/v2\/types\/page"}],"author":[{"embeddable":true,"href":"https:\/\/hautesalpes-athletisme.fr\/index.php?rest_route=\/wp\/v2\/users\/1"}],"replies":[{"embeddable":true,"href":"https:\/\/hautesalpes-athletisme.fr\/index.php?rest_route=%2Fwp%2Fv2%2Fcomments&post=1816"}],"version-history":[{"count":5,"href":"https:\/\/hautesalpes-athletisme.fr\/index.php?rest_route=\/wp\/v2\/pages\/1816\/revisions"}],"predecessor-version":[{"id":1827,"href":"https:\/\/hautesalpes-athletisme.fr\/index.php?rest_route=\/wp\/v2\/pages\/1816\/revisions\/1827"}],"wp:attachment":[{"href":"https:\/\/hautesalpes-athletisme.fr\/index.php?rest_route=%2Fwp%2Fv2%2Fmedia&parent=1816"}],"curies":[{"name":"wp","href":"https:\/\/api.w.org\/{rel}","templated":true}]}}