{"id":1858,"date":"2025-01-10T18:23:48","date_gmt":"2025-01-10T17:23:48","guid":{"rendered":"https:\/\/hautesalpes-athletisme.fr\/?page_id=1858"},"modified":"2025-01-10T18:29:59","modified_gmt":"2025-01-10T17:29:59","slug":"montagnes-queyras","status":"publish","type":"page","link":"https:\/\/hautesalpes-athletisme.fr\/?page_id=1858","title":{"rendered":"MONTAGNES QUEYRAS"},"content":{"rendered":"\n<figure class=\"wp-block-image size-full is-resized\"><img loading=\"lazy\" decoding=\"async\" width=\"510\" height=\"380\" src=\"https:\/\/hautesalpes-athletisme.fr\/wp-content\/uploads\/2025\/01\/Montagnes_Queyras.jpg\" alt=\"\" class=\"wp-image-1859\" style=\"width:428px;height:auto\" srcset=\"https:\/\/hautesalpes-athletisme.fr\/wp-content\/uploads\/2025\/01\/Montagnes_Queyras.jpg 510w, https:\/\/hautesalpes-athletisme.fr\/wp-content\/uploads\/2025\/01\/Montagnes_Queyras-300x224.jpg 300w\" sizes=\"auto, (max-width: 510px) 100vw, 510px\" \/><\/figure>\n\n\n\n<p><\/p>\n\n\n\n<p>&nbsp; &nbsp;<strong> Pr\u00e9sident<\/strong> : Sylvain MAVIER <\/p>\n\n\n\n<p>Contact : 06 28 65 24 56<\/p>\n\n\n\n<p>&nbsp; &nbsp;<strong> Vice pr\u00e9sident<\/strong> : Olivier DURAND<\/p>\n\n\n\n<p>&nbsp; &nbsp;<strong> Secr\u00e9tair<\/strong>e : Fran\u00e7ois LAGET<\/p>\n\n\n\n<p>\u00a0 \u00a0<strong> Tr\u00e9sorie<\/strong>r : Delphine ROUX <\/p>\n\n\n\n<p>&nbsp; &nbsp; <strong>Site internet<\/strong> :&nbsp;<a href=\"https:\/\/montagnes-queyras.com\/trail-des-etoiles-05\/\" target=\"_blank\" rel=\"noreferrer noopener\">https:\/\/montagnes-queyras.com\/trail-des-etoiles-05\/<\/a><\/p>\n\n\n\n<p><\/p>\n","protected":false},"excerpt":{"rendered":"<p>&nbsp; &nbsp; Pr\u00e9sident : Sylvain MAVIER Contact : 06 28 65 24 56 &nbsp; &nbsp; Vice pr\u00e9sident : Olivier DURAND &nbsp; &nbsp; Secr\u00e9taire : Fran\u00e7ois LAGET \u00a0 \u00a0 Tr\u00e9sorier : Delphine ROUX &nbsp; &nbsp; Site internet :&nbsp;https:\/\/montagnes-queyras.com\/trail-des-etoiles-05\/<\/p>\n","protected":false},"author":1,"featured_media":0,"parent":0,"menu_order":0,"comment_status":"closed","ping_status":"closed","template":"","meta":{"footnotes":""},"class_list":["post-1858","page","type-page","status-publish","hentry"],"_links":{"self":[{"href":"https:\/\/hautesalpes-athletisme.fr\/index.php?rest_route=\/wp\/v2\/pages\/1858","targetHints":{"allow":["GET"]}}],"collection":[{"href":"https:\/\/hautesalpes-athletisme.fr\/index.php?rest_route=\/wp\/v2\/pages"}],"about":[{"href":"https:\/\/hautesalpes-athletisme.fr\/index.php?rest_route=\/wp\/v2\/types\/page"}],"author":[{"embeddable":true,"href":"https:\/\/hautesalpes-athletisme.fr\/index.php?rest_route=\/wp\/v2\/users\/1"}],"replies":[{"embeddable":true,"href":"https:\/\/hautesalpes-athletisme.fr\/index.php?rest_route=%2Fwp%2Fv2%2Fcomments&post=1858"}],"version-history":[{"count":3,"href":"https:\/\/hautesalpes-athletisme.fr\/index.php?rest_route=\/wp\/v2\/pages\/1858\/revisions"}],"predecessor-version":[{"id":1869,"href":"https:\/\/hautesalpes-athletisme.fr\/index.php?rest_route=\/wp\/v2\/pages\/1858\/revisions\/1869"}],"wp:attachment":[{"href":"https:\/\/hautesalpes-athletisme.fr\/index.php?rest_route=%2Fwp%2Fv2%2Fmedia&parent=1858"}],"curies":[{"name":"wp","href":"https:\/\/api.w.org\/{rel}","templated":true}]}}