{"id":187,"date":"2022-01-09T17:18:45","date_gmt":"2022-01-09T16:18:45","guid":{"rendered":"http:\/\/hautesalpes-athletisme.fr\/?page_id=187"},"modified":"2022-05-17T09:13:36","modified_gmt":"2022-05-17T07:13:36","slug":"le-comite","status":"publish","type":"page","link":"https:\/\/hautesalpes-athletisme.fr\/?page_id=187","title":{"rendered":"LE COMITE"},"content":{"rendered":"\n<div class=\"wp-block-image\"><figure class=\"aligncenter size-full is-resized\"><img loading=\"lazy\" decoding=\"async\" src=\"https:\/\/hautesalpes-athletisme.fr\/wp-content\/uploads\/2022\/01\/Logo.jpg\" alt=\"\" class=\"wp-image-198\" width=\"376\" height=\"143\" srcset=\"https:\/\/hautesalpes-athletisme.fr\/wp-content\/uploads\/2022\/01\/Logo.jpg 743w, https:\/\/hautesalpes-athletisme.fr\/wp-content\/uploads\/2022\/01\/Logo-300x115.jpg 300w\" sizes=\"auto, (max-width: 376px) 100vw, 376px\" \/><\/figure><\/div>\n\n\n\n<p><strong>Si\u00e8ge social <\/strong>: C.D.O.S., \u00ab\u00a0Le Neptune\u00a0\u00bb, 140 Boulevard Pompidou, 05000 Gap <\/p>\n\n\n\n<p><strong><em><a href=\"mailto:comiteffa05@gmail.com\">comiteffa05@gmail.com<\/a><\/em><\/strong><\/p>\n\n\n\n<p>Pr\u00e9sident : <strong>Gilles BROCHIER<\/strong><\/p>\n\n\n\n<p>Secr\u00e9taire :<strong> R\u00e9mi HACHULLA<\/strong><\/p>\n\n\n\n<p>Tr\u00e9sorier : <strong>Bruno LARBEY<\/strong><\/p>\n\n\n\n<p>Le <strong>Comit\u00e9 Directeur 2020<\/strong> : \u00e0 suivre<\/p>\n","protected":false},"excerpt":{"rendered":"<p>Si\u00e8ge social : C.D.O.S., \u00ab\u00a0Le Neptune\u00a0\u00bb, 140 Boulevard Pompidou, 05000 Gap comiteffa05@gmail.com Pr\u00e9sident : Gilles BROCHIER Secr\u00e9taire : R\u00e9mi HACHULLA Tr\u00e9sorier : Bruno LARBEY Le Comit\u00e9 Directeur 2020 : \u00e0 suivre<\/p>\n","protected":false},"author":1,"featured_media":0,"parent":0,"menu_order":0,"comment_status":"closed","ping_status":"closed","template":"","meta":{"footnotes":""},"class_list":["post-187","page","type-page","status-publish","hentry"],"_links":{"self":[{"href":"https:\/\/hautesalpes-athletisme.fr\/index.php?rest_route=\/wp\/v2\/pages\/187","targetHints":{"allow":["GET"]}}],"collection":[{"href":"https:\/\/hautesalpes-athletisme.fr\/index.php?rest_route=\/wp\/v2\/pages"}],"about":[{"href":"https:\/\/hautesalpes-athletisme.fr\/index.php?rest_route=\/wp\/v2\/types\/page"}],"author":[{"embeddable":true,"href":"https:\/\/hautesalpes-athletisme.fr\/index.php?rest_route=\/wp\/v2\/users\/1"}],"replies":[{"embeddable":true,"href":"https:\/\/hautesalpes-athletisme.fr\/index.php?rest_route=%2Fwp%2Fv2%2Fcomments&post=187"}],"version-history":[{"count":5,"href":"https:\/\/hautesalpes-athletisme.fr\/index.php?rest_route=\/wp\/v2\/pages\/187\/revisions"}],"predecessor-version":[{"id":729,"href":"https:\/\/hautesalpes-athletisme.fr\/index.php?rest_route=\/wp\/v2\/pages\/187\/revisions\/729"}],"wp:attachment":[{"href":"https:\/\/hautesalpes-athletisme.fr\/index.php?rest_route=%2Fwp%2Fv2%2Fmedia&parent=187"}],"curies":[{"name":"wp","href":"https:\/\/api.w.org\/{rel}","templated":true}]}}