{"id":230,"date":"2022-01-15T10:50:48","date_gmt":"2022-01-15T09:50:48","guid":{"rendered":"http:\/\/hautesalpes-athletisme.fr\/?page_id=230"},"modified":"2025-01-05T17:34:51","modified_gmt":"2025-01-05T16:34:51","slug":"04-05","status":"publish","type":"page","link":"https:\/\/hautesalpes-athletisme.fr\/?page_id=230","title":{"rendered":"04\/05"},"content":{"rendered":"\n<h2 class=\"wp-block-heading\">Les r\u00e9unions :<\/h2>\n\n\n\n<p>Le 13 janvier 2022 : <a href=\"https:\/\/hautesalpes-athletisme.fr\/?p=226\">Premi\u00e8re r\u00e9union<\/a><\/p>\n\n\n\n<p>Le 8 mars 2022 :  <a href=\"https:\/\/hautesalpes-athletisme.fr\/?p=520\">Deux r\u00e9unions \u2026 <\/a><\/p>\n\n\n\n<p>&#8230;<\/p>\n\n\n\n<p>La derni\u00e8re en date : <a href=\"https:\/\/hautesalpes-athletisme.fr\/?p=1694\">28 novembre 2024<\/a><\/p>\n\n\n\n<p><\/p>\n","protected":false},"excerpt":{"rendered":"<p>Les r\u00e9unions : Le 13 janvier 2022 : Premi\u00e8re r\u00e9union Le 8 mars 2022 : Deux r\u00e9unions \u2026 &#8230; La derni\u00e8re en date : 28 novembre 2024<\/p>\n","protected":false},"author":1,"featured_media":0,"parent":0,"menu_order":0,"comment_status":"closed","ping_status":"closed","template":"","meta":{"footnotes":""},"class_list":["post-230","page","type-page","status-publish","hentry"],"_links":{"self":[{"href":"https:\/\/hautesalpes-athletisme.fr\/index.php?rest_route=\/wp\/v2\/pages\/230","targetHints":{"allow":["GET"]}}],"collection":[{"href":"https:\/\/hautesalpes-athletisme.fr\/index.php?rest_route=\/wp\/v2\/pages"}],"about":[{"href":"https:\/\/hautesalpes-athletisme.fr\/index.php?rest_route=\/wp\/v2\/types\/page"}],"author":[{"embeddable":true,"href":"https:\/\/hautesalpes-athletisme.fr\/index.php?rest_route=\/wp\/v2\/users\/1"}],"replies":[{"embeddable":true,"href":"https:\/\/hautesalpes-athletisme.fr\/index.php?rest_route=%2Fwp%2Fv2%2Fcomments&post=230"}],"version-history":[{"count":8,"href":"https:\/\/hautesalpes-athletisme.fr\/index.php?rest_route=\/wp\/v2\/pages\/230\/revisions"}],"predecessor-version":[{"id":1840,"href":"https:\/\/hautesalpes-athletisme.fr\/index.php?rest_route=\/wp\/v2\/pages\/230\/revisions\/1840"}],"wp:attachment":[{"href":"https:\/\/hautesalpes-athletisme.fr\/index.php?rest_route=%2Fwp%2Fv2%2Fmedia&parent=230"}],"curies":[{"name":"wp","href":"https:\/\/api.w.org\/{rel}","templated":true}]}}