{"id":38,"date":"2022-01-06T11:25:34","date_gmt":"2022-01-06T10:25:34","guid":{"rendered":"http:\/\/hautesalpes-athletisme.fr\/?page_id=38"},"modified":"2022-01-27T12:23:17","modified_gmt":"2022-01-27T11:23:17","slug":"histoire","status":"publish","type":"page","link":"https:\/\/hautesalpes-athletisme.fr\/?page_id=38","title":{"rendered":"1979 \u00e0 1990"},"content":{"rendered":"\n<h2 class=\"wp-block-heading\" id=\"1979\"><strong>1979<\/strong><\/h2>\n\n\n\n<p>Le<strong> 14 novembre<\/strong> a lieu la premi\u00e8re Assembl\u00e9e G\u00e9n\u00e9rale officielle. Elle annonce la cr\u00e9ation de deux clubs \u00e0 <strong>Veynes<\/strong> et <strong>Serre Chevalier<\/strong>.<\/p>\n\n\n\n<div class=\"wp-block-file\"><a id=\"wp-block-file--media-37a7010c-8e41-4d5f-8603-bcb1226b2265\" href=\"https:\/\/hautesalpes-athletisme.fr\/wp-content\/uploads\/2022\/01\/AG_1979.pdf\">Assembl\u00e9e G\u00e9n\u00e9rale 1979<\/a><a href=\"https:\/\/hautesalpes-athletisme.fr\/wp-content\/uploads\/2022\/01\/AG_1979.pdf\" class=\"wp-block-file__button\" download aria-describedby=\"wp-block-file--media-37a7010c-8e41-4d5f-8603-bcb1226b2265\">T\u00e9l\u00e9charger<\/a><\/div>\n\n\n\n<p>Par la presse : le texte fondateur du comit\u00e9 pr\u00e9sent\u00e9 par <strong>Louis VELEY<\/strong> en d\u00e9cembre 1978 :<\/p>\n\n\n\n<div data-wp-interactive=\"core\/file\" class=\"wp-block-file\"><object data-wp-bind--hidden=\"!state.hasPdfPreview\" hidden class=\"wp-block-file__embed\" data=\"https:\/\/hautesalpes-athletisme.fr\/wp-content\/uploads\/2022\/01\/P_Veley.pdf\" type=\"application\/pdf\" style=\"width:100%;height:200px\" aria-label=\"Contenu embarqu\u00e9 Contenu embarqu\u00e9 Louis Veley..\"><\/object><a id=\"wp-block-file--media-e75e0549-05fc-481c-9ff4-0dfbdb6195f3\" href=\"https:\/\/hautesalpes-athletisme.fr\/wp-content\/uploads\/2022\/01\/P_Veley.pdf\">Louis Veley<\/a><a href=\"https:\/\/hautesalpes-athletisme.fr\/wp-content\/uploads\/2022\/01\/P_Veley.pdf\" class=\"wp-block-file__button\" download aria-describedby=\"wp-block-file--media-e75e0549-05fc-481c-9ff4-0dfbdb6195f3\">T\u00e9l\u00e9charger<\/a><\/div>\n\n\n\n<p>C&rsquo;est l&rsquo;ann\u00e9e o\u00f9 les r\u00e9sultats des Hauts Alpins au sein des trois clubs sont mis en \u00e9vidence : Pour <strong>Gap<\/strong> : Norbert HUBAUD et sa s\u0153ur Marielle, Serge MORO, Didier LAMBERT, le v\u00e9t\u00e9ran Josy EGON et les jeunes qui \u00ab\u00a0pointent leur nez\u00a0\u00bb : Philippe et Olivier NICAULT, Patrice OUVRIER BUFFET, Kader SEBBAR et Laurence MONDON. Pour <strong>Veynes<\/strong> : Michel LEYDON, J.L. BLANCHARD, Claude BRIAND et pour le <strong>Brian\u00e7on<\/strong>, Paul LEGONIDEC.<\/p>\n\n\n\n<div data-wp-interactive=\"core\/file\" class=\"wp-block-file\"><object data-wp-bind--hidden=\"!state.hasPdfPreview\" hidden class=\"wp-block-file__embed\" data=\"https:\/\/hautesalpes-athletisme.fr\/wp-content\/uploads\/2022\/01\/Resultats_79.pdf\" type=\"application\/pdf\" style=\"width:100%;height:200px\" aria-label=\"Contenu embarqu\u00e9 Contenu embarqu\u00e9 Resultats_79..\"><\/object><a id=\"wp-block-file--media-7fddee7d-d031-453a-b9a6-6e5b709aa4ae\" href=\"https:\/\/hautesalpes-athletisme.fr\/wp-content\/uploads\/2022\/01\/Resultats_79.pdf\">Resultats_79<\/a><a href=\"https:\/\/hautesalpes-athletisme.fr\/wp-content\/uploads\/2022\/01\/Resultats_79.pdf\" class=\"wp-block-file__button\" download aria-describedby=\"wp-block-file--media-7fddee7d-d031-453a-b9a6-6e5b709aa4ae\">T\u00e9l\u00e9charger<\/a><\/div>\n\n\n\n<h2 class=\"wp-block-heading\" id=\"1980\"><strong>1980<\/strong><\/h2>\n\n\n\n<p><strong>28 novembre<\/strong> : Assembl\u00e9e G\u00e9n\u00e9rale \u00e9lective conflictuelle arbitr\u00e9e par le Directeur D\u00e9partemental J&amp;S : Monsieur<strong> MARS<\/strong><\/p>\n\n\n\n<div data-wp-interactive=\"core\/file\" class=\"wp-block-file\"><object data-wp-bind--hidden=\"!state.hasPdfPreview\" hidden class=\"wp-block-file__embed\" data=\"https:\/\/hautesalpes-athletisme.fr\/wp-content\/uploads\/2022\/01\/CR_AG_CD05_1980.pdf\" type=\"application\/pdf\" style=\"width:100%;height:290px\" aria-label=\"Contenu embarqu\u00e9 Contenu embarqu\u00e9 Assembl\u00e9e G\u00e9n\u00e9rale 1980..\"><\/object><a id=\"wp-block-file--media-2fc90ab8-db8d-40c1-ac96-e02f206f7c8a\" href=\"https:\/\/hautesalpes-athletisme.fr\/wp-content\/uploads\/2022\/01\/CR_AG_CD05_1980.pdf\">Assembl\u00e9e G\u00e9n\u00e9rale 1980<\/a><a href=\"https:\/\/hautesalpes-athletisme.fr\/wp-content\/uploads\/2022\/01\/CR_AG_CD05_1980.pdf\" class=\"wp-block-file__button\" download aria-describedby=\"wp-block-file--media-2fc90ab8-db8d-40c1-ac96-e02f206f7c8a\">T\u00e9l\u00e9charger<\/a><\/div>\n\n\n\n<div data-wp-interactive=\"core\/file\" class=\"wp-block-file\"><object data-wp-bind--hidden=\"!state.hasPdfPreview\" hidden class=\"wp-block-file__embed\" data=\"https:\/\/hautesalpes-athletisme.fr\/wp-content\/uploads\/2022\/01\/Titres_Champions_Luminy.pdf\" type=\"application\/pdf\" style=\"width:100%;height:220px\" aria-label=\"Contenu embarqu\u00e9 Contenu embarqu\u00e9 Titres de Champions R\u00e9gionaux \u00e0 Luminy..\"><\/object><a id=\"wp-block-file--media-7150ffd3-47cd-4669-8e1d-fad4ce36bd9c\" href=\"https:\/\/hautesalpes-athletisme.fr\/wp-content\/uploads\/2022\/01\/Titres_Champions_Luminy.pdf\">Titres de Champions R\u00e9gionaux \u00e0 Luminy<\/a><a href=\"https:\/\/hautesalpes-athletisme.fr\/wp-content\/uploads\/2022\/01\/Titres_Champions_Luminy.pdf\" class=\"wp-block-file__button\" download aria-describedby=\"wp-block-file--media-7150ffd3-47cd-4669-8e1d-fad4ce36bd9c\">T\u00e9l\u00e9charger<\/a><\/div>\n\n\n\n<h2 class=\"wp-block-heading\" id=\"1981\"><strong>1981<\/strong><\/h2>\n\n\n\n<p><strong>14 d\u00e9cembre<\/strong> : Assembl\u00e9e G\u00e9n\u00e9rale ordinaire. Pr\u00e9sence du Directeur National,<strong> M. Poczobut <\/strong>sur le plateau de Bayard.<\/p>\n\n\n\n<div data-wp-interactive=\"core\/file\" class=\"wp-block-file\"><object data-wp-bind--hidden=\"!state.hasPdfPreview\" hidden class=\"wp-block-file__embed\" data=\"https:\/\/hautesalpes-athletisme.fr\/wp-content\/uploads\/2022\/01\/CR_AG_CD05_1981.pdf\" type=\"application\/pdf\" style=\"width:100%;height:200px\" aria-label=\"Contenu embarqu\u00e9 Contenu embarqu\u00e9 Assembl\u00e9e G\u00e9n\u00e9rale 1981..\"><\/object><a id=\"wp-block-file--media-63ea799c-d60a-413d-b456-0f21500838ca\" href=\"https:\/\/hautesalpes-athletisme.fr\/wp-content\/uploads\/2022\/01\/CR_AG_CD05_1981.pdf\">Assembl\u00e9e G\u00e9n\u00e9rale 1981<\/a><a href=\"https:\/\/hautesalpes-athletisme.fr\/wp-content\/uploads\/2022\/01\/CR_AG_CD05_1981.pdf\" class=\"wp-block-file__button\" download aria-describedby=\"wp-block-file--media-63ea799c-d60a-413d-b456-0f21500838ca\">T\u00e9l\u00e9charger<\/a><\/div>\n\n\n\n<p><\/p>\n\n\n\n<div data-wp-interactive=\"core\/file\" class=\"wp-block-file\"><object data-wp-bind--hidden=\"!state.hasPdfPreview\" hidden class=\"wp-block-file__embed\" data=\"https:\/\/hautesalpes-athletisme.fr\/wp-content\/uploads\/2022\/01\/Resultats-nationaux-1981.pdf\" type=\"application\/pdf\" style=\"width:100%;height:200px\" aria-label=\"Contenu embarqu\u00e9 Contenu embarqu\u00e9 R\u00e9sultats nationaux 1981..\"><\/object><a id=\"wp-block-file--media-68126051-a88b-404d-a5b4-0d307011d6fc\" href=\"https:\/\/hautesalpes-athletisme.fr\/wp-content\/uploads\/2022\/01\/Resultats-nationaux-1981.pdf\">R\u00e9sultats nationaux 1981<\/a><a href=\"https:\/\/hautesalpes-athletisme.fr\/wp-content\/uploads\/2022\/01\/Resultats-nationaux-1981.pdf\" class=\"wp-block-file__button\" download aria-describedby=\"wp-block-file--media-68126051-a88b-404d-a5b4-0d307011d6fc\">T\u00e9l\u00e9charger<\/a><\/div>\n\n\n\n<h2 class=\"wp-block-heading\" id=\"1982\"><strong>1982<\/strong><\/h2>\n\n\n\n<p><strong>4 novembre<\/strong> : Assembl\u00e9e G\u00e9n\u00e9rale au C.M.C.L. :  <strong>Louis VELEY<\/strong> se retire,<strong> Marcel LARD<\/strong> lui succ\u00e8de. <\/p>\n\n\n\n<div data-wp-interactive=\"core\/file\" class=\"wp-block-file\"><object data-wp-bind--hidden=\"!state.hasPdfPreview\" hidden class=\"wp-block-file__embed\" data=\"https:\/\/hautesalpes-athletisme.fr\/wp-content\/uploads\/2022\/01\/AG_CD05_1982.pdf\" type=\"application\/pdf\" style=\"width:100%;height:230px\" aria-label=\"Contenu embarqu\u00e9 Contenu embarqu\u00e9 Assembl\u00e9e G\u00e9n\u00e9rale 1982..\"><\/object><a id=\"wp-block-file--media-ce855568-0218-4189-8012-c5b47d6cf8b1\" href=\"https:\/\/hautesalpes-athletisme.fr\/wp-content\/uploads\/2022\/01\/AG_CD05_1982.pdf\">Assembl\u00e9e G\u00e9n\u00e9rale 1982<\/a><a href=\"https:\/\/hautesalpes-athletisme.fr\/wp-content\/uploads\/2022\/01\/AG_CD05_1982.pdf\" class=\"wp-block-file__button\" download aria-describedby=\"wp-block-file--media-ce855568-0218-4189-8012-c5b47d6cf8b1\">T\u00e9l\u00e9charger<\/a><\/div>\n\n\n\n<p>Les \u00e9quipes de Serre Chevalier et de l&rsquo;U.S. GAP se qualifient pour les Championnats de France de Cross.<\/p>\n\n\n\n<div data-wp-interactive=\"core\/file\" class=\"wp-block-file\"><object data-wp-bind--hidden=\"!state.hasPdfPreview\" hidden class=\"wp-block-file__embed\" data=\"https:\/\/hautesalpes-athletisme.fr\/wp-content\/uploads\/2022\/01\/Resultats_Nationaux_1982.pdf\" type=\"application\/pdf\" style=\"width:100%;height:290px\" aria-label=\"Contenu embarqu\u00e9 Contenu embarqu\u00e9 R\u00e9sultats Nationaux 1982..\"><\/object><a id=\"wp-block-file--media-0b93f199-712b-4741-9c8d-2b15906c4eb2\" href=\"https:\/\/hautesalpes-athletisme.fr\/wp-content\/uploads\/2022\/01\/Resultats_Nationaux_1982.pdf\">R\u00e9sultats Nationaux 1982<\/a><a href=\"https:\/\/hautesalpes-athletisme.fr\/wp-content\/uploads\/2022\/01\/Resultats_Nationaux_1982.pdf\" class=\"wp-block-file__button\" download aria-describedby=\"wp-block-file--media-0b93f199-712b-4741-9c8d-2b15906c4eb2\">T\u00e9l\u00e9charger<\/a><\/div>\n\n\n\n<h2 class=\"wp-block-heading\" id=\"1983\"><strong>1983<\/strong><\/h2>\n\n\n\n<p><strong>26 novembre<\/strong> : Assembl\u00e9e G\u00e9n\u00e9rale au C.M.C.L.<\/p>\n\n\n\n<div data-wp-interactive=\"core\/file\" class=\"wp-block-file\"><object data-wp-bind--hidden=\"!state.hasPdfPreview\" hidden class=\"wp-block-file__embed\" data=\"https:\/\/hautesalpes-athletisme.fr\/wp-content\/uploads\/2022\/01\/AG_CD05_1983.pdf\" type=\"application\/pdf\" style=\"width:100%;height:320px\" aria-label=\"Contenu embarqu\u00e9 Contenu embarqu\u00e9 Assembl\u00e9e G\u00e9n\u00e9rale 1983..\"><\/object><a id=\"wp-block-file--media-af73f33a-5586-4733-a35d-5139ba9b6903\" href=\"https:\/\/hautesalpes-athletisme.fr\/wp-content\/uploads\/2022\/01\/AG_CD05_1983.pdf\">Assembl\u00e9e G\u00e9n\u00e9rale 1983<\/a><a href=\"https:\/\/hautesalpes-athletisme.fr\/wp-content\/uploads\/2022\/01\/AG_CD05_1983.pdf\" class=\"wp-block-file__button\" download aria-describedby=\"wp-block-file--media-af73f33a-5586-4733-a35d-5139ba9b6903\">T\u00e9l\u00e9charger<\/a><\/div>\n\n\n\n<h2 class=\"wp-block-heading\" id=\"1984\"><strong>1984<\/strong><\/h2>\n\n\n\n<p><strong>23 novembre 1984<\/strong> :  l&rsquo;Assembl\u00e9e G\u00e9n\u00e9rale  annonce la mise en service du nouveau stade et l&rsquo;affiliation de deux nouveaux clubs : l&rsquo;<strong>A.S.P.T.T. Gap<\/strong> et le <strong>4\u00e8me RC<\/strong>.<\/p>\n\n\n\n<div data-wp-interactive=\"core\/file\" class=\"wp-block-file\"><object data-wp-bind--hidden=\"!state.hasPdfPreview\" hidden class=\"wp-block-file__embed\" data=\"https:\/\/hautesalpes-athletisme.fr\/wp-content\/uploads\/2022\/01\/AG_CD05_1984.pdf\" type=\"application\/pdf\" style=\"width:100%;height:350px\" aria-label=\"Contenu embarqu\u00e9 Contenu embarqu\u00e9 Assembl\u00e9e G\u00e9n\u00e9rale 1984..\"><\/object><a id=\"wp-block-file--media-d01e4514-90ce-4db2-a299-27b6d93dc984\" href=\"https:\/\/hautesalpes-athletisme.fr\/wp-content\/uploads\/2022\/01\/AG_CD05_1984.pdf\">Assembl\u00e9e G\u00e9n\u00e9rale 1984<\/a><a href=\"https:\/\/hautesalpes-athletisme.fr\/wp-content\/uploads\/2022\/01\/AG_CD05_1984.pdf\" class=\"wp-block-file__button\" download aria-describedby=\"wp-block-file--media-d01e4514-90ce-4db2-a299-27b6d93dc984\">T\u00e9l\u00e9charger<\/a><\/div>\n\n\n\n<div data-wp-interactive=\"core\/file\" class=\"wp-block-file\"><object data-wp-bind--hidden=\"!state.hasPdfPreview\" hidden class=\"wp-block-file__embed\" data=\"https:\/\/hautesalpes-athletisme.fr\/wp-content\/uploads\/2022\/01\/CODIR_1984.pdf\" type=\"application\/pdf\" style=\"width:100%;height:200px\" aria-label=\"Contenu embarqu\u00e9 Contenu embarqu\u00e9 Comit\u00e9 Directeur 1984..\"><\/object><a id=\"wp-block-file--media-cc4a6540-206d-430e-9cfa-e644d0c9ab16\" href=\"https:\/\/hautesalpes-athletisme.fr\/wp-content\/uploads\/2022\/01\/CODIR_1984.pdf\">Comit\u00e9 Directeur 1984<\/a><a href=\"https:\/\/hautesalpes-athletisme.fr\/wp-content\/uploads\/2022\/01\/CODIR_1984.pdf\" class=\"wp-block-file__button\" download aria-describedby=\"wp-block-file--media-cc4a6540-206d-430e-9cfa-e644d0c9ab16\">T\u00e9l\u00e9charger<\/a><\/div>\n\n\n\n<h2 class=\"wp-block-heading\" id=\"1985\"><strong>1985<\/strong><\/h2>\n\n\n\n<p><strong>29 novembre<\/strong> : l&rsquo;Assembl\u00e9e G\u00e9n\u00e9rale d\u00e9clare un <strong>d\u00e9ficit financier<\/strong> important de pr\u00e8s de 20% du montant des d\u00e9penses.<\/p>\n\n\n\n<div data-wp-interactive=\"core\/file\" class=\"wp-block-file\"><object data-wp-bind--hidden=\"!state.hasPdfPreview\" hidden class=\"wp-block-file__embed\" data=\"https:\/\/hautesalpes-athletisme.fr\/wp-content\/uploads\/2022\/01\/AG_CD05_1985.pdf\" type=\"application\/pdf\" style=\"width:100%;height:240px\" aria-label=\"Contenu embarqu\u00e9 Contenu embarqu\u00e9 Assembl\u00e9e G\u00e9n\u00e9rale 1985..\"><\/object><a id=\"wp-block-file--media-45bf2ea9-175b-4f92-8308-56a36d471730\" href=\"https:\/\/hautesalpes-athletisme.fr\/wp-content\/uploads\/2022\/01\/AG_CD05_1985.pdf\">Assembl\u00e9e G\u00e9n\u00e9rale 1985<\/a><a href=\"https:\/\/hautesalpes-athletisme.fr\/wp-content\/uploads\/2022\/01\/AG_CD05_1985.pdf\" class=\"wp-block-file__button\" download aria-describedby=\"wp-block-file--media-45bf2ea9-175b-4f92-8308-56a36d471730\">T\u00e9l\u00e9charger<\/a><\/div>\n\n\n\n<h2 class=\"wp-block-heading\" id=\"1986\"><strong>1986<\/strong><\/h2>\n\n\n\n<p><strong>6 d\u00e9cembre<\/strong> : Assembl\u00e9e G\u00e9n\u00e9rale<\/p>\n\n\n\n<div data-wp-interactive=\"core\/file\" class=\"wp-block-file\"><object data-wp-bind--hidden=\"!state.hasPdfPreview\" hidden class=\"wp-block-file__embed\" data=\"https:\/\/hautesalpes-athletisme.fr\/wp-content\/uploads\/2022\/01\/AG_CD05_1986.pdf\" type=\"application\/pdf\" style=\"width:100%;height:310px\" aria-label=\"Contenu embarqu\u00e9 Contenu embarqu\u00e9 Assembl\u00e9e G\u00e9n\u00e9rale 1986..\"><\/object><a id=\"wp-block-file--media-3d702941-b6ae-46da-ac5c-f0211afe1425\" href=\"https:\/\/hautesalpes-athletisme.fr\/wp-content\/uploads\/2022\/01\/AG_CD05_1986.pdf\">Assembl\u00e9e G\u00e9n\u00e9rale 1986<\/a><a href=\"https:\/\/hautesalpes-athletisme.fr\/wp-content\/uploads\/2022\/01\/AG_CD05_1986.pdf\" class=\"wp-block-file__button\" download aria-describedby=\"wp-block-file--media-3d702941-b6ae-46da-ac5c-f0211afe1425\">T\u00e9l\u00e9charger<\/a><\/div>\n\n\n\n<div data-wp-interactive=\"core\/file\" class=\"wp-block-file\"><object data-wp-bind--hidden=\"!state.hasPdfPreview\" hidden class=\"wp-block-file__embed\" data=\"https:\/\/hautesalpes-athletisme.fr\/wp-content\/uploads\/2022\/01\/CODIR_1986.pdf\" type=\"application\/pdf\" style=\"width:100%;height:310px\" aria-label=\"Contenu embarqu\u00e9 Contenu embarqu\u00e9 Comit\u00e9 Directeur 1986..\"><\/object><a id=\"wp-block-file--media-713206a6-72d5-4d0b-bbfa-706ab79843d8\" href=\"https:\/\/hautesalpes-athletisme.fr\/wp-content\/uploads\/2022\/01\/CODIR_1986.pdf\">Comit\u00e9 Directeur 1986<\/a><a href=\"https:\/\/hautesalpes-athletisme.fr\/wp-content\/uploads\/2022\/01\/CODIR_1986.pdf\" class=\"wp-block-file__button\" download aria-describedby=\"wp-block-file--media-713206a6-72d5-4d0b-bbfa-706ab79843d8\">T\u00e9l\u00e9charger<\/a><\/div>\n\n\n\n<div class=\"wp-block-image\"><figure class=\"aligncenter size-full is-resized\"><img loading=\"lazy\" decoding=\"async\" src=\"https:\/\/hautesalpes-athletisme.fr\/wp-content\/uploads\/2022\/01\/RAF.jpg\" alt=\"\" class=\"wp-image-313\" width=\"436\" height=\"235\" srcset=\"https:\/\/hautesalpes-athletisme.fr\/wp-content\/uploads\/2022\/01\/RAF.jpg 337w, https:\/\/hautesalpes-athletisme.fr\/wp-content\/uploads\/2022\/01\/RAF-300x162.jpg 300w\" sizes=\"auto, (max-width: 436px) 100vw, 436px\" \/><\/figure><\/div>\n\n\n\n<div class=\"wp-block-image\"><figure class=\"alignright size-full\"><img loading=\"lazy\" decoding=\"async\" width=\"336\" height=\"243\" src=\"https:\/\/hautesalpes-athletisme.fr\/wp-content\/uploads\/2022\/01\/Norbert.jpg\" alt=\"\" class=\"wp-image-315\" srcset=\"https:\/\/hautesalpes-athletisme.fr\/wp-content\/uploads\/2022\/01\/Norbert.jpg 336w, https:\/\/hautesalpes-athletisme.fr\/wp-content\/uploads\/2022\/01\/Norbert-300x217.jpg 300w\" sizes=\"auto, (max-width: 336px) 100vw, 336px\" \/><figcaption>L&rsquo;athl\u00e8te haut alpin de la d\u00e9cennie prend sa retraite sportive <\/figcaption><\/figure><\/div>\n\n\n\n<p><\/p>\n\n\n\n<p><\/p>\n\n\n\n<p><\/p>\n\n\n\n<p><\/p>\n\n\n\n<p><\/p>\n\n\n\n<h2 class=\"wp-block-heading\" id=\"1987\"><strong>1987<\/strong><\/h2>\n\n\n\n<p>4 d\u00e9cembre : <\/p>\n\n\n\n<div data-wp-interactive=\"core\/file\" class=\"wp-block-file\"><object data-wp-bind--hidden=\"!state.hasPdfPreview\" hidden class=\"wp-block-file__embed\" data=\"https:\/\/hautesalpes-athletisme.fr\/wp-content\/uploads\/2022\/01\/AG_CD05_1987.pdf\" type=\"application\/pdf\" style=\"width:100%;height:200px\" aria-label=\"Contenu embarqu\u00e9 Contenu embarqu\u00e9 Assembl\u00e9e G\u00e9n\u00e9rale 1987..\"><\/object><a id=\"wp-block-file--media-c1b6a667-5b50-406b-bf12-7776ea8e1fe9\" href=\"https:\/\/hautesalpes-athletisme.fr\/wp-content\/uploads\/2022\/01\/AG_CD05_1987.pdf\">Assembl\u00e9e G\u00e9n\u00e9rale 1987<\/a><a href=\"https:\/\/hautesalpes-athletisme.fr\/wp-content\/uploads\/2022\/01\/AG_CD05_1987.pdf\" class=\"wp-block-file__button\" download aria-describedby=\"wp-block-file--media-c1b6a667-5b50-406b-bf12-7776ea8e1fe9\">T\u00e9l\u00e9charger<\/a><\/div>\n\n\n\n<p><\/p>\n\n\n\n<h2 class=\"wp-block-heading\" id=\"1988\"><strong>1988<\/strong><\/h2>\n\n\n\n<p><strong>19 novembre<\/strong> : Assembl\u00e9e G\u00e9n\u00e9rale Extraordinaire. <strong>Rapha\u00ebl DELIMARD<\/strong> passe le t\u00e9moin \u00e0 <strong>Didier LAMBERT<\/strong><\/p>\n\n\n\n<div data-wp-interactive=\"core\/file\" class=\"wp-block-file\"><object data-wp-bind--hidden=\"!state.hasPdfPreview\" hidden class=\"wp-block-file__embed\" data=\"https:\/\/hautesalpes-athletisme.fr\/wp-content\/uploads\/2022\/01\/AG_CD05_1988.pdf\" type=\"application\/pdf\" style=\"width:100%;height:390px\" aria-label=\"Contenu embarqu\u00e9 Contenu embarqu\u00e9 Assembl\u00e9e G\u00e9n\u00e9rale 1988..\"><\/object><a id=\"wp-block-file--media-7c9f06f4-0239-4b78-89c6-35a135b750f8\" href=\"https:\/\/hautesalpes-athletisme.fr\/wp-content\/uploads\/2022\/01\/AG_CD05_1988.pdf\">Assembl\u00e9e G\u00e9n\u00e9rale 1988<\/a><a href=\"https:\/\/hautesalpes-athletisme.fr\/wp-content\/uploads\/2022\/01\/AG_CD05_1988.pdf\" class=\"wp-block-file__button\" download aria-describedby=\"wp-block-file--media-7c9f06f4-0239-4b78-89c6-35a135b750f8\">T\u00e9l\u00e9charger<\/a><\/div>\n\n\n\n<h2 class=\"wp-block-heading\" id=\"1989\"><strong>1989<\/strong><\/h2>\n\n\n\n<p><strong>8 d\u00e9cembre<\/strong> : <\/p>\n\n\n\n<div data-wp-interactive=\"core\/file\" class=\"wp-block-file\"><object data-wp-bind--hidden=\"!state.hasPdfPreview\" hidden class=\"wp-block-file__embed\" data=\"https:\/\/hautesalpes-athletisme.fr\/wp-content\/uploads\/2022\/01\/AG_CD05_1989.pdf\" type=\"application\/pdf\" style=\"width:100%;height:370px\" aria-label=\"Contenu embarqu\u00e9 Contenu embarqu\u00e9 Assembl\u00e9e G\u00e9n\u00e9rale 1989..\"><\/object><a id=\"wp-block-file--media-4f2402ad-d846-4acb-876b-46269335b315\" href=\"https:\/\/hautesalpes-athletisme.fr\/wp-content\/uploads\/2022\/01\/AG_CD05_1989.pdf\">Assembl\u00e9e G\u00e9n\u00e9rale 1989<\/a><a href=\"https:\/\/hautesalpes-athletisme.fr\/wp-content\/uploads\/2022\/01\/AG_CD05_1989.pdf\" class=\"wp-block-file__button\" download aria-describedby=\"wp-block-file--media-4f2402ad-d846-4acb-876b-46269335b315\">T\u00e9l\u00e9charger<\/a><\/div>\n\n\n\n<p><\/p>\n\n\n\n<div data-wp-interactive=\"core\/file\" class=\"wp-block-file\"><object data-wp-bind--hidden=\"!state.hasPdfPreview\" hidden class=\"wp-block-file__embed\" data=\"https:\/\/hautesalpes-athletisme.fr\/wp-content\/uploads\/2022\/01\/AG_CD05_1989_2.pdf\" type=\"application\/pdf\" style=\"width:100%;height:320px\" aria-label=\"Contenu embarqu\u00e9 Contenu embarqu\u00e9 l&apos;AG en image..\"><\/object><a id=\"wp-block-file--media-d3b89d1e-abbb-4c8c-95b5-e9196f6091cb\" href=\"https:\/\/hautesalpes-athletisme.fr\/wp-content\/uploads\/2022\/01\/AG_CD05_1989_2.pdf\">l&rsquo;AG en image<\/a><a href=\"https:\/\/hautesalpes-athletisme.fr\/wp-content\/uploads\/2022\/01\/AG_CD05_1989_2.pdf\" class=\"wp-block-file__button\" download aria-describedby=\"wp-block-file--media-d3b89d1e-abbb-4c8c-95b5-e9196f6091cb\">T\u00e9l\u00e9charger<\/a><\/div>\n\n\n\n<h2 class=\"wp-block-heading\" id=\"1990\"><strong>1990<\/strong><\/h2>\n\n\n\n<p><strong>14 d\u00e9cembre<\/strong> : <\/p>\n\n\n\n<div data-wp-interactive=\"core\/file\" class=\"wp-block-file\"><object data-wp-bind--hidden=\"!state.hasPdfPreview\" hidden class=\"wp-block-file__embed\" data=\"https:\/\/hautesalpes-athletisme.fr\/wp-content\/uploads\/2022\/01\/AG_CD05_1990.pdf\" type=\"application\/pdf\" style=\"width:100%;height:390px\" aria-label=\"Contenu embarqu\u00e9 Contenu embarqu\u00e9 Assembl\u00e9e G\u00e9n\u00e9rale 1990..\"><\/object><a id=\"wp-block-file--media-09269d63-bb55-4fb7-8ac2-f9f523b5508c\" href=\"https:\/\/hautesalpes-athletisme.fr\/wp-content\/uploads\/2022\/01\/AG_CD05_1990.pdf\">Assembl\u00e9e G\u00e9n\u00e9rale 1990<\/a><a href=\"https:\/\/hautesalpes-athletisme.fr\/wp-content\/uploads\/2022\/01\/AG_CD05_1990.pdf\" class=\"wp-block-file__button\" download aria-describedby=\"wp-block-file--media-09269d63-bb55-4fb7-8ac2-f9f523b5508c\">T\u00e9l\u00e9charger<\/a><\/div>\n\n\n\n<div data-wp-interactive=\"core\/file\" class=\"wp-block-file\"><object data-wp-bind--hidden=\"!state.hasPdfPreview\" hidden class=\"wp-block-file__embed\" data=\"https:\/\/hautesalpes-athletisme.fr\/wp-content\/uploads\/2022\/01\/AG_CD05_1990_2.pdf\" type=\"application\/pdf\" style=\"width:100%;height:300px\" aria-label=\"Contenu embarqu\u00e9 Contenu embarqu\u00e9 l&apos;AG 1990 en image..\"><\/object><a id=\"wp-block-file--media-7439803a-7bbd-4e1b-885d-3cd005d370d5\" href=\"https:\/\/hautesalpes-athletisme.fr\/wp-content\/uploads\/2022\/01\/AG_CD05_1990_2.pdf\">l&rsquo;AG 1990 en image<\/a><a href=\"https:\/\/hautesalpes-athletisme.fr\/wp-content\/uploads\/2022\/01\/AG_CD05_1990_2.pdf\" class=\"wp-block-file__button\" download aria-describedby=\"wp-block-file--media-7439803a-7bbd-4e1b-885d-3cd005d370d5\">T\u00e9l\u00e9charger<\/a><\/div>\n\n\n\n<p><\/p>\n\n\n\n<p><strong><em>A suivre : <\/em><\/strong><a href=\"https:\/\/hautesalpes-athletisme.fr\/?page_id=152\">1991 \u00e0 2000 <\/a><\/p>\n","protected":false},"excerpt":{"rendered":"<p>1979 Le 14 novembre a lieu la premi\u00e8re Assembl\u00e9e G\u00e9n\u00e9rale officielle. Elle annonce la cr\u00e9ation de deux clubs \u00e0 Veynes et Serre Chevalier. Par la presse : le texte fondateur du comit\u00e9 pr\u00e9sent\u00e9 par Louis VELEY en d\u00e9cembre 1978 : C&rsquo;est l&rsquo;ann\u00e9e o\u00f9 les r\u00e9sultats des Hauts Alpins au sein des trois clubs sont mis &hellip; <\/p>\n<p class=\"link-more\"><a href=\"https:\/\/hautesalpes-athletisme.fr\/?page_id=38\" class=\"more-link\">Continuer la lecture<span class=\"screen-reader-text\"> de &laquo;&nbsp;1979 \u00e0 1990&nbsp;&raquo;<\/span><\/a><\/p>\n","protected":false},"author":1,"featured_media":0,"parent":0,"menu_order":0,"comment_status":"open","ping_status":"closed","template":"","meta":{"footnotes":""},"class_list":["post-38","page","type-page","status-publish","hentry"],"_links":{"self":[{"href":"https:\/\/hautesalpes-athletisme.fr\/index.php?rest_route=\/wp\/v2\/pages\/38","targetHints":{"allow":["GET"]}}],"collection":[{"href":"https:\/\/hautesalpes-athletisme.fr\/index.php?rest_route=\/wp\/v2\/pages"}],"about":[{"href":"https:\/\/hautesalpes-athletisme.fr\/index.php?rest_route=\/wp\/v2\/types\/page"}],"author":[{"embeddable":true,"href":"https:\/\/hautesalpes-athletisme.fr\/index.php?rest_route=\/wp\/v2\/users\/1"}],"replies":[{"embeddable":true,"href":"https:\/\/hautesalpes-athletisme.fr\/index.php?rest_route=%2Fwp%2Fv2%2Fcomments&post=38"}],"version-history":[{"count":30,"href":"https:\/\/hautesalpes-athletisme.fr\/index.php?rest_route=\/wp\/v2\/pages\/38\/revisions"}],"predecessor-version":[{"id":330,"href":"https:\/\/hautesalpes-athletisme.fr\/index.php?rest_route=\/wp\/v2\/pages\/38\/revisions\/330"}],"wp:attachment":[{"href":"https:\/\/hautesalpes-athletisme.fr\/index.php?rest_route=%2Fwp%2Fv2%2Fmedia&parent=38"}],"curies":[{"name":"wp","href":"https:\/\/api.w.org\/{rel}","templated":true}]}}