{"id":424,"date":"2022-02-16T16:04:45","date_gmt":"2022-02-16T15:04:45","guid":{"rendered":"http:\/\/hautesalpes-athletisme.fr\/?page_id=424"},"modified":"2022-05-05T09:38:48","modified_gmt":"2022-05-05T07:38:48","slug":"lyc-st-joseph","status":"publish","type":"page","link":"https:\/\/hautesalpes-athletisme.fr\/?page_id=424","title":{"rendered":"CENTRE DEPARTEMENTAL D&rsquo;ENTRA\u00ceNEMENT"},"content":{"rendered":"\n<h2 class=\"wp-block-heading\" id=\"college-et-lycee-st-joseph-a-gap\">Coll\u00e8ge et Lyc\u00e9e St Joseph \u00e0 Gap<\/h2>\n\n\n\n<figure class=\"wp-block-image size-full\"><img loading=\"lazy\" decoding=\"async\" width=\"918\" height=\"405\" src=\"https:\/\/hautesalpes-athletisme.fr\/wp-content\/uploads\/2022\/02\/St-Joseph.jpg\" alt=\"\" class=\"wp-image-429\" srcset=\"https:\/\/hautesalpes-athletisme.fr\/wp-content\/uploads\/2022\/02\/St-Joseph.jpg 918w, https:\/\/hautesalpes-athletisme.fr\/wp-content\/uploads\/2022\/02\/St-Joseph-300x132.jpg 300w, https:\/\/hautesalpes-athletisme.fr\/wp-content\/uploads\/2022\/02\/St-Joseph-768x339.jpg 768w\" sizes=\"auto, (max-width: 767px) 89vw, (max-width: 1000px) 54vw, (max-width: 1071px) 543px, 580px\" \/><figcaption>Gymnase et parc arbor\u00e9 au centre ville, rue des pins<\/figcaption><\/figure>\n\n\n\n<p>Contact : <strong>Franck ROLLAND<\/strong> Salari\u00e9 du <strong>GAP HAUTES ALPES<\/strong> <strong>ATHLETISME <\/strong>                           T\u00e9l. : 06 50 67 03 86,  email :<a href=\"https:\/\/hautesalpes-athletisme.fr\/ghaa05@yahoo.fr\"><strong>\u00a0<em>ghaa05@yahoo.fr<\/em><\/strong><\/a>  <strong><em><a href=\"mailto:franckrolland05@gmail.com\">franckrolland05<\/a>@gmail.com<\/em><\/strong><\/p>\n\n\n\n<p><\/p>\n","protected":false},"excerpt":{"rendered":"<p>Coll\u00e8ge et Lyc\u00e9e St Joseph \u00e0 Gap Contact : Franck ROLLAND Salari\u00e9 du GAP HAUTES ALPES ATHLETISME T\u00e9l. : 06 50 67 03 86, email :\u00a0ghaa05@yahoo.fr franckrolland05@gmail.com<\/p>\n","protected":false},"author":5,"featured_media":0,"parent":0,"menu_order":0,"comment_status":"open","ping_status":"closed","template":"","meta":{"footnotes":""},"class_list":["post-424","page","type-page","status-publish","hentry"],"_links":{"self":[{"href":"https:\/\/hautesalpes-athletisme.fr\/index.php?rest_route=\/wp\/v2\/pages\/424","targetHints":{"allow":["GET"]}}],"collection":[{"href":"https:\/\/hautesalpes-athletisme.fr\/index.php?rest_route=\/wp\/v2\/pages"}],"about":[{"href":"https:\/\/hautesalpes-athletisme.fr\/index.php?rest_route=\/wp\/v2\/types\/page"}],"author":[{"embeddable":true,"href":"https:\/\/hautesalpes-athletisme.fr\/index.php?rest_route=\/wp\/v2\/users\/5"}],"replies":[{"embeddable":true,"href":"https:\/\/hautesalpes-athletisme.fr\/index.php?rest_route=%2Fwp%2Fv2%2Fcomments&post=424"}],"version-history":[{"count":11,"href":"https:\/\/hautesalpes-athletisme.fr\/index.php?rest_route=\/wp\/v2\/pages\/424\/revisions"}],"predecessor-version":[{"id":679,"href":"https:\/\/hautesalpes-athletisme.fr\/index.php?rest_route=\/wp\/v2\/pages\/424\/revisions\/679"}],"wp:attachment":[{"href":"https:\/\/hautesalpes-athletisme.fr\/index.php?rest_route=%2Fwp%2Fv2%2Fmedia&parent=424"}],"curies":[{"name":"wp","href":"https:\/\/api.w.org\/{rel}","templated":true}]}}