{"id":495,"date":"2022-02-23T11:19:43","date_gmt":"2022-02-23T10:19:43","guid":{"rendered":"http:\/\/hautesalpes-athletisme.fr\/?page_id=495"},"modified":"2022-06-19T18:33:31","modified_gmt":"2022-06-19T16:33:31","slug":"marche-nordique","status":"publish","type":"page","link":"https:\/\/hautesalpes-athletisme.fr\/?page_id=495","title":{"rendered":"MARCHE NORDIQUE"},"content":{"rendered":"\n<p>L&rsquo;activit\u00e9 est propos\u00e9e par deux clubs du d\u00e9partement : <\/p>\n\n\n\n<p>A <strong>Gap<\/strong> par <strong>Emilie THIERY<\/strong>, salari\u00e9e du  <a href=\"https:\/\/hautesalpes-athletisme.fr\/?page_id=76\"><em><strong>GAP HAUTES ALPES ATHLETISME<\/strong><\/em> <\/a><\/p>\n\n\n\n<p> et <strong>Embrun<\/strong> : <a href=\"https:\/\/hautesalpes-athletisme.fr\/?page_id=84\"><strong><em>EMBRUNAIS ATHLETIC CLUB<\/em><\/strong> <\/a><\/p>\n\n\n\n<p>Essentiellement en pratique de loisir.<\/p>\n\n\n\n<p>L&rsquo;organisation de <strong>\u00ab\u00a0l&rsquo;APPEL d&rsquo;AIR\u00a0\u00bb<\/strong> permet la pratique comp\u00e9titive depuis 2020.<\/p>\n\n\n\n<p>En <strong>2021<\/strong>, l&rsquo;\u00e9preuve a rev\u00eatu le label de Championnat R\u00e9gional en partenariat avec la <strong>Ligue Sud d&rsquo;Athl\u00e9tisme<\/strong>. Le d\u00e9partement \u00e9tait repr\u00e9sent\u00e9 par : <\/p>\n\n\n<div class=\"wp-block-image\">\n<figure class=\"alignleft size-large is-resized\"><img loading=\"lazy\" decoding=\"async\" src=\"https:\/\/hautesalpes-athletisme.fr\/wp-content\/uploads\/2022\/02\/Meger_Jerome-1024x693.jpg\" alt=\"\" class=\"wp-image-497\" width=\"556\" height=\"376\" srcset=\"https:\/\/hautesalpes-athletisme.fr\/wp-content\/uploads\/2022\/02\/Meger_Jerome-1024x693.jpg 1024w, https:\/\/hautesalpes-athletisme.fr\/wp-content\/uploads\/2022\/02\/Meger_Jerome-300x203.jpg 300w, https:\/\/hautesalpes-athletisme.fr\/wp-content\/uploads\/2022\/02\/Meger_Jerome-768x520.jpg 768w, https:\/\/hautesalpes-athletisme.fr\/wp-content\/uploads\/2022\/02\/Meger_Jerome.jpg 1417w\" sizes=\"auto, (max-width: 556px) 100vw, 556px\" \/><figcaption><strong>J\u00e9r\u00f4me MEYER<\/strong><\/figcaption><\/figure>\n<\/div>\n\n<div class=\"wp-block-image\">\n<figure class=\"alignright size-full is-resized\"><img loading=\"lazy\" decoding=\"async\" src=\"https:\/\/hautesalpes-athletisme.fr\/wp-content\/uploads\/2022\/02\/Galli_Catherine.jpg\" alt=\"\" class=\"wp-image-498\" width=\"562\" height=\"370\" srcset=\"https:\/\/hautesalpes-athletisme.fr\/wp-content\/uploads\/2022\/02\/Galli_Catherine.jpg 1009w, https:\/\/hautesalpes-athletisme.fr\/wp-content\/uploads\/2022\/02\/Galli_Catherine-300x198.jpg 300w, https:\/\/hautesalpes-athletisme.fr\/wp-content\/uploads\/2022\/02\/Galli_Catherine-768x506.jpg 768w\" sizes=\"auto, (max-width: 562px) 100vw, 562px\" \/><figcaption><strong>Catherine GALLI<\/strong><\/figcaption><\/figure>\n<\/div>\n\n<div class=\"wp-block-image\">\n<figure class=\"alignleft size-large is-resized\"><img loading=\"lazy\" decoding=\"async\" src=\"https:\/\/hautesalpes-athletisme.fr\/wp-content\/uploads\/2022\/02\/Charles_Franck-1024x753.jpg\" alt=\"\" class=\"wp-image-499\" width=\"555\" height=\"408\" srcset=\"https:\/\/hautesalpes-athletisme.fr\/wp-content\/uploads\/2022\/02\/Charles_Franck-1024x753.jpg 1024w, https:\/\/hautesalpes-athletisme.fr\/wp-content\/uploads\/2022\/02\/Charles_Franck-300x221.jpg 300w, https:\/\/hautesalpes-athletisme.fr\/wp-content\/uploads\/2022\/02\/Charles_Franck-768x565.jpg 768w, https:\/\/hautesalpes-athletisme.fr\/wp-content\/uploads\/2022\/02\/Charles_Franck.jpg 1203w\" sizes=\"auto, (max-width: 555px) 100vw, 555px\" \/><figcaption><strong>Franck CHARLES<\/strong> et &#8230;<\/figcaption><\/figure>\n<\/div>\n\n\n<p><strong>Version 2022 <\/strong>: <a href=\"https:\/\/hautesalpes-athletisme.fr\/?p=797\">L\u2019Appel d\u2019Air 2022 \u2026<\/a><\/p>\n","protected":false},"excerpt":{"rendered":"<p>L&rsquo;activit\u00e9 est propos\u00e9e par deux clubs du d\u00e9partement : A Gap par Emilie THIERY, salari\u00e9e du GAP HAUTES ALPES ATHLETISME et Embrun : EMBRUNAIS ATHLETIC CLUB Essentiellement en pratique de loisir. L&rsquo;organisation de \u00ab\u00a0l&rsquo;APPEL d&rsquo;AIR\u00a0\u00bb permet la pratique comp\u00e9titive depuis 2020. En 2021, l&rsquo;\u00e9preuve a rev\u00eatu le label de Championnat R\u00e9gional en partenariat avec la &hellip; <\/p>\n<p class=\"link-more\"><a href=\"https:\/\/hautesalpes-athletisme.fr\/?page_id=495\" class=\"more-link\">Continuer la lecture<span class=\"screen-reader-text\"> de &laquo;&nbsp;MARCHE NORDIQUE&nbsp;&raquo;<\/span><\/a><\/p>\n","protected":false},"author":4,"featured_media":496,"parent":0,"menu_order":0,"comment_status":"open","ping_status":"closed","template":"","meta":{"footnotes":""},"class_list":["post-495","page","type-page","status-publish","has-post-thumbnail","hentry"],"_links":{"self":[{"href":"https:\/\/hautesalpes-athletisme.fr\/index.php?rest_route=\/wp\/v2\/pages\/495","targetHints":{"allow":["GET"]}}],"collection":[{"href":"https:\/\/hautesalpes-athletisme.fr\/index.php?rest_route=\/wp\/v2\/pages"}],"about":[{"href":"https:\/\/hautesalpes-athletisme.fr\/index.php?rest_route=\/wp\/v2\/types\/page"}],"author":[{"embeddable":true,"href":"https:\/\/hautesalpes-athletisme.fr\/index.php?rest_route=\/wp\/v2\/users\/4"}],"replies":[{"embeddable":true,"href":"https:\/\/hautesalpes-athletisme.fr\/index.php?rest_route=%2Fwp%2Fv2%2Fcomments&post=495"}],"version-history":[{"count":6,"href":"https:\/\/hautesalpes-athletisme.fr\/index.php?rest_route=\/wp\/v2\/pages\/495\/revisions"}],"predecessor-version":[{"id":810,"href":"https:\/\/hautesalpes-athletisme.fr\/index.php?rest_route=\/wp\/v2\/pages\/495\/revisions\/810"}],"wp:featuredmedia":[{"embeddable":true,"href":"https:\/\/hautesalpes-athletisme.fr\/index.php?rest_route=\/wp\/v2\/media\/496"}],"wp:attachment":[{"href":"https:\/\/hautesalpes-athletisme.fr\/index.php?rest_route=%2Fwp%2Fv2%2Fmedia&parent=495"}],"curies":[{"name":"wp","href":"https:\/\/api.w.org\/{rel}","templated":true}]}}