{"id":554,"date":"2022-03-10T18:40:13","date_gmt":"2022-03-10T17:40:13","guid":{"rendered":"http:\/\/hautesalpes-athletisme.fr\/?page_id=554"},"modified":"2022-03-14T16:13:28","modified_gmt":"2022-03-14T15:13:28","slug":"benevoles","status":"publish","type":"page","link":"https:\/\/hautesalpes-athletisme.fr\/?page_id=554","title":{"rendered":"BENEVOLES"},"content":{"rendered":"\n<h2 class=\"wp-block-heading\">Soyez les bienvenus !<\/h2>\n\n\n\n<p>Le comit\u00e9 d\u00e9partemental recherche de l&rsquo;aide pour assister les officiels sur les stades.<\/p>\n\n\n\n<p>Un dispositif de <strong>formation<\/strong> locale est pr\u00e9vu pour vous accompagner.<\/p>\n\n\n\n<p>Vous pouvez contacter directement les clubs pour assister les \u00e9ducateurs lors de entra\u00eenements : voir <a href=\"https:\/\/hautesalpes-athletisme.fr\/?page_id=72\">CLUBS <\/a><\/p>\n\n\n\n<p>ou vous inscrire dans le cadre des \u00ab\u00a0COMMENTAIRES\u00a0\u00bb, ci-dessous, pour assister les officiels lors des comp\u00e9titions : voir <a href=\"https:\/\/hautesalpes-athletisme.fr\/?page_id=140\">CALENDRIERS <\/a><\/p>\n","protected":false},"excerpt":{"rendered":"<p>Soyez les bienvenus ! Le comit\u00e9 d\u00e9partemental recherche de l&rsquo;aide pour assister les officiels sur les stades. Un dispositif de formation locale est pr\u00e9vu pour vous accompagner. Vous pouvez contacter directement les clubs pour assister les \u00e9ducateurs lors de entra\u00eenements : voir CLUBS ou vous inscrire dans le cadre des \u00ab\u00a0COMMENTAIRES\u00a0\u00bb, ci-dessous, pour assister les &hellip; <\/p>\n<p class=\"link-more\"><a href=\"https:\/\/hautesalpes-athletisme.fr\/?page_id=554\" class=\"more-link\">Continuer la lecture<span class=\"screen-reader-text\"> de &laquo;&nbsp;BENEVOLES&nbsp;&raquo;<\/span><\/a><\/p>\n","protected":false},"author":1,"featured_media":0,"parent":0,"menu_order":0,"comment_status":"open","ping_status":"closed","template":"","meta":{"footnotes":""},"class_list":["post-554","page","type-page","status-publish","hentry"],"_links":{"self":[{"href":"https:\/\/hautesalpes-athletisme.fr\/index.php?rest_route=\/wp\/v2\/pages\/554","targetHints":{"allow":["GET"]}}],"collection":[{"href":"https:\/\/hautesalpes-athletisme.fr\/index.php?rest_route=\/wp\/v2\/pages"}],"about":[{"href":"https:\/\/hautesalpes-athletisme.fr\/index.php?rest_route=\/wp\/v2\/types\/page"}],"author":[{"embeddable":true,"href":"https:\/\/hautesalpes-athletisme.fr\/index.php?rest_route=\/wp\/v2\/users\/1"}],"replies":[{"embeddable":true,"href":"https:\/\/hautesalpes-athletisme.fr\/index.php?rest_route=%2Fwp%2Fv2%2Fcomments&post=554"}],"version-history":[{"count":5,"href":"https:\/\/hautesalpes-athletisme.fr\/index.php?rest_route=\/wp\/v2\/pages\/554\/revisions"}],"predecessor-version":[{"id":577,"href":"https:\/\/hautesalpes-athletisme.fr\/index.php?rest_route=\/wp\/v2\/pages\/554\/revisions\/577"}],"wp:attachment":[{"href":"https:\/\/hautesalpes-athletisme.fr\/index.php?rest_route=%2Fwp%2Fv2%2Fmedia&parent=554"}],"curies":[{"name":"wp","href":"https:\/\/api.w.org\/{rel}","templated":true}]}}