{"id":67,"date":"2022-01-06T16:30:38","date_gmt":"2022-01-06T15:30:38","guid":{"rendered":"http:\/\/hautesalpes-athletisme.fr\/?page_id=67"},"modified":"2026-03-19T18:22:38","modified_gmt":"2026-03-19T17:22:38","slug":"scolaires","status":"publish","type":"page","link":"https:\/\/hautesalpes-athletisme.fr\/?page_id=67","title":{"rendered":"SCOLAIRES"},"content":{"rendered":"\n<h2 class=\"wp-block-heading\">Relation avec les F\u00e9d\u00e9rations Scolaires : USEP, UNSS et Relation Club\/Etablissements scolaires.<\/h2>\n\n\n\n<p>Depuis 1979, les relations avec le milieu scolaire a connu des temps forts par le biais de r\u00e9union de commissions mixtes d\u00e9partementales lors desquelles les calendriers \u00e9taient harmonis\u00e9s. Des \u00e9preuves \u00ab\u00a0mixtes\u00a0\u00bb UNSS\/FFA g\u00e9r\u00e9es conjointement par les deux comit\u00e9s avaient r\u00e9guli\u00e8rement lieu au mois de juin.<\/p>\n\n\n\n<p>Pour les A.S. scolaires et l&rsquo;av\u00e8nement des comp\u00e9titions par \u00e9quipes et des \u00ab\u00a0<strong>Jeux de l&rsquo;UNSS<\/strong>\u00a0\u00bb en <strong>1980<\/strong>, cela a permis de d\u00e9boucher r\u00e9guli\u00e8rement \u00e0 des \u00e9ch\u00e9ances nationales. L&rsquo;int\u00e9gration des jeunes athl\u00e8tes volontaires, form\u00e9s en club, \u00e0 des \u00e9quipes constitu\u00e9es de jeunes coll\u00e9giens ou lyc\u00e9ens form\u00e9s dans leur \u00e9tablissement a permis d&rsquo;atteindre le niveau national de performance collective.<\/p>\n\n\n\n<p>Les \u00e9tablissements les plus en vue dans cette perspective ont \u00e9t\u00e9 :<\/p>\n\n\n\n<p>Le <strong>Coll\u00e8ge de Veynes<\/strong> avec <strong>Fran\u00e7oise et Claude BRIAND<\/strong>, en lien avec le club de Veynes au d\u00e9but des ann\u00e9es 80.<\/p>\n\n\n\n<p>Le<strong> Coll\u00e8ge Centre<\/strong> de Gap avec <strong>Christian DURAND<\/strong> en lien avec les clubs de Gap (ASPTT et US Gap) mais, surtout, avec le milieu du Football par le biais de la section sportive qu&rsquo;il animait. <\/p>\n\n\n\n<p>Le <strong>Coll\u00e8ge de Fontreyne<\/strong> de Gap en lien avec les clubs de Gap, pr\u00e9sent \u00e0 toutes les \u00e9ch\u00e9ances nationales entre 1988 et les derniers jeux de l&rsquo;UNSS \u00e0 Dijon en 2006. En point d&rsquo;orgue : le grand chelem \u00e0 <strong>Poitier<\/strong> avec quatre \u00e9quipes qualifi\u00e9es (benjamines, benjamins et minimes filles et gar\u00e7ons). Au total, sur une vingtaine d&rsquo;ann\u00e9es, <strong>35 \u00e9quipes<\/strong> du coll\u00e8ge ont particip\u00e9 aux jeux nationaux ou aux championnats de France de l&rsquo;UNSS, avec constance : au moins 1 \u00e9quipe par an.<\/p>\n\n\n\n<p>Le <strong>Coll\u00e8ge Les Ecrins d&rsquo;Embrun<\/strong> avec <strong>Bernard FAURE<\/strong> en lien \u00e9troit avec le club local depuis 2007.<\/p>\n\n\n\n<p>En <strong>Cross-Country <\/strong>o\u00f9 l&rsquo;effectif et le niveau des comp\u00e9titions sont les plus \u00e9lev\u00e9s, il faut rajouter la pr\u00e9sence du <strong>Coll\u00e8ge des Garcins<\/strong> de Brian\u00e7on et de <strong>St Bonnet<\/strong> qui s&rsquo;appuyaient sur leur section sportive ski pour pouvoir figurer tr\u00e8s honorablement.<\/p>\n\n\n\n<p>Le <strong>Lyc\u00e9e Aristide Briand<\/strong> de Gap participait r\u00e9guli\u00e8rement aux \u00e9ch\u00e9ances nationales. Il \u00e9tait en lien \u00e9troit avec le <strong>Gap Hautes Alpes Athl\u00e9tisme<\/strong> par le biais de l&rsquo;option qu&rsquo;il avait mise en place anim\u00e9e par <strong>Philippe BARON<\/strong>.<\/p>\n\n\n\n<p>L&rsquo;Athl\u00e9tisme a totalement \u00e9t\u00e9 exclue des calendriers UNSS d\u00e9partementaux depuis 2010. Seul persiste le <strong>CROSS COUNTRY<\/strong> o\u00f9 les Hautes Alpes se distinguent toujours par les effectifs des comp\u00e9titions et les r\u00e9sultats au plus haut niveau.<\/p>\n\n\n\n<p>Heureusement en <strong>2021<\/strong> : <a href=\"https:\/\/hautesalpes-athletisme.fr\/?p=50\">ENFIN ! <\/a><\/p>\n\n\n\n<p>puis en <strong>2022<\/strong> : <a href=\"https:\/\/hautesalpes-athletisme.fr\/?p=622\">Deux \u00e9tablissements scolaires en comp\u00e9tition \u00e0 Digne.<\/a><\/p>\n\n\n\n<p>et : <a href=\"https:\/\/hautesalpes-athletisme.fr\/?p=861\">L\u2019Athl\u00e9tisme Scolaire rena\u00eet dans les Hautes Alpes <\/a><\/p>\n\n\n\n<p>plus  : <a href=\"https:\/\/hautesalpes-athletisme.fr\/?p=905\">Championnats d\u2019Acad\u00e9mie \u00e0 Miramas \u2026 <\/a><\/p>\n\n\n\n<p>En<strong> 2023<\/strong> : <a href=\"https:\/\/hautesalpes-athletisme.fr\/?p=929\">L\u2019\u00e9quipe de Saint Joseph aux Championnats de France U.N.S.S. \u2026 <\/a><\/p>\n\n\n\n<p>En <strong>2024<\/strong> : <a href=\"https:\/\/hautesalpes-athletisme.fr\/?p=1468\">Championnats bi-acad\u00e9miques U.N.S.S. \u2026 <\/a><\/p>\n\n\n\n<p>En <strong>2025<\/strong> : <a href=\"https:\/\/hautesalpes-athletisme.fr\/?p=2082\">Journ\u00e9e d\u2019Athl\u00e9tisme UNSS<\/a>, <a href=\"https:\/\/hautesalpes-athletisme.fr\/?p=2315\">Une deuxi\u00e8me journ\u00e9e UNSS <\/a><\/p>\n\n\n\n<p>En <strong>2026<\/strong> : <a href=\"https:\/\/hautesalpes-athletisme.fr\/?p=2431\">Une journ\u00e9e de district UNSS<\/a>, <\/p>\n\n\n\n<p>En <strong>1978,<\/strong> l&rsquo;Athl\u00e9tisme Scolaire faisant la \u00ab\u00a0une\u00a0\u00bb des journaux :<\/p>\n\n\n\n<div data-wp-interactive=\"core\/file\" class=\"wp-block-file\"><object data-wp-bind--hidden=\"!state.hasPdfPreview\" hidden class=\"wp-block-file__embed\" data=\"https:\/\/hautesalpes-athletisme.fr\/wp-content\/uploads\/2022\/01\/ASSU.pdf\" type=\"application\/pdf\" style=\"width:100%;height:200px\" aria-label=\"Contenu embarqu\u00e9 A.S.S.U. 78.\"><\/object><a id=\"wp-block-file--media-42f3cd48-4108-4578-b03a-b99c33b4cefa\" href=\"https:\/\/hautesalpes-athletisme.fr\/wp-content\/uploads\/2022\/01\/ASSU.pdf\">A.S.S.U. 78<\/a><a href=\"https:\/\/hautesalpes-athletisme.fr\/wp-content\/uploads\/2022\/01\/ASSU.pdf\" class=\"wp-block-file__button wp-element-button\" download aria-describedby=\"wp-block-file--media-42f3cd48-4108-4578-b03a-b99c33b4cefa\">T\u00e9l\u00e9charger<\/a><\/div>\n\n\n\n<p><strong>Dans les ann\u00e9es 60<\/strong>, Le Dauphin\u00e9 lib\u00e9r\u00e9 consacrait des <strong>pages enti\u00e8res<\/strong> \u00e0 l&rsquo;Athl\u00e9tisme<strong> ASSU<\/strong> : Championnats de district, Championnats d\u00e9partementaux individuels et par \u00e9quipes, rencontres Hautes Alpes\/Basses Alpes &#8230;<\/p>\n\n\n\n<p> Des <strong>demi pages <\/strong>relataient m\u00eame \u00ab\u00a0La journ\u00e9e des records\u00a0\u00bb et les Journ\u00e9es UFOLEP organis\u00e9es conjointement avec l&rsquo;ASSU le Dimanche.<\/p>\n\n\n\n<div data-wp-interactive=\"core\/file\" class=\"wp-block-file\"><object data-wp-bind--hidden=\"!state.hasPdfPreview\" hidden class=\"wp-block-file__embed\" data=\"https:\/\/hautesalpes-athletisme.fr\/wp-content\/uploads\/2025\/02\/ASSU_Annee_60.pdf\" type=\"application\/pdf\" style=\"width:100%;height:240px\" aria-label=\"Contenu embarqu\u00e9 ASSU des Ann\u00e9es-60.\"><\/object><a id=\"wp-block-file--media-c7f4cbc4-4800-41c0-af03-2853d3006235\" href=\"https:\/\/hautesalpes-athletisme.fr\/wp-content\/uploads\/2025\/02\/ASSU_Annee_60.pdf\">ASSU des Ann\u00e9es-60<\/a><a href=\"https:\/\/hautesalpes-athletisme.fr\/wp-content\/uploads\/2025\/02\/ASSU_Annee_60.pdf\" class=\"wp-block-file__button wp-element-button\" download aria-describedby=\"wp-block-file--media-c7f4cbc4-4800-41c0-af03-2853d3006235\">T\u00e9l\u00e9charger<\/a><\/div>\n\n\n\n<p><\/p>\n","protected":false},"excerpt":{"rendered":"<p>Relation avec les F\u00e9d\u00e9rations Scolaires : USEP, UNSS et Relation Club\/Etablissements scolaires. Depuis 1979, les relations avec le milieu scolaire a connu des temps forts par le biais de r\u00e9union de commissions mixtes d\u00e9partementales lors desquelles les calendriers \u00e9taient harmonis\u00e9s. Des \u00e9preuves \u00ab\u00a0mixtes\u00a0\u00bb UNSS\/FFA g\u00e9r\u00e9es conjointement par les deux comit\u00e9s avaient r\u00e9guli\u00e8rement lieu au mois &hellip; <\/p>\n<p class=\"link-more\"><a href=\"https:\/\/hautesalpes-athletisme.fr\/?page_id=67\" class=\"more-link\">Continuer la lecture<span class=\"screen-reader-text\"> de &laquo;&nbsp;SCOLAIRES&nbsp;&raquo;<\/span><\/a><\/p>\n","protected":false},"author":1,"featured_media":0,"parent":0,"menu_order":0,"comment_status":"closed","ping_status":"closed","template":"","meta":{"footnotes":""},"class_list":["post-67","page","type-page","status-publish","hentry"],"_links":{"self":[{"href":"https:\/\/hautesalpes-athletisme.fr\/index.php?rest_route=\/wp\/v2\/pages\/67","targetHints":{"allow":["GET"]}}],"collection":[{"href":"https:\/\/hautesalpes-athletisme.fr\/index.php?rest_route=\/wp\/v2\/pages"}],"about":[{"href":"https:\/\/hautesalpes-athletisme.fr\/index.php?rest_route=\/wp\/v2\/types\/page"}],"author":[{"embeddable":true,"href":"https:\/\/hautesalpes-athletisme.fr\/index.php?rest_route=\/wp\/v2\/users\/1"}],"replies":[{"embeddable":true,"href":"https:\/\/hautesalpes-athletisme.fr\/index.php?rest_route=%2Fwp%2Fv2%2Fcomments&post=67"}],"version-history":[{"count":20,"href":"https:\/\/hautesalpes-athletisme.fr\/index.php?rest_route=\/wp\/v2\/pages\/67\/revisions"}],"predecessor-version":[{"id":2443,"href":"https:\/\/hautesalpes-athletisme.fr\/index.php?rest_route=\/wp\/v2\/pages\/67\/revisions\/2443"}],"wp:attachment":[{"href":"https:\/\/hautesalpes-athletisme.fr\/index.php?rest_route=%2Fwp%2Fv2%2Fmedia&parent=67"}],"curies":[{"name":"wp","href":"https:\/\/api.w.org\/{rel}","templated":true}]}}