{"id":72,"date":"2022-01-06T16:49:14","date_gmt":"2022-01-06T15:49:14","guid":{"rendered":"http:\/\/hautesalpes-athletisme.fr\/?page_id=72"},"modified":"2025-01-05T17:24:03","modified_gmt":"2025-01-05T16:24:03","slug":"clubs","status":"publish","type":"page","link":"https:\/\/hautesalpes-athletisme.fr\/?page_id=72","title":{"rendered":"CLUBS"},"content":{"rendered":"\n<h2 class=\"wp-block-heading\">Gap Hautes Alpes Athl\u00e9tisme <\/h2>\n\n\n\n<h2 class=\"wp-block-heading\">Serre Chevalier Brian\u00e7on Athl\u00e9tisme<\/h2>\n\n\n\n<h2 class=\"wp-block-heading\">Embrunais Athl\u00e9tic Club<\/h2>\n\n\n\n<h2 class=\"wp-block-heading\">C.A. Veynes<\/h2>\n\n\n\n<h2 class=\"wp-block-heading\">Guil Trail Club<\/h2>\n\n\n\n<h2 class=\"wp-block-heading\">Club Athl\u00e9 Trail en Argenti\u00e9rois<\/h2>\n\n\n\n<h2 class=\"wp-block-heading\">Trail Running Altitude<\/h2>\n\n\n\n<p><\/p>\n\n\n\n<p><\/p>\n","protected":false},"excerpt":{"rendered":"<p>Gap Hautes Alpes Athl\u00e9tisme Serre Chevalier Brian\u00e7on Athl\u00e9tisme Embrunais Athl\u00e9tic Club C.A. Veynes Guil Trail Club Club Athl\u00e9 Trail en Argenti\u00e9rois Trail Running Altitude<\/p>\n","protected":false},"author":1,"featured_media":0,"parent":0,"menu_order":0,"comment_status":"closed","ping_status":"closed","template":"","meta":{"footnotes":""},"class_list":["post-72","page","type-page","status-publish","hentry"],"_links":{"self":[{"href":"https:\/\/hautesalpes-athletisme.fr\/index.php?rest_route=\/wp\/v2\/pages\/72","targetHints":{"allow":["GET"]}}],"collection":[{"href":"https:\/\/hautesalpes-athletisme.fr\/index.php?rest_route=\/wp\/v2\/pages"}],"about":[{"href":"https:\/\/hautesalpes-athletisme.fr\/index.php?rest_route=\/wp\/v2\/types\/page"}],"author":[{"embeddable":true,"href":"https:\/\/hautesalpes-athletisme.fr\/index.php?rest_route=\/wp\/v2\/users\/1"}],"replies":[{"embeddable":true,"href":"https:\/\/hautesalpes-athletisme.fr\/index.php?rest_route=%2Fwp%2Fv2%2Fcomments&post=72"}],"version-history":[{"count":5,"href":"https:\/\/hautesalpes-athletisme.fr\/index.php?rest_route=\/wp\/v2\/pages\/72\/revisions"}],"predecessor-version":[{"id":1834,"href":"https:\/\/hautesalpes-athletisme.fr\/index.php?rest_route=\/wp\/v2\/pages\/72\/revisions\/1834"}],"wp:attachment":[{"href":"https:\/\/hautesalpes-athletisme.fr\/index.php?rest_route=%2Fwp%2Fv2%2Fmedia&parent=72"}],"curies":[{"name":"wp","href":"https:\/\/api.w.org\/{rel}","templated":true}]}}