{"id":80,"date":"2022-01-06T16:54:09","date_gmt":"2022-01-06T15:54:09","guid":{"rendered":"http:\/\/hautesalpes-athletisme.fr\/?page_id=80"},"modified":"2025-01-07T10:17:48","modified_gmt":"2025-01-07T09:17:48","slug":"serre-chelalier-briancon","status":"publish","type":"page","link":"https:\/\/hautesalpes-athletisme.fr\/?page_id=80","title":{"rendered":"SERRE CHELALIER BRIANCON ATHLETISME"},"content":{"rendered":"<div class=\"wp-block-image\">\n<figure class=\"aligncenter\"><img decoding=\"async\" src=\"https:\/\/site.assoconnect.com\/services\/storage?id=1520428&amp;type=picture&amp;secret=is12jsnOVfbBeqdSXvAVdyF6OAiuMa3WnFSYsZ9k&amp;timestamp=1618222997\" alt=\"\"\/><\/figure>\n<\/div>\n\n\n<h2 class=\"wp-block-heading\">Contacts : <\/h2>\n\n\n\n<p><strong>Aymeric BESSON<\/strong> t\u00e9l.: <strong>06 16 47 36 88<\/strong><\/p>\n\n\n\n<p><strong>Franck CHARLES<\/strong> t\u00e9l. : <strong>07 85 96 64 58<\/strong> <\/p>\n\n\n\n<p>Pr\u00e9sident : <strong>Gilles VANHEULE<\/strong><\/p>\n\n\n\n<p>Vice Pr\u00e9sident : <strong>Eric PEIRONNET<\/strong> t\u00e9l. : <strong>06 07 25 38 50<\/strong>, <\/p>\n\n\n\n<p>email : <strong><em><a href=\"mailto:eric.peironnet@wanadoo.fr\">eric.peironnet@wanadoo.fr<\/a><\/em><\/strong><\/p>\n\n\n\n<p>Secr\u00e9taire : <strong>Aymeric BESSON<\/strong> t\u00e9l.: <strong>06 16 47 36 88<\/strong>, <\/p>\n\n\n\n<p>email : <strong><em><a href=\"mailto:aybesson@gmail.com\">aybesson@gmail.com<\/a><\/em><\/strong><\/p>\n\n\n\n<p>Tr\u00e9sorier : <strong>Bruno LARBEY<\/strong> t\u00e9l. : <strong>06 01 84 00 57<\/strong><\/p>\n\n\n\n<p>email : <strong><em><a href=\"mailto:bruno.labey1@9online.fr\">bruno.larbey1@9online.fr<\/a><\/em><\/strong><\/p>\n\n\n\n<p>Hors stade : <strong>Mathilde BELIN<\/strong> t\u00e9l. : <strong>06 02 28 65 93<\/strong>, <\/p>\n\n\n\n<p>email : <strong><em><a href=\"mailto:mathidebelin74@gmail.com\">mathidebelin74@gmail.com<\/a><\/em><\/strong><\/p>\n\n\n\n<p>Site Internet :<strong> <a href=\"https:\/\/www.scba05.fr\/\">scba05.fr<\/a><\/strong><\/p>\n","protected":false},"excerpt":{"rendered":"<p>Contacts : Aymeric BESSON t\u00e9l.: 06 16 47 36 88 Franck CHARLES t\u00e9l. : 07 85 96 64 58 Pr\u00e9sident : Gilles VANHEULE Vice Pr\u00e9sident : Eric PEIRONNET t\u00e9l. : 06 07 25 38 50, email : eric.peironnet@wanadoo.fr Secr\u00e9taire : Aymeric BESSON t\u00e9l.: 06 16 47 36 88, email : aybesson@gmail.com Tr\u00e9sorier : Bruno LARBEY &hellip; <\/p>\n<p class=\"link-more\"><a href=\"https:\/\/hautesalpes-athletisme.fr\/?page_id=80\" class=\"more-link\">Continuer la lecture<span class=\"screen-reader-text\"> de &laquo;&nbsp;SERRE CHELALIER BRIANCON ATHLETISME&nbsp;&raquo;<\/span><\/a><\/p>\n","protected":false},"author":2,"featured_media":0,"parent":0,"menu_order":0,"comment_status":"closed","ping_status":"closed","template":"","meta":{"footnotes":""},"class_list":["post-80","page","type-page","status-publish","hentry"],"_links":{"self":[{"href":"https:\/\/hautesalpes-athletisme.fr\/index.php?rest_route=\/wp\/v2\/pages\/80","targetHints":{"allow":["GET"]}}],"collection":[{"href":"https:\/\/hautesalpes-athletisme.fr\/index.php?rest_route=\/wp\/v2\/pages"}],"about":[{"href":"https:\/\/hautesalpes-athletisme.fr\/index.php?rest_route=\/wp\/v2\/types\/page"}],"author":[{"embeddable":true,"href":"https:\/\/hautesalpes-athletisme.fr\/index.php?rest_route=\/wp\/v2\/users\/2"}],"replies":[{"embeddable":true,"href":"https:\/\/hautesalpes-athletisme.fr\/index.php?rest_route=%2Fwp%2Fv2%2Fcomments&post=80"}],"version-history":[{"count":12,"href":"https:\/\/hautesalpes-athletisme.fr\/index.php?rest_route=\/wp\/v2\/pages\/80\/revisions"}],"predecessor-version":[{"id":1854,"href":"https:\/\/hautesalpes-athletisme.fr\/index.php?rest_route=\/wp\/v2\/pages\/80\/revisions\/1854"}],"wp:attachment":[{"href":"https:\/\/hautesalpes-athletisme.fr\/index.php?rest_route=%2Fwp%2Fv2%2Fmedia&parent=80"}],"curies":[{"name":"wp","href":"https:\/\/api.w.org\/{rel}","templated":true}]}}