{"id":88,"date":"2022-01-06T16:56:41","date_gmt":"2022-01-06T15:56:41","guid":{"rendered":"http:\/\/hautesalpes-athletisme.fr\/?page_id=88"},"modified":"2025-10-09T16:43:01","modified_gmt":"2025-10-09T14:43:01","slug":"c-a-veynes","status":"publish","type":"page","link":"https:\/\/hautesalpes-athletisme.fr\/?page_id=88","title":{"rendered":"C.A. VEYNES"},"content":{"rendered":"\n<figure class=\"wp-block-image size-full is-resized\"><img loading=\"lazy\" decoding=\"async\" width=\"500\" height=\"500\" src=\"https:\/\/hautesalpes-athletisme.fr\/wp-content\/uploads\/2025\/10\/Logo-2026b-blanc.jpeg\" alt=\"\" class=\"wp-image-2288\" style=\"width:338px;height:auto\" srcset=\"https:\/\/hautesalpes-athletisme.fr\/wp-content\/uploads\/2025\/10\/Logo-2026b-blanc.jpeg 500w, https:\/\/hautesalpes-athletisme.fr\/wp-content\/uploads\/2025\/10\/Logo-2026b-blanc-300x300.jpeg 300w, https:\/\/hautesalpes-athletisme.fr\/wp-content\/uploads\/2025\/10\/Logo-2026b-blanc-150x150.jpeg 150w, https:\/\/hautesalpes-athletisme.fr\/wp-content\/uploads\/2025\/10\/Logo-2026b-blanc-100x100.jpeg 100w\" sizes=\"auto, (max-width: 500px) 100vw, 500px\" \/><\/figure>\n\n\n\n<h2 class=\"wp-block-heading\">Contacts :<\/h2>\n\n\n\n<p>Pr\u00e9sident <strong>: Christian BOUTEILLE <\/strong><\/p>\n\n\n\n<p><strong>0603104931&nbsp;<a href=\"mailto:ch.bouteille@gmail.com\" target=\"_blank\" rel=\"noreferrer noopener\"><em>ch.bouteille@gmail.com<\/em><\/a><\/strong><\/p>\n\n\n\n<p>Vice-pr\u00e9sident <strong>: Christian GAILLARD <\/strong><\/p>\n\n\n\n<p><strong>0602682900&nbsp;<a href=\"mailto:christian.gaillard.05400@gmail.com\" target=\"_blank\" rel=\"noreferrer noopener\"><em>christian.gaillard.05400@gmail.com<\/em><\/a><\/strong><\/p>\n\n\n\n<p>Secr\u00e9taire g\u00e9n\u00e9ral<strong> : Eric BOUTEILLE <\/strong><\/p>\n\n\n\n<p><strong>0681139970&nbsp;<a href=\"mailto:eric.bouteille@laposte.net\" target=\"_blank\" rel=\"noreferrer noopener\"><em>eric.bouteille@laposte.net<\/em><\/a><\/strong><\/p>\n\n\n\n<p>Tr\u00e9sorier<strong> : Ludovic GUGLIOTTA                                          <\/strong><\/p>\n\n\n\n<p><strong> 0601015812&nbsp;<a href=\"mailto:gigi-ludo83@hotmail.fr\" target=\"_blank\" rel=\"noreferrer noopener\"><em>gigi-ludo83@hotmail.fr<\/em><\/a><\/strong><\/p>\n\n\n\n<p>Responsable Athl\u00e8tes<strong> : Francisco CORDIERO <\/strong><\/p>\n\n\n\n<p><strong>0637148296&nbsp;<a href=\"mailto:cordeiro.francisco@orange.fr\" target=\"_blank\" rel=\"noreferrer noopener\"><em>cordeiro.francisco@orange.fr<\/em><\/a><\/strong><\/p>\n\n\n\n<p>Site internet<strong> :&nbsp;<a href=\"https:\/\/club-athletique-veynois.assoconnect.com\/\" target=\"_blank\" rel=\"noreferrer noopener\"><em>https:\/\/club-athletique-veynois.assoconnect.com<\/em><\/a><\/strong><\/p>\n\n\n\n<p>Email club<strong> :&nbsp;<a href=\"mailto:caveynes@gmail.com\" target=\"_blank\" rel=\"noreferrer noopener\"><em>caveynes@gmail.com<\/em><\/a><\/strong><\/p>\n\n\n\n<p><\/p>\n\n\n\n<p><\/p>\n","protected":false},"excerpt":{"rendered":"<p>Contacts : Pr\u00e9sident : Christian BOUTEILLE 0603104931&nbsp;ch.bouteille@gmail.com Vice-pr\u00e9sident : Christian GAILLARD 0602682900&nbsp;christian.gaillard.05400@gmail.com Secr\u00e9taire g\u00e9n\u00e9ral : Eric BOUTEILLE 0681139970&nbsp;eric.bouteille@laposte.net Tr\u00e9sorier : Ludovic GUGLIOTTA 0601015812&nbsp;gigi-ludo83@hotmail.fr Responsable Athl\u00e8tes : Francisco CORDIERO 0637148296&nbsp;cordeiro.francisco@orange.fr Site internet :&nbsp;https:\/\/club-athletique-veynois.assoconnect.com Email club :&nbsp;caveynes@gmail.com<\/p>\n","protected":false},"author":1,"featured_media":0,"parent":0,"menu_order":0,"comment_status":"closed","ping_status":"closed","template":"","meta":{"footnotes":""},"class_list":["post-88","page","type-page","status-publish","hentry"],"_links":{"self":[{"href":"https:\/\/hautesalpes-athletisme.fr\/index.php?rest_route=\/wp\/v2\/pages\/88","targetHints":{"allow":["GET"]}}],"collection":[{"href":"https:\/\/hautesalpes-athletisme.fr\/index.php?rest_route=\/wp\/v2\/pages"}],"about":[{"href":"https:\/\/hautesalpes-athletisme.fr\/index.php?rest_route=\/wp\/v2\/types\/page"}],"author":[{"embeddable":true,"href":"https:\/\/hautesalpes-athletisme.fr\/index.php?rest_route=\/wp\/v2\/users\/1"}],"replies":[{"embeddable":true,"href":"https:\/\/hautesalpes-athletisme.fr\/index.php?rest_route=%2Fwp%2Fv2%2Fcomments&post=88"}],"version-history":[{"count":11,"href":"https:\/\/hautesalpes-athletisme.fr\/index.php?rest_route=\/wp\/v2\/pages\/88\/revisions"}],"predecessor-version":[{"id":2289,"href":"https:\/\/hautesalpes-athletisme.fr\/index.php?rest_route=\/wp\/v2\/pages\/88\/revisions\/2289"}],"wp:attachment":[{"href":"https:\/\/hautesalpes-athletisme.fr\/index.php?rest_route=%2Fwp%2Fv2%2Fmedia&parent=88"}],"curies":[{"name":"wp","href":"https:\/\/api.w.org\/{rel}","templated":true}]}}